{"id":6509,"date":"2021-07-23T06:59:16","date_gmt":"2021-07-23T06:59:16","guid":{"rendered":"http:\/\/patternhof.de\/?page_id=6509"},"modified":"2022-05-28T19:24:00","modified_gmt":"2022-05-28T19:24:00","slug":"hochwasserspenden","status":"publish","type":"page","link":"https:\/\/patternhof.de\/?page_id=6509","title":{"rendered":"Hochwasserspenden"},"content":{"rendered":"\t\t<div data-elementor-type=\"wp-page\" data-elementor-id=\"6509\" class=\"elementor elementor-6509\">\n\t\t\t\t\t\t<section class=\"elementor-section elementor-top-section elementor-element elementor-element-bf5047d elementor-section-boxed elementor-section-height-default elementor-section-height-default\" data-id=\"bf5047d\" data-element_type=\"section\">\n\t\t\t\t\t\t<div class=\"elementor-container elementor-column-gap-default\">\n\t\t\t\t\t<div class=\"elementor-column elementor-col-33 elementor-top-column elementor-element elementor-element-3bc3de7\" data-id=\"3bc3de7\" data-element_type=\"column\">\n\t\t\t<div class=\"elementor-widget-wrap elementor-element-populated\">\n\t\t\t\t\t\t<div class=\"elementor-element elementor-element-68e8803 elementor-view-default elementor-widget elementor-widget-icon\" data-id=\"68e8803\" data-element_type=\"widget\" data-widget_type=\"icon.default\">\n\t\t\t\t<div class=\"elementor-widget-container\">\n\t\t\t\t\t<div class=\"elementor-icon-wrapper\">\n\t\t\t<a class=\"elementor-icon elementor-animation-pop\" href=\"http:\/\/patternhof.de\">\n\t\t\t<i aria-hidden=\"true\" class=\"fas fa-home\"><\/i>\t\t\t<\/a>\n\t\t<\/div>\n\t\t\t\t<\/div>\n\t\t\t\t<\/div>\n\t\t\t\t\t<\/div>\n\t\t<\/div>\n\t\t\t\t<div class=\"elementor-column elementor-col-33 elementor-top-column elementor-element elementor-element-0027010\" data-id=\"0027010\" data-element_type=\"column\">\n\t\t\t<div class=\"elementor-widget-wrap elementor-element-populated\">\n\t\t\t\t\t\t<div class=\"elementor-element elementor-element-9ab9420 elementor-align-justify elementor-widget elementor-widget-button\" data-id=\"9ab9420\" data-element_type=\"widget\" data-widget_type=\"button.default\">\n\t\t\t\t<div class=\"elementor-widget-container\">\n\t\t\t\t\t<div class=\"elementor-button-wrapper\">\n\t\t\t<a class=\"elementor-button elementor-button-link elementor-size-sm\" href=\"https:\/\/patternhof.de\/?page_id=1358\">\n\t\t\t\t\t\t<span class=\"elementor-button-content-wrapper\">\n\t\t\t\t\t\t\t\t\t<span class=\"elementor-button-text\">F\u00f6rderverein<\/span>\n\t\t\t\t\t<\/span>\n\t\t\t\t\t<\/a>\n\t\t<\/div>\n\t\t\t\t<\/div>\n\t\t\t\t<\/div>\n\t\t\t\t\t<\/div>\n\t\t<\/div>\n\t\t\t\t<div class=\"elementor-column elementor-col-33 elementor-top-column elementor-element elementor-element-38bebc0\" data-id=\"38bebc0\" data-element_type=\"column\">\n\t\t\t<div class=\"elementor-widget-wrap elementor-element-populated\">\n\t\t\t\t\t\t<div class=\"elementor-element elementor-element-9806f28 elementor-align-justify elementor-widget elementor-widget-button\" data-id=\"9806f28\" data-element_type=\"widget\" data-widget_type=\"button.default\">\n\t\t\t\t<div class=\"elementor-widget-container\">\n\t\t\t\t\t<div class=\"elementor-button-wrapper\">\n\t\t\t<a class=\"elementor-button elementor-button-link elementor-size-sm\" href=\"https:\/\/patternhof.de\/?page_id=8037\">\n\t\t\t\t\t\t<span class=\"elementor-button-content-wrapper\">\n\t\t\t\t\t\t\t\t\t<span class=\"elementor-button-text\">Hochwasserschule<\/span>\n\t\t\t\t\t<\/span>\n\t\t\t\t\t<\/a>\n\t\t<\/div>\n\t\t\t\t<\/div>\n\t\t\t\t<\/div>\n\t\t\t\t\t<\/div>\n\t\t<\/div>\n\t\t\t\t\t<\/div>\n\t\t<\/section>\n\t\t\t\t<section class=\"elementor-section elementor-top-section elementor-element elementor-element-9b95db8 elementor-section-boxed elementor-section-height-default elementor-section-height-default\" data-id=\"9b95db8\" data-element_type=\"section\">\n\t\t\t\t\t\t<div class=\"elementor-container elementor-column-gap-default\">\n\t\t\t\t\t<div class=\"elementor-column elementor-col-100 elementor-top-column elementor-element elementor-element-2a36555\" data-id=\"2a36555\" data-element_type=\"column\">\n\t\t\t<div class=\"elementor-widget-wrap elementor-element-populated\">\n\t\t\t\t\t\t<div class=\"elementor-element elementor-element-2e348b3 elementor-widget elementor-widget-text-editor\" data-id=\"2e348b3\" data-element_type=\"widget\" data-widget_type=\"text-editor.default\">\n\t\t\t\t<div class=\"elementor-widget-container\">\n\t\t\t<style>\/*! elementor - v3.22.0 - 17-06-2024 *\/\n.elementor-widget-text-editor.elementor-drop-cap-view-stacked .elementor-drop-cap{background-color:#69727d;color:#fff}.elementor-widget-text-editor.elementor-drop-cap-view-framed .elementor-drop-cap{color:#69727d;border:3px solid;background-color:transparent}.elementor-widget-text-editor:not(.elementor-drop-cap-view-default) .elementor-drop-cap{margin-top:8px}.elementor-widget-text-editor:not(.elementor-drop-cap-view-default) .elementor-drop-cap-letter{width:1em;height:1em}.elementor-widget-text-editor .elementor-drop-cap{float:left;text-align:center;line-height:1;font-size:50px}.elementor-widget-text-editor .elementor-drop-cap-letter{display:inline-block}<\/style>\t\t\t\t<p><!-- wp:paragraph --><\/p>\n<p>Liebe Freunde und F\u00f6rderer der Realschule Patternhof!<\/p>\n<p><!-- \/wp:paragraph --><!-- wp:paragraph --><\/p>\n<p>Nach dem verheerenden Hochwasser in Eschweiler und Umgebung sind viele Menschen um Ihr Hab und Gut gebracht worden. Die Hilfsbereitschaft war und ist \u00fcberw\u00e4ltigend!<\/p>\n<p><!-- \/wp:paragraph --><!-- wp:paragraph --><\/p>\n<p>Auch die Realschule Patternhof ist nicht von den Fluten verschont geblieben. Viele Helfer haben weitestgehend Ordnung in die Schule gebracht, so dass die Sanierungsarbeiten z\u00fcgig anlaufen konnten. Bis die Schule wieder bezogen werden kann, muss aber noch viel getan werden. Noch immer sind viele Meschen bereit, die Schule zu unterst\u00fctzen &#8211; durch Sach- oder Geldspenden.<\/p>\n<p><!-- \/wp:paragraph --><!-- wp:paragraph --><\/p>\n<p>F\u00fcr alle, die die Schule finanziell unterst\u00fctzen m\u00f6chten, stehen die untenstehenden Konten zur Verf\u00fcgung.<\/p>\n<p><!-- \/wp:paragraph --><!-- wp:paragraph --><\/p>\n<p>Wir bedanken uns herzlich f\u00fcr jede Unterst\u00fctzung, bleiben Sie stark und vor allem gesund.<\/p>\n<p><!-- \/wp:paragraph --><!-- wp:paragraph --><\/p>\n<p>Ihr Team des F\u00f6rdervereins<\/p>\n<p><!-- \/wp:paragraph --><!-- wp:paragraph --><\/p>\n<p><strong>IBAN: DE 24 393 622 54 250 284 2016 \/ BIC GENODED1RSC (Raiffeisenbank)<\/strong><br><strong>IBAN: DE 89 390 500 00 000 122 3122 \/ BIC AACSDE33XXX (Sparkasse)<\/strong><\/p>\n<p><!-- \/wp:image --><!-- wp:paragraph --><!-- \/wp:paragraph --><\/p>\t\t\t\t\t\t<\/div>\n\t\t\t\t<\/div>\n\t\t\t\t\t<\/div>\n\t\t<\/div>\n\t\t\t\t\t<\/div>\n\t\t<\/section>\n\t\t\t\t<section class=\"elementor-section elementor-top-section elementor-element elementor-element-deee217 elementor-section-boxed elementor-section-height-default elementor-section-height-default\" data-id=\"deee217\" data-element_type=\"section\">\n\t\t\t\t\t\t<div class=\"elementor-container elementor-column-gap-default\">\n\t\t\t\t\t<div class=\"elementor-column elementor-col-100 elementor-top-column elementor-element elementor-element-17acf49\" data-id=\"17acf49\" data-element_type=\"column\">\n\t\t\t<div class=\"elementor-widget-wrap elementor-element-populated\">\n\t\t\t\t\t\t<div class=\"elementor-element elementor-element-2f176a9 elementor-arrows-position-inside elementor-pagination-position-outside elementor-widget elementor-widget-image-carousel\" data-id=\"2f176a9\" data-element_type=\"widget\" data-settings=\"{&quot;navigation&quot;:&quot;both&quot;,&quot;autoplay&quot;:&quot;yes&quot;,&quot;pause_on_hover&quot;:&quot;yes&quot;,&quot;pause_on_interaction&quot;:&quot;yes&quot;,&quot;autoplay_speed&quot;:5000,&quot;infinite&quot;:&quot;yes&quot;,&quot;speed&quot;:500}\" data-widget_type=\"image-carousel.default\">\n\t\t\t\t<div class=\"elementor-widget-container\">\n\t\t\t<style>\/*! elementor - v3.22.0 - 17-06-2024 *\/\n.elementor-widget-image-carousel .swiper,.elementor-widget-image-carousel .swiper-container{position:static}.elementor-widget-image-carousel .swiper-container .swiper-slide figure,.elementor-widget-image-carousel .swiper .swiper-slide figure{line-height:inherit}.elementor-widget-image-carousel .swiper-slide{text-align:center}.elementor-image-carousel-wrapper:not(.swiper-container-initialized):not(.swiper-initialized) .swiper-slide{max-width:calc(100% \/ var(--e-image-carousel-slides-to-show, 3))}<\/style>\t\t<div class=\"elementor-image-carousel-wrapper swiper\" dir=\"ltr\">\n\t\t\t<div class=\"elementor-image-carousel swiper-wrapper\" aria-live=\"off\">\n\t\t\t\t\t\t\t\t<div class=\"swiper-slide\" role=\"group\" aria-roledescription=\"slide\" aria-label=\"1 von 6\"><a data-elementor-open-lightbox=\"yes\" data-elementor-lightbox-slideshow=\"2f176a9\" data-elementor-lightbox-title=\"Hochwaser03\" data-e-action-hash=\"#elementor-action%3Aaction%3Dlightbox%26settings%3DeyJpZCI6ODA0MiwidXJsIjoiaHR0cHM6XC9cL3BhdHRlcm5ob2YuZGVcL3dwLWNvbnRlbnRcL3VwbG9hZHNcLzIwMjJcLzA1XC9Ib2Nod2FzZXIwMy5qcGciLCJzbGlkZXNob3ciOiIyZjE3NmE5In0%3D\" href=\"https:\/\/i0.wp.com\/patternhof.de\/wp-content\/uploads\/2022\/05\/Hochwaser03.jpg?ssl=1\"><figure class=\"swiper-slide-inner\"><img decoding=\"async\" class=\"swiper-slide-image\" src=\"https:\/\/i0.wp.com\/patternhof.de\/wp-content\/uploads\/2022\/05\/Hochwaser03.jpg?resize=150%2C150&amp;ssl=1\" alt=\"Hochwaser03\" \/><\/figure><\/a><\/div><div class=\"swiper-slide\" role=\"group\" aria-roledescription=\"slide\" aria-label=\"2 von 6\"><a data-elementor-open-lightbox=\"yes\" data-elementor-lightbox-slideshow=\"2f176a9\" data-elementor-lightbox-title=\"Hochwaser02\" data-e-action-hash=\"#elementor-action%3Aaction%3Dlightbox%26settings%3DeyJpZCI6ODA0MSwidXJsIjoiaHR0cHM6XC9cL3BhdHRlcm5ob2YuZGVcL3dwLWNvbnRlbnRcL3VwbG9hZHNcLzIwMjJcLzA1XC9Ib2Nod2FzZXIwMi5qcGciLCJzbGlkZXNob3ciOiIyZjE3NmE5In0%3D\" href=\"https:\/\/i0.wp.com\/patternhof.de\/wp-content\/uploads\/2022\/05\/Hochwaser02.jpg?ssl=1\"><figure class=\"swiper-slide-inner\"><img decoding=\"async\" class=\"swiper-slide-image\" src=\"https:\/\/i0.wp.com\/patternhof.de\/wp-content\/uploads\/2022\/05\/Hochwaser02.jpg?resize=150%2C150&amp;ssl=1\" alt=\"Hochwaser02\" \/><\/figure><\/a><\/div><div class=\"swiper-slide\" role=\"group\" aria-roledescription=\"slide\" aria-label=\"3 von 6\"><a data-elementor-open-lightbox=\"yes\" data-elementor-lightbox-slideshow=\"2f176a9\" data-elementor-lightbox-title=\"Hochwaser01\" data-e-action-hash=\"#elementor-action%3Aaction%3Dlightbox%26settings%3DeyJpZCI6ODA0MCwidXJsIjoiaHR0cHM6XC9cL3BhdHRlcm5ob2YuZGVcL3dwLWNvbnRlbnRcL3VwbG9hZHNcLzIwMjJcLzA1XC9Ib2Nod2FzZXIwMS5qcGciLCJzbGlkZXNob3ciOiIyZjE3NmE5In0%3D\" href=\"https:\/\/i0.wp.com\/patternhof.de\/wp-content\/uploads\/2022\/05\/Hochwaser01.jpg?ssl=1\"><figure class=\"swiper-slide-inner\"><img decoding=\"async\" class=\"swiper-slide-image\" src=\"https:\/\/i0.wp.com\/patternhof.de\/wp-content\/uploads\/2022\/05\/Hochwaser01.jpg?resize=150%2C150&amp;ssl=1\" alt=\"Hochwaser01\" \/><\/figure><\/a><\/div><div class=\"swiper-slide\" role=\"group\" aria-roledescription=\"slide\" aria-label=\"4 von 6\"><a data-elementor-open-lightbox=\"yes\" data-elementor-lightbox-slideshow=\"2f176a9\" data-elementor-lightbox-title=\"IMG-20210722-WA0003\" data-e-action-hash=\"#elementor-action%3Aaction%3Dlightbox%26settings%3DeyJpZCI6NjUwOCwidXJsIjoiaHR0cHM6XC9cL3BhdHRlcm5ob2YuZGVcL3dwLWNvbnRlbnRcL3VwbG9hZHNcLzIwMjFcLzA3XC9JTUctMjAyMTA3MjItV0EwMDAzLmpwZyIsInNsaWRlc2hvdyI6IjJmMTc2YTkifQ%3D%3D\" href=\"https:\/\/i0.wp.com\/patternhof.de\/wp-content\/uploads\/2021\/07\/IMG-20210722-WA0003.jpg?ssl=1\"><figure class=\"swiper-slide-inner\"><img decoding=\"async\" class=\"swiper-slide-image\" src=\"https:\/\/i0.wp.com\/patternhof.de\/wp-content\/uploads\/2021\/07\/IMG-20210722-WA0003.jpg?resize=150%2C150&amp;ssl=1\" alt=\"IMG-20210722-WA0003\" \/><\/figure><\/a><\/div><div class=\"swiper-slide\" role=\"group\" aria-roledescription=\"slide\" aria-label=\"5 von 6\"><a data-elementor-open-lightbox=\"yes\" data-elementor-lightbox-slideshow=\"2f176a9\" data-elementor-lightbox-title=\"IMG-20210722-WA0002\" data-e-action-hash=\"#elementor-action%3Aaction%3Dlightbox%26settings%3DeyJpZCI6NjUwNywidXJsIjoiaHR0cHM6XC9cL3BhdHRlcm5ob2YuZGVcL3dwLWNvbnRlbnRcL3VwbG9hZHNcLzIwMjFcLzA3XC9JTUctMjAyMTA3MjItV0EwMDAyLWUxNjUzNzM0NDQxNDY5LmpwZyIsInNsaWRlc2hvdyI6IjJmMTc2YTkifQ%3D%3D\" href=\"https:\/\/i0.wp.com\/patternhof.de\/wp-content\/uploads\/2021\/07\/IMG-20210722-WA0002-e1653734441469.jpg?ssl=1\"><figure class=\"swiper-slide-inner\"><img decoding=\"async\" class=\"swiper-slide-image\" src=\"https:\/\/i0.wp.com\/patternhof.de\/wp-content\/uploads\/2021\/07\/IMG-20210722-WA0002-e1653734441469.jpg?resize=150%2C150&amp;ssl=1\" alt=\"IMG-20210722-WA0002\" \/><\/figure><\/a><\/div><div class=\"swiper-slide\" role=\"group\" aria-roledescription=\"slide\" aria-label=\"6 von 6\"><a data-elementor-open-lightbox=\"yes\" data-elementor-lightbox-slideshow=\"2f176a9\" data-elementor-lightbox-title=\"IMG-20210722-WA0001\" data-e-action-hash=\"#elementor-action%3Aaction%3Dlightbox%26settings%3DeyJpZCI6NjUwNiwidXJsIjoiaHR0cHM6XC9cL3BhdHRlcm5ob2YuZGVcL3dwLWNvbnRlbnRcL3VwbG9hZHNcLzIwMjFcLzA3XC9JTUctMjAyMTA3MjItV0EwMDAxLmpwZyIsInNsaWRlc2hvdyI6IjJmMTc2YTkifQ%3D%3D\" href=\"https:\/\/i0.wp.com\/patternhof.de\/wp-content\/uploads\/2021\/07\/IMG-20210722-WA0001.jpg?ssl=1\"><figure class=\"swiper-slide-inner\"><img decoding=\"async\" class=\"swiper-slide-image\" src=\"https:\/\/i0.wp.com\/patternhof.de\/wp-content\/uploads\/2021\/07\/IMG-20210722-WA0001.jpg?resize=150%2C150&amp;ssl=1\" alt=\"IMG-20210722-WA0001\" \/><\/figure><\/a><\/div>\t\t\t<\/div>\n\t\t\t\t\t\t\t\t\t\t\t\t<div class=\"elementor-swiper-button elementor-swiper-button-prev\" role=\"button\" tabindex=\"0\">\n\t\t\t\t\t\t<i aria-hidden=\"true\" class=\"eicon-chevron-left\"><\/i>\t\t\t\t\t<\/div>\n\t\t\t\t\t<div class=\"elementor-swiper-button elementor-swiper-button-next\" role=\"button\" tabindex=\"0\">\n\t\t\t\t\t\t<i aria-hidden=\"true\" class=\"eicon-chevron-right\"><\/i>\t\t\t\t\t<\/div>\n\t\t\t\t\n\t\t\t\t\t\t\t\t\t<div class=\"swiper-pagination\"><\/div>\n\t\t\t\t\t\t\t\t\t<\/div>\n\t\t\t\t<\/div>\n\t\t\t\t<\/div>\n\t\t\t\t\t<\/div>\n\t\t<\/div>\n\t\t\t\t\t<\/div>\n\t\t<\/section>\n\t\t\t\t<\/div>\n\t\t","protected":false},"excerpt":{"rendered":"<p>F\u00f6rderverein Hochwasserschule Liebe Freunde und F\u00f6rderer der Realschule Patternhof! Nach dem verheerenden Hochwasser in Eschweiler und Umgebung sind viele Menschen um Ihr Hab und Gut gebracht worden. Die Hilfsbereitschaft war [&hellip;]<\/p>\n","protected":false},"author":6,"featured_media":0,"parent":0,"menu_order":0,"comment_status":"closed","ping_status":"closed","template":"","meta":{"_eb_attr":"","footnotes":""},"class_list":["post-6509","page","type-page","status-publish","hentry"],"yoast_head":"<!-- This site is optimized with the Yoast SEO plugin v27.3 - https:\/\/yoast.com\/product\/yoast-seo-wordpress\/ -->\n<title>Hochwasserspenden | RSP<\/title>\n<meta name=\"robots\" content=\"index, follow, max-snippet:-1, max-image-preview:large, max-video-preview:-1\" \/>\n<link rel=\"canonical\" href=\"https:\/\/patternhof.de\/?page_id=6509\" \/>\n<meta property=\"og:locale\" content=\"de_DE\" \/>\n<meta property=\"og:type\" content=\"article\" \/>\n<meta property=\"og:title\" content=\"Hochwasserspenden | RSP\" \/>\n<meta property=\"og:description\" content=\"F\u00f6rderverein Hochwasserschule Liebe Freunde und F\u00f6rderer der Realschule Patternhof! Nach dem verheerenden Hochwasser in Eschweiler und Umgebung sind viele Menschen um Ihr Hab und Gut gebracht worden. Die Hilfsbereitschaft war [&hellip;]\" \/>\n<meta property=\"og:url\" content=\"https:\/\/patternhof.de\/?page_id=6509\" \/>\n<meta property=\"og:site_name\" content=\"RSP\" \/>\n<meta property=\"article:modified_time\" content=\"2022-05-28T19:24:00+00:00\" \/>\n<meta property=\"og:image\" content=\"http:\/\/patternhof.de\/wp-content\/uploads\/2022\/05\/Hochwaser03-150x150.jpg\" \/>\n<meta name=\"twitter:card\" content=\"summary_large_image\" \/>\n<meta name=\"twitter:label1\" content=\"Gesch\u00e4tzte Lesezeit\" \/>\n\t<meta name=\"twitter:data1\" content=\"4\u00a0Minuten\" \/>\n<script type=\"application\/ld+json\" class=\"yoast-schema-graph\">{\"@context\":\"https:\\\/\\\/schema.org\",\"@graph\":[{\"@type\":\"WebPage\",\"@id\":\"https:\\\/\\\/patternhof.de\\\/?page_id=6509\",\"url\":\"https:\\\/\\\/patternhof.de\\\/?page_id=6509\",\"name\":\"Hochwasserspenden | RSP\",\"isPartOf\":{\"@id\":\"https:\\\/\\\/patternhof.de\\\/#website\"},\"primaryImageOfPage\":{\"@id\":\"https:\\\/\\\/patternhof.de\\\/?page_id=6509#primaryimage\"},\"image\":{\"@id\":\"https:\\\/\\\/patternhof.de\\\/?page_id=6509#primaryimage\"},\"thumbnailUrl\":\"http:\\\/\\\/patternhof.de\\\/wp-content\\\/uploads\\\/2022\\\/05\\\/Hochwaser03-150x150.jpg\",\"datePublished\":\"2021-07-23T06:59:16+00:00\",\"dateModified\":\"2022-05-28T19:24:00+00:00\",\"breadcrumb\":{\"@id\":\"https:\\\/\\\/patternhof.de\\\/?page_id=6509#breadcrumb\"},\"inLanguage\":\"de\",\"potentialAction\":[{\"@type\":\"ReadAction\",\"target\":[\"https:\\\/\\\/patternhof.de\\\/?page_id=6509\"]}]},{\"@type\":\"ImageObject\",\"inLanguage\":\"de\",\"@id\":\"https:\\\/\\\/patternhof.de\\\/?page_id=6509#primaryimage\",\"url\":\"http:\\\/\\\/patternhof.de\\\/wp-content\\\/uploads\\\/2022\\\/05\\\/Hochwaser03-150x150.jpg\",\"contentUrl\":\"http:\\\/\\\/patternhof.de\\\/wp-content\\\/uploads\\\/2022\\\/05\\\/Hochwaser03-150x150.jpg\"},{\"@type\":\"BreadcrumbList\",\"@id\":\"https:\\\/\\\/patternhof.de\\\/?page_id=6509#breadcrumb\",\"itemListElement\":[{\"@type\":\"ListItem\",\"position\":1,\"name\":\"Startseite\",\"item\":\"https:\\\/\\\/patternhof.de\\\/\"},{\"@type\":\"ListItem\",\"position\":2,\"name\":\"Hochwasserspenden\"}]},{\"@type\":\"WebSite\",\"@id\":\"https:\\\/\\\/patternhof.de\\\/#website\",\"url\":\"https:\\\/\\\/patternhof.de\\\/\",\"name\":\"RSP\",\"description\":\"Realschule Patternhof\",\"publisher\":{\"@id\":\"https:\\\/\\\/patternhof.de\\\/#organization\"},\"potentialAction\":[{\"@type\":\"SearchAction\",\"target\":{\"@type\":\"EntryPoint\",\"urlTemplate\":\"https:\\\/\\\/patternhof.de\\\/?s={search_term_string}\"},\"query-input\":{\"@type\":\"PropertyValueSpecification\",\"valueRequired\":true,\"valueName\":\"search_term_string\"}}],\"inLanguage\":\"de\"},{\"@type\":\"Organization\",\"@id\":\"https:\\\/\\\/patternhof.de\\\/#organization\",\"name\":\"RSP\",\"url\":\"https:\\\/\\\/patternhof.de\\\/\",\"logo\":{\"@type\":\"ImageObject\",\"inLanguage\":\"de\",\"@id\":\"https:\\\/\\\/patternhof.de\\\/#\\\/schema\\\/logo\\\/image\\\/\",\"url\":\"https:\\\/\\\/i0.wp.com\\\/patternhof.de\\\/wp-content\\\/uploads\\\/2024\\\/11\\\/cropped-462d7d81-a052-4d12-af5f-728c2558fd5b.png?fit=1975%2C890&ssl=1\",\"contentUrl\":\"https:\\\/\\\/i0.wp.com\\\/patternhof.de\\\/wp-content\\\/uploads\\\/2024\\\/11\\\/cropped-462d7d81-a052-4d12-af5f-728c2558fd5b.png?fit=1975%2C890&ssl=1\",\"width\":1975,\"height\":890,\"caption\":\"RSP\"},\"image\":{\"@id\":\"https:\\\/\\\/patternhof.de\\\/#\\\/schema\\\/logo\\\/image\\\/\"}}]}<\/script>\n<!-- \/ Yoast SEO plugin. -->","yoast_head_json":{"title":"Hochwasserspenden | RSP","robots":{"index":"index","follow":"follow","max-snippet":"max-snippet:-1","max-image-preview":"max-image-preview:large","max-video-preview":"max-video-preview:-1"},"canonical":"https:\/\/patternhof.de\/?page_id=6509","og_locale":"de_DE","og_type":"article","og_title":"Hochwasserspenden | RSP","og_description":"F\u00f6rderverein Hochwasserschule Liebe Freunde und F\u00f6rderer der Realschule Patternhof! Nach dem verheerenden Hochwasser in Eschweiler und Umgebung sind viele Menschen um Ihr Hab und Gut gebracht worden. Die Hilfsbereitschaft war [&hellip;]","og_url":"https:\/\/patternhof.de\/?page_id=6509","og_site_name":"RSP","article_modified_time":"2022-05-28T19:24:00+00:00","og_image":[{"url":"http:\/\/patternhof.de\/wp-content\/uploads\/2022\/05\/Hochwaser03-150x150.jpg","type":"","width":"","height":""}],"twitter_card":"summary_large_image","twitter_misc":{"Gesch\u00e4tzte Lesezeit":"4\u00a0Minuten"},"schema":{"@context":"https:\/\/schema.org","@graph":[{"@type":"WebPage","@id":"https:\/\/patternhof.de\/?page_id=6509","url":"https:\/\/patternhof.de\/?page_id=6509","name":"Hochwasserspenden | RSP","isPartOf":{"@id":"https:\/\/patternhof.de\/#website"},"primaryImageOfPage":{"@id":"https:\/\/patternhof.de\/?page_id=6509#primaryimage"},"image":{"@id":"https:\/\/patternhof.de\/?page_id=6509#primaryimage"},"thumbnailUrl":"http:\/\/patternhof.de\/wp-content\/uploads\/2022\/05\/Hochwaser03-150x150.jpg","datePublished":"2021-07-23T06:59:16+00:00","dateModified":"2022-05-28T19:24:00+00:00","breadcrumb":{"@id":"https:\/\/patternhof.de\/?page_id=6509#breadcrumb"},"inLanguage":"de","potentialAction":[{"@type":"ReadAction","target":["https:\/\/patternhof.de\/?page_id=6509"]}]},{"@type":"ImageObject","inLanguage":"de","@id":"https:\/\/patternhof.de\/?page_id=6509#primaryimage","url":"http:\/\/patternhof.de\/wp-content\/uploads\/2022\/05\/Hochwaser03-150x150.jpg","contentUrl":"http:\/\/patternhof.de\/wp-content\/uploads\/2022\/05\/Hochwaser03-150x150.jpg"},{"@type":"BreadcrumbList","@id":"https:\/\/patternhof.de\/?page_id=6509#breadcrumb","itemListElement":[{"@type":"ListItem","position":1,"name":"Startseite","item":"https:\/\/patternhof.de\/"},{"@type":"ListItem","position":2,"name":"Hochwasserspenden"}]},{"@type":"WebSite","@id":"https:\/\/patternhof.de\/#website","url":"https:\/\/patternhof.de\/","name":"RSP","description":"Realschule Patternhof","publisher":{"@id":"https:\/\/patternhof.de\/#organization"},"potentialAction":[{"@type":"SearchAction","target":{"@type":"EntryPoint","urlTemplate":"https:\/\/patternhof.de\/?s={search_term_string}"},"query-input":{"@type":"PropertyValueSpecification","valueRequired":true,"valueName":"search_term_string"}}],"inLanguage":"de"},{"@type":"Organization","@id":"https:\/\/patternhof.de\/#organization","name":"RSP","url":"https:\/\/patternhof.de\/","logo":{"@type":"ImageObject","inLanguage":"de","@id":"https:\/\/patternhof.de\/#\/schema\/logo\/image\/","url":"https:\/\/i0.wp.com\/patternhof.de\/wp-content\/uploads\/2024\/11\/cropped-462d7d81-a052-4d12-af5f-728c2558fd5b.png?fit=1975%2C890&ssl=1","contentUrl":"https:\/\/i0.wp.com\/patternhof.de\/wp-content\/uploads\/2024\/11\/cropped-462d7d81-a052-4d12-af5f-728c2558fd5b.png?fit=1975%2C890&ssl=1","width":1975,"height":890,"caption":"RSP"},"image":{"@id":"https:\/\/patternhof.de\/#\/schema\/logo\/image\/"}}]}},"jetpack_sharing_enabled":true,"_links":{"self":[{"href":"https:\/\/patternhof.de\/index.php?rest_route=\/wp\/v2\/pages\/6509","targetHints":{"allow":["GET"]}}],"collection":[{"href":"https:\/\/patternhof.de\/index.php?rest_route=\/wp\/v2\/pages"}],"about":[{"href":"https:\/\/patternhof.de\/index.php?rest_route=\/wp\/v2\/types\/page"}],"author":[{"embeddable":true,"href":"https:\/\/patternhof.de\/index.php?rest_route=\/wp\/v2\/users\/6"}],"replies":[{"embeddable":true,"href":"https:\/\/patternhof.de\/index.php?rest_route=%2Fwp%2Fv2%2Fcomments&post=6509"}],"version-history":[{"count":15,"href":"https:\/\/patternhof.de\/index.php?rest_route=\/wp\/v2\/pages\/6509\/revisions"}],"predecessor-version":[{"id":8080,"href":"https:\/\/patternhof.de\/index.php?rest_route=\/wp\/v2\/pages\/6509\/revisions\/8080"}],"wp:attachment":[{"href":"https:\/\/patternhof.de\/index.php?rest_route=%2Fwp%2Fv2%2Fmedia&parent=6509"}],"curies":[{"name":"wp","href":"https:\/\/api.w.org\/{rel}","templated":true}]}}