{"id":6486,"date":"2021-06-21T04:54:11","date_gmt":"2021-06-21T04:54:11","guid":{"rendered":"http:\/\/patternhof.de\/?page_id=6486"},"modified":"2023-08-22T17:05:04","modified_gmt":"2023-08-22T17:05:04","slug":"lernbegleiter","status":"publish","type":"page","link":"https:\/\/patternhof.de\/?page_id=6486","title":{"rendered":"Lernbegleiter"},"content":{"rendered":"<p><a href=\"https:\/\/patternhof.de\/?page_id=2238\"><br \/>\n\t\t\t\t\t\t<\/a><\/p>\n\n\n<p>Wir freuen uns sehr, dass wir mit dem Verein <strong>Berg Tabor e.V.<\/strong> einen Kooperationspartner gewinnen konnten, der uns \u00fcber das Projekt \u201eSmile\u201c unterst\u00fctzt, den schulischen Weg und die Lebensgestaltung von Kindern und Jugendlichen zu begleiten.<\/p>\n\n\n\n<p><p>Bei der Lernbegleitung geht es zum einen darum, Schulstoff zu wiederholen und zu verstehen, zum anderen aber auch darum, Defizite systematisch aufzuarbeiten. Aufgrund der unterschiedlichen Herkunft der Lernbegleiter k\u00f6nnen neben Deutsch als zentrale Unterrichtssprache auch zahlreiche andere Muttersprachen abgedeckt werden.<\/p>\n<p>Unter der Emailadresse <strong>info<em>[at]<\/em>berg-tabor.de<\/strong> k\u00f6nnen Sie <strong>Kontakt<\/strong> zum Verein aufnehmen und dort auch Ihr Kind anmelden.<\/p><\/p>\n\n\n\n<p><\/p>\n\n\n\n<p>N\u00e4here Informationen \u00fcber den Verein, \u00fcber M\u00f6glichkeiten der Lernbegleitung und Kosten finden Sie im angef\u00fcgten auf der <strong>Homepage<\/strong> oder im <strong>Flyer<\/strong>.<\/p>\n\n\n\n<p><\/p>\n\n\n<p><a href=\"https:\/\/www.facebook.com\/bergtaborev\/\" target=\"_blank\" role=\"button\" rel=\"noopener\"><br \/>\n\t\t\t\t\t\tHomepage (externer Link)<br \/>\n\t\t\t\t\t<\/a><br \/>\n\t\t\t<a href=\"http:\/\/patternhof.de\/wp-content\/uploads\/2021\/06\/infomaterial_smile.pdf\" target=\"_blank\" role=\"button\" rel=\"noopener\"><br \/>\n\t\t\t\t\t\tFlyer<br \/>\n\t\t\t\t\t<\/a><\/p>","protected":false},"excerpt":{"rendered":"<p>Wir freuen uns sehr, dass wir mit dem Verein Berg Tabor e.V. einen Kooperationspartner gewinnen konnten, der uns \u00fcber das Projekt \u201eSmile\u201c unterst\u00fctzt, den schulischen Weg und die Lebensgestaltung von [&hellip;]<\/p>\n","protected":false},"author":6,"featured_media":0,"parent":0,"menu_order":0,"comment_status":"closed","ping_status":"closed","template":"","meta":{"_eb_attr":"","footnotes":""},"class_list":["post-6486","page","type-page","status-publish","hentry"],"yoast_head":"<!-- This site is optimized with the Yoast SEO plugin v27.3 - https:\/\/yoast.com\/product\/yoast-seo-wordpress\/ -->\n<title>Lernbegleiter | RSP<\/title>\n<meta name=\"robots\" content=\"index, follow, max-snippet:-1, max-image-preview:large, max-video-preview:-1\" \/>\n<link rel=\"canonical\" href=\"https:\/\/patternhof.de\/?page_id=6486\" \/>\n<meta property=\"og:locale\" content=\"de_DE\" \/>\n<meta property=\"og:type\" content=\"article\" \/>\n<meta property=\"og:title\" content=\"Lernbegleiter | RSP\" \/>\n<meta property=\"og:description\" content=\"Wir freuen uns sehr, dass wir mit dem Verein Berg Tabor e.V. einen Kooperationspartner gewinnen konnten, der uns \u00fcber das Projekt \u201eSmile\u201c unterst\u00fctzt, den schulischen Weg und die Lebensgestaltung von [&hellip;]\" \/>\n<meta property=\"og:url\" content=\"https:\/\/patternhof.de\/?page_id=6486\" \/>\n<meta property=\"og:site_name\" content=\"RSP\" \/>\n<meta property=\"article:modified_time\" content=\"2023-08-22T17:05:04+00:00\" \/>\n<meta name=\"twitter:card\" content=\"summary_large_image\" \/>\n<meta name=\"twitter:label1\" content=\"Gesch\u00e4tzte Lesezeit\" \/>\n\t<meta name=\"twitter:data1\" content=\"1\u00a0Minute\" \/>\n<script type=\"application\/ld+json\" class=\"yoast-schema-graph\">{\"@context\":\"https:\\\/\\\/schema.org\",\"@graph\":[{\"@type\":\"WebPage\",\"@id\":\"https:\\\/\\\/patternhof.de\\\/?page_id=6486\",\"url\":\"https:\\\/\\\/patternhof.de\\\/?page_id=6486\",\"name\":\"Lernbegleiter | RSP\",\"isPartOf\":{\"@id\":\"https:\\\/\\\/patternhof.de\\\/#website\"},\"datePublished\":\"2021-06-21T04:54:11+00:00\",\"dateModified\":\"2023-08-22T17:05:04+00:00\",\"breadcrumb\":{\"@id\":\"https:\\\/\\\/patternhof.de\\\/?page_id=6486#breadcrumb\"},\"inLanguage\":\"de\",\"potentialAction\":[{\"@type\":\"ReadAction\",\"target\":[\"https:\\\/\\\/patternhof.de\\\/?page_id=6486\"]}]},{\"@type\":\"BreadcrumbList\",\"@id\":\"https:\\\/\\\/patternhof.de\\\/?page_id=6486#breadcrumb\",\"itemListElement\":[{\"@type\":\"ListItem\",\"position\":1,\"name\":\"Startseite\",\"item\":\"https:\\\/\\\/patternhof.de\\\/\"},{\"@type\":\"ListItem\",\"position\":2,\"name\":\"Lernbegleiter\"}]},{\"@type\":\"WebSite\",\"@id\":\"https:\\\/\\\/patternhof.de\\\/#website\",\"url\":\"https:\\\/\\\/patternhof.de\\\/\",\"name\":\"RSP\",\"description\":\"Realschule Patternhof\",\"publisher\":{\"@id\":\"https:\\\/\\\/patternhof.de\\\/#organization\"},\"potentialAction\":[{\"@type\":\"SearchAction\",\"target\":{\"@type\":\"EntryPoint\",\"urlTemplate\":\"https:\\\/\\\/patternhof.de\\\/?s={search_term_string}\"},\"query-input\":{\"@type\":\"PropertyValueSpecification\",\"valueRequired\":true,\"valueName\":\"search_term_string\"}}],\"inLanguage\":\"de\"},{\"@type\":\"Organization\",\"@id\":\"https:\\\/\\\/patternhof.de\\\/#organization\",\"name\":\"RSP\",\"url\":\"https:\\\/\\\/patternhof.de\\\/\",\"logo\":{\"@type\":\"ImageObject\",\"inLanguage\":\"de\",\"@id\":\"https:\\\/\\\/patternhof.de\\\/#\\\/schema\\\/logo\\\/image\\\/\",\"url\":\"https:\\\/\\\/i0.wp.com\\\/patternhof.de\\\/wp-content\\\/uploads\\\/2024\\\/11\\\/cropped-462d7d81-a052-4d12-af5f-728c2558fd5b.png?fit=1975%2C890&ssl=1\",\"contentUrl\":\"https:\\\/\\\/i0.wp.com\\\/patternhof.de\\\/wp-content\\\/uploads\\\/2024\\\/11\\\/cropped-462d7d81-a052-4d12-af5f-728c2558fd5b.png?fit=1975%2C890&ssl=1\",\"width\":1975,\"height\":890,\"caption\":\"RSP\"},\"image\":{\"@id\":\"https:\\\/\\\/patternhof.de\\\/#\\\/schema\\\/logo\\\/image\\\/\"}}]}<\/script>\n<!-- \/ Yoast SEO plugin. -->","yoast_head_json":{"title":"Lernbegleiter | RSP","robots":{"index":"index","follow":"follow","max-snippet":"max-snippet:-1","max-image-preview":"max-image-preview:large","max-video-preview":"max-video-preview:-1"},"canonical":"https:\/\/patternhof.de\/?page_id=6486","og_locale":"de_DE","og_type":"article","og_title":"Lernbegleiter | RSP","og_description":"Wir freuen uns sehr, dass wir mit dem Verein Berg Tabor e.V. einen Kooperationspartner gewinnen konnten, der uns \u00fcber das Projekt \u201eSmile\u201c unterst\u00fctzt, den schulischen Weg und die Lebensgestaltung von [&hellip;]","og_url":"https:\/\/patternhof.de\/?page_id=6486","og_site_name":"RSP","article_modified_time":"2023-08-22T17:05:04+00:00","twitter_card":"summary_large_image","twitter_misc":{"Gesch\u00e4tzte Lesezeit":"1\u00a0Minute"},"schema":{"@context":"https:\/\/schema.org","@graph":[{"@type":"WebPage","@id":"https:\/\/patternhof.de\/?page_id=6486","url":"https:\/\/patternhof.de\/?page_id=6486","name":"Lernbegleiter | RSP","isPartOf":{"@id":"https:\/\/patternhof.de\/#website"},"datePublished":"2021-06-21T04:54:11+00:00","dateModified":"2023-08-22T17:05:04+00:00","breadcrumb":{"@id":"https:\/\/patternhof.de\/?page_id=6486#breadcrumb"},"inLanguage":"de","potentialAction":[{"@type":"ReadAction","target":["https:\/\/patternhof.de\/?page_id=6486"]}]},{"@type":"BreadcrumbList","@id":"https:\/\/patternhof.de\/?page_id=6486#breadcrumb","itemListElement":[{"@type":"ListItem","position":1,"name":"Startseite","item":"https:\/\/patternhof.de\/"},{"@type":"ListItem","position":2,"name":"Lernbegleiter"}]},{"@type":"WebSite","@id":"https:\/\/patternhof.de\/#website","url":"https:\/\/patternhof.de\/","name":"RSP","description":"Realschule Patternhof","publisher":{"@id":"https:\/\/patternhof.de\/#organization"},"potentialAction":[{"@type":"SearchAction","target":{"@type":"EntryPoint","urlTemplate":"https:\/\/patternhof.de\/?s={search_term_string}"},"query-input":{"@type":"PropertyValueSpecification","valueRequired":true,"valueName":"search_term_string"}}],"inLanguage":"de"},{"@type":"Organization","@id":"https:\/\/patternhof.de\/#organization","name":"RSP","url":"https:\/\/patternhof.de\/","logo":{"@type":"ImageObject","inLanguage":"de","@id":"https:\/\/patternhof.de\/#\/schema\/logo\/image\/","url":"https:\/\/i0.wp.com\/patternhof.de\/wp-content\/uploads\/2024\/11\/cropped-462d7d81-a052-4d12-af5f-728c2558fd5b.png?fit=1975%2C890&ssl=1","contentUrl":"https:\/\/i0.wp.com\/patternhof.de\/wp-content\/uploads\/2024\/11\/cropped-462d7d81-a052-4d12-af5f-728c2558fd5b.png?fit=1975%2C890&ssl=1","width":1975,"height":890,"caption":"RSP"},"image":{"@id":"https:\/\/patternhof.de\/#\/schema\/logo\/image\/"}}]}},"jetpack_sharing_enabled":true,"_links":{"self":[{"href":"https:\/\/patternhof.de\/index.php?rest_route=\/wp\/v2\/pages\/6486","targetHints":{"allow":["GET"]}}],"collection":[{"href":"https:\/\/patternhof.de\/index.php?rest_route=\/wp\/v2\/pages"}],"about":[{"href":"https:\/\/patternhof.de\/index.php?rest_route=\/wp\/v2\/types\/page"}],"author":[{"embeddable":true,"href":"https:\/\/patternhof.de\/index.php?rest_route=\/wp\/v2\/users\/6"}],"replies":[{"embeddable":true,"href":"https:\/\/patternhof.de\/index.php?rest_route=%2Fwp%2Fv2%2Fcomments&post=6486"}],"version-history":[{"count":12,"href":"https:\/\/patternhof.de\/index.php?rest_route=\/wp\/v2\/pages\/6486\/revisions"}],"predecessor-version":[{"id":9419,"href":"https:\/\/patternhof.de\/index.php?rest_route=\/wp\/v2\/pages\/6486\/revisions\/9419"}],"wp:attachment":[{"href":"https:\/\/patternhof.de\/index.php?rest_route=%2Fwp%2Fv2%2Fmedia&parent=6486"}],"curies":[{"name":"wp","href":"https:\/\/api.w.org\/{rel}","templated":true}]}}