{"id":6426,"date":"2021-04-24T08:34:32","date_gmt":"2021-04-24T08:34:32","guid":{"rendered":"http:\/\/patternhof.de\/?page_id=6426"},"modified":"2024-03-12T12:46:43","modified_gmt":"2024-03-12T11:46:43","slug":"wahlpflichtfaecher-wp-i","status":"publish","type":"page","link":"https:\/\/patternhof.de\/?page_id=6426","title":{"rendered":"Wahlpflichtf\u00e4cher (WP I)"},"content":{"rendered":"\t\t<div data-elementor-type=\"wp-page\" data-elementor-id=\"6426\" class=\"elementor elementor-6426\">\n\t\t\t\t\t\t<section class=\"elementor-section elementor-top-section elementor-element elementor-element-2d75b07 elementor-section-boxed elementor-section-height-default elementor-section-height-default\" data-id=\"2d75b07\" data-element_type=\"section\">\n\t\t\t\t\t\t<div class=\"elementor-container elementor-column-gap-default\">\n\t\t\t\t\t<div class=\"elementor-column elementor-col-25 elementor-top-column elementor-element elementor-element-6eca768\" data-id=\"6eca768\" data-element_type=\"column\">\n\t\t\t<div class=\"elementor-widget-wrap elementor-element-populated\">\n\t\t\t\t\t\t<div class=\"elementor-element elementor-element-65797d9 elementor-view-default elementor-widget elementor-widget-icon\" data-id=\"65797d9\" data-element_type=\"widget\" data-widget_type=\"icon.default\">\n\t\t\t\t<div class=\"elementor-widget-container\">\n\t\t\t\t\t<div class=\"elementor-icon-wrapper\">\n\t\t\t<a class=\"elementor-icon elementor-animation-pop\" href=\"http:\/\/patternhof.de\">\n\t\t\t<i aria-hidden=\"true\" class=\"fas fa-home\"><\/i>\t\t\t<\/a>\n\t\t<\/div>\n\t\t\t\t<\/div>\n\t\t\t\t<\/div>\n\t\t\t\t\t<\/div>\n\t\t<\/div>\n\t\t\t\t<div class=\"elementor-column elementor-col-25 elementor-top-column elementor-element elementor-element-f2d0cf6\" data-id=\"f2d0cf6\" data-element_type=\"column\">\n\t\t\t<div class=\"elementor-widget-wrap\">\n\t\t\t\t\t\t\t<\/div>\n\t\t<\/div>\n\t\t\t\t<div class=\"elementor-column elementor-col-25 elementor-top-column elementor-element elementor-element-d73be89\" data-id=\"d73be89\" data-element_type=\"column\">\n\t\t\t<div class=\"elementor-widget-wrap\">\n\t\t\t\t\t\t\t<\/div>\n\t\t<\/div>\n\t\t\t\t<div class=\"elementor-column elementor-col-25 elementor-top-column elementor-element elementor-element-243cb20\" data-id=\"243cb20\" data-element_type=\"column\">\n\t\t\t<div class=\"elementor-widget-wrap\">\n\t\t\t\t\t\t\t<\/div>\n\t\t<\/div>\n\t\t\t\t\t<\/div>\n\t\t<\/section>\n\t\t\t\t<section class=\"elementor-section elementor-top-section elementor-element elementor-element-60f4a4bf elementor-section-boxed elementor-section-height-default elementor-section-height-default\" data-id=\"60f4a4bf\" data-element_type=\"section\">\n\t\t\t\t\t\t<div class=\"elementor-container elementor-column-gap-default\">\n\t\t\t\t\t<div class=\"elementor-column elementor-col-100 elementor-top-column elementor-element elementor-element-19bac6b1\" data-id=\"19bac6b1\" data-element_type=\"column\">\n\t\t\t<div class=\"elementor-widget-wrap elementor-element-populated\">\n\t\t\t\t\t\t<div class=\"elementor-element elementor-element-54336c9 elementor-widget elementor-widget-text-editor\" data-id=\"54336c9\" data-element_type=\"widget\" data-widget_type=\"text-editor.default\">\n\t\t\t\t<div class=\"elementor-widget-container\">\n\t\t\t<style>\/*! elementor - v3.22.0 - 17-06-2024 *\/\n.elementor-widget-text-editor.elementor-drop-cap-view-stacked .elementor-drop-cap{background-color:#69727d;color:#fff}.elementor-widget-text-editor.elementor-drop-cap-view-framed .elementor-drop-cap{color:#69727d;border:3px solid;background-color:transparent}.elementor-widget-text-editor:not(.elementor-drop-cap-view-default) .elementor-drop-cap{margin-top:8px}.elementor-widget-text-editor:not(.elementor-drop-cap-view-default) .elementor-drop-cap-letter{width:1em;height:1em}.elementor-widget-text-editor .elementor-drop-cap{float:left;text-align:center;line-height:1;font-size:50px}.elementor-widget-text-editor .elementor-drop-cap-letter{display:inline-block}<\/style>\t\t\t\t<p><!-- wp:paragraph --><\/p>\n<p>Liebe Eltern,<br>liebe Sch\u00fcler*innen der Jahrgangsstufe 6,<\/p>\n<p><!-- \/wp:paragraph --><\/p>\n<p><!-- wp:paragraph --><\/p>\n<p>f\u00fcr das kommende Schuljahr m\u00fcssen alle Sch\u00fcler\/innen der 6. Jahrgangsstufe im zweiten Halbjahr ein Differenzierungsfach w\u00e4hlen (Sozialwissenschaften, Technik, Franz\u00f6sisch und Informatik).<\/p>\n<p><!-- \/wp:paragraph --><\/p>\n<p><!-- wp:paragraph --><\/p>\n<p>N\u00e4here Informationen \u00fcber die einzelnen F\u00e4cher finden Sie hier:<br><a href=\"http:\/\/patternhof.de\/wp-content\/uploads\/2021\/04\/informatik_differenzierung.pdf\" target=\"_blank\" rel=\"noreferrer noopener\">Informatik<\/a><br><a href=\"http:\/\/patternhof.de\/wp-content\/uploads\/2021\/04\/franzoesisch_differenzierung.pdf\" target=\"_blank\" rel=\"noreferrer noopener\">Franz\u00f6sisch<\/a><br><a href=\"http:\/\/patternhof.de\/wp-content\/uploads\/2021\/04\/Das-Wahlpflichtfach-Technik.pdf\" target=\"_blank\" rel=\"noreferrer noopener\">Technik<\/a><br><a href=\"http:\/\/patternhof.de\/wp-content\/uploads\/2021\/04\/SoWi-Differenzierung.pdf\" target=\"_blank\" rel=\"noreferrer noopener\">Sozialwissenschaften<\/a><\/p>\n<p><!-- \/wp:paragraph --><\/p>\n<p><!-- wp:paragraph --><\/p>\n<p>Zus\u00e4tzlich werden freiwillige Schnupperkurse in der Woche nach den Osterferien angeboten. Praktische Erfahrungen im Fach Informatik\/Medienkompetenz konnten die Sch\u00fcler*innen bereits ein Schuljahr lang sammeln.<\/p>\n<p><!-- \/wp:paragraph --><\/p>\n<p><!-- wp:paragraph --><\/p>\n<p>Alle weiteren Informationen (Anmeldeb\u00f6gen sowie die Termine der Schnupperkurse) werden durch die Klassenleitungen rechtzeitig bekannt gegeben. Die Klassenleitungen (wie auch die Fachlehrer) stehen Ihnen am Elternsprechtag auch rund um Fragen zur Wahlentscheidung zur Verf\u00fcgung.<\/p>\n<p><!-- \/wp:paragraph --><\/p>\t\t\t\t\t\t<\/div>\n\t\t\t\t<\/div>\n\t\t\t\t\t<\/div>\n\t\t<\/div>\n\t\t\t\t\t<\/div>\n\t\t<\/section>\n\t\t\t\t<\/div>\n\t\t","protected":false},"excerpt":{"rendered":"<p>Liebe Eltern,liebe Sch\u00fcler*innen der Jahrgangsstufe 6, f\u00fcr das kommende Schuljahr m\u00fcssen alle Sch\u00fcler\/innen der 6. Jahrgangsstufe im zweiten Halbjahr ein Differenzierungsfach w\u00e4hlen (Sozialwissenschaften, Technik, Franz\u00f6sisch und Informatik). N\u00e4here Informationen \u00fcber [&hellip;]<\/p>\n","protected":false},"author":6,"featured_media":0,"parent":0,"menu_order":0,"comment_status":"closed","ping_status":"closed","template":"","meta":{"_eb_attr":"","footnotes":""},"class_list":["post-6426","page","type-page","status-publish","hentry"],"yoast_head":"<!-- This site is optimized with the Yoast SEO plugin v27.4 - https:\/\/yoast.com\/product\/yoast-seo-wordpress\/ -->\n<title>Wahlpflichtf\u00e4cher (WP I) | RSP<\/title>\n<meta name=\"robots\" content=\"index, follow, max-snippet:-1, max-image-preview:large, max-video-preview:-1\" \/>\n<link rel=\"canonical\" href=\"https:\/\/patternhof.de\/?page_id=6426\" \/>\n<meta property=\"og:locale\" content=\"de_DE\" \/>\n<meta property=\"og:type\" content=\"article\" \/>\n<meta property=\"og:title\" content=\"Wahlpflichtf\u00e4cher (WP I) | RSP\" \/>\n<meta property=\"og:description\" content=\"Liebe Eltern,liebe Sch\u00fcler*innen der Jahrgangsstufe 6, f\u00fcr das kommende Schuljahr m\u00fcssen alle Sch\u00fcler\/innen der 6. Jahrgangsstufe im zweiten Halbjahr ein Differenzierungsfach w\u00e4hlen (Sozialwissenschaften, Technik, Franz\u00f6sisch und Informatik). N\u00e4here Informationen \u00fcber [&hellip;]\" \/>\n<meta property=\"og:url\" content=\"https:\/\/patternhof.de\/?page_id=6426\" \/>\n<meta property=\"og:site_name\" content=\"RSP\" \/>\n<meta property=\"article:modified_time\" content=\"2024-03-12T11:46:43+00:00\" \/>\n<meta name=\"twitter:card\" content=\"summary_large_image\" \/>\n<meta name=\"twitter:label1\" content=\"Gesch\u00e4tzte Lesezeit\" \/>\n\t<meta name=\"twitter:data1\" content=\"1\u00a0Minute\" \/>\n<script type=\"application\/ld+json\" class=\"yoast-schema-graph\">{\"@context\":\"https:\\\/\\\/schema.org\",\"@graph\":[{\"@type\":\"WebPage\",\"@id\":\"https:\\\/\\\/patternhof.de\\\/?page_id=6426\",\"url\":\"https:\\\/\\\/patternhof.de\\\/?page_id=6426\",\"name\":\"Wahlpflichtf\u00e4cher (WP I) | RSP\",\"isPartOf\":{\"@id\":\"https:\\\/\\\/patternhof.de\\\/#website\"},\"datePublished\":\"2021-04-24T08:34:32+00:00\",\"dateModified\":\"2024-03-12T11:46:43+00:00\",\"breadcrumb\":{\"@id\":\"https:\\\/\\\/patternhof.de\\\/?page_id=6426#breadcrumb\"},\"inLanguage\":\"de\",\"potentialAction\":[{\"@type\":\"ReadAction\",\"target\":[\"https:\\\/\\\/patternhof.de\\\/?page_id=6426\"]}]},{\"@type\":\"BreadcrumbList\",\"@id\":\"https:\\\/\\\/patternhof.de\\\/?page_id=6426#breadcrumb\",\"itemListElement\":[{\"@type\":\"ListItem\",\"position\":1,\"name\":\"Startseite\",\"item\":\"https:\\\/\\\/patternhof.de\\\/\"},{\"@type\":\"ListItem\",\"position\":2,\"name\":\"Wahlpflichtf\u00e4cher (WP I)\"}]},{\"@type\":\"WebSite\",\"@id\":\"https:\\\/\\\/patternhof.de\\\/#website\",\"url\":\"https:\\\/\\\/patternhof.de\\\/\",\"name\":\"RSP\",\"description\":\"Realschule Patternhof\",\"publisher\":{\"@id\":\"https:\\\/\\\/patternhof.de\\\/#organization\"},\"potentialAction\":[{\"@type\":\"SearchAction\",\"target\":{\"@type\":\"EntryPoint\",\"urlTemplate\":\"https:\\\/\\\/patternhof.de\\\/?s={search_term_string}\"},\"query-input\":{\"@type\":\"PropertyValueSpecification\",\"valueRequired\":true,\"valueName\":\"search_term_string\"}}],\"inLanguage\":\"de\"},{\"@type\":\"Organization\",\"@id\":\"https:\\\/\\\/patternhof.de\\\/#organization\",\"name\":\"RSP\",\"url\":\"https:\\\/\\\/patternhof.de\\\/\",\"logo\":{\"@type\":\"ImageObject\",\"inLanguage\":\"de\",\"@id\":\"https:\\\/\\\/patternhof.de\\\/#\\\/schema\\\/logo\\\/image\\\/\",\"url\":\"https:\\\/\\\/i0.wp.com\\\/patternhof.de\\\/wp-content\\\/uploads\\\/2024\\\/11\\\/cropped-462d7d81-a052-4d12-af5f-728c2558fd5b.png?fit=1975%2C890&ssl=1\",\"contentUrl\":\"https:\\\/\\\/i0.wp.com\\\/patternhof.de\\\/wp-content\\\/uploads\\\/2024\\\/11\\\/cropped-462d7d81-a052-4d12-af5f-728c2558fd5b.png?fit=1975%2C890&ssl=1\",\"width\":1975,\"height\":890,\"caption\":\"RSP\"},\"image\":{\"@id\":\"https:\\\/\\\/patternhof.de\\\/#\\\/schema\\\/logo\\\/image\\\/\"}}]}<\/script>\n<!-- \/ Yoast SEO plugin. -->","yoast_head_json":{"title":"Wahlpflichtf\u00e4cher (WP I) | RSP","robots":{"index":"index","follow":"follow","max-snippet":"max-snippet:-1","max-image-preview":"max-image-preview:large","max-video-preview":"max-video-preview:-1"},"canonical":"https:\/\/patternhof.de\/?page_id=6426","og_locale":"de_DE","og_type":"article","og_title":"Wahlpflichtf\u00e4cher (WP I) | RSP","og_description":"Liebe Eltern,liebe Sch\u00fcler*innen der Jahrgangsstufe 6, f\u00fcr das kommende Schuljahr m\u00fcssen alle Sch\u00fcler\/innen der 6. Jahrgangsstufe im zweiten Halbjahr ein Differenzierungsfach w\u00e4hlen (Sozialwissenschaften, Technik, Franz\u00f6sisch und Informatik). N\u00e4here Informationen \u00fcber [&hellip;]","og_url":"https:\/\/patternhof.de\/?page_id=6426","og_site_name":"RSP","article_modified_time":"2024-03-12T11:46:43+00:00","twitter_card":"summary_large_image","twitter_misc":{"Gesch\u00e4tzte Lesezeit":"1\u00a0Minute"},"schema":{"@context":"https:\/\/schema.org","@graph":[{"@type":"WebPage","@id":"https:\/\/patternhof.de\/?page_id=6426","url":"https:\/\/patternhof.de\/?page_id=6426","name":"Wahlpflichtf\u00e4cher (WP I) | RSP","isPartOf":{"@id":"https:\/\/patternhof.de\/#website"},"datePublished":"2021-04-24T08:34:32+00:00","dateModified":"2024-03-12T11:46:43+00:00","breadcrumb":{"@id":"https:\/\/patternhof.de\/?page_id=6426#breadcrumb"},"inLanguage":"de","potentialAction":[{"@type":"ReadAction","target":["https:\/\/patternhof.de\/?page_id=6426"]}]},{"@type":"BreadcrumbList","@id":"https:\/\/patternhof.de\/?page_id=6426#breadcrumb","itemListElement":[{"@type":"ListItem","position":1,"name":"Startseite","item":"https:\/\/patternhof.de\/"},{"@type":"ListItem","position":2,"name":"Wahlpflichtf\u00e4cher (WP I)"}]},{"@type":"WebSite","@id":"https:\/\/patternhof.de\/#website","url":"https:\/\/patternhof.de\/","name":"RSP","description":"Realschule Patternhof","publisher":{"@id":"https:\/\/patternhof.de\/#organization"},"potentialAction":[{"@type":"SearchAction","target":{"@type":"EntryPoint","urlTemplate":"https:\/\/patternhof.de\/?s={search_term_string}"},"query-input":{"@type":"PropertyValueSpecification","valueRequired":true,"valueName":"search_term_string"}}],"inLanguage":"de"},{"@type":"Organization","@id":"https:\/\/patternhof.de\/#organization","name":"RSP","url":"https:\/\/patternhof.de\/","logo":{"@type":"ImageObject","inLanguage":"de","@id":"https:\/\/patternhof.de\/#\/schema\/logo\/image\/","url":"https:\/\/i0.wp.com\/patternhof.de\/wp-content\/uploads\/2024\/11\/cropped-462d7d81-a052-4d12-af5f-728c2558fd5b.png?fit=1975%2C890&ssl=1","contentUrl":"https:\/\/i0.wp.com\/patternhof.de\/wp-content\/uploads\/2024\/11\/cropped-462d7d81-a052-4d12-af5f-728c2558fd5b.png?fit=1975%2C890&ssl=1","width":1975,"height":890,"caption":"RSP"},"image":{"@id":"https:\/\/patternhof.de\/#\/schema\/logo\/image\/"}}]}},"jetpack_sharing_enabled":true,"_links":{"self":[{"href":"https:\/\/patternhof.de\/index.php?rest_route=\/wp\/v2\/pages\/6426","targetHints":{"allow":["GET"]}}],"collection":[{"href":"https:\/\/patternhof.de\/index.php?rest_route=\/wp\/v2\/pages"}],"about":[{"href":"https:\/\/patternhof.de\/index.php?rest_route=\/wp\/v2\/types\/page"}],"author":[{"embeddable":true,"href":"https:\/\/patternhof.de\/index.php?rest_route=\/wp\/v2\/users\/6"}],"replies":[{"embeddable":true,"href":"https:\/\/patternhof.de\/index.php?rest_route=%2Fwp%2Fv2%2Fcomments&post=6426"}],"version-history":[{"count":21,"href":"https:\/\/patternhof.de\/index.php?rest_route=\/wp\/v2\/pages\/6426\/revisions"}],"predecessor-version":[{"id":10009,"href":"https:\/\/patternhof.de\/index.php?rest_route=\/wp\/v2\/pages\/6426\/revisions\/10009"}],"wp:attachment":[{"href":"https:\/\/patternhof.de\/index.php?rest_route=%2Fwp%2Fv2%2Fmedia&parent=6426"}],"curies":[{"name":"wp","href":"https:\/\/api.w.org\/{rel}","templated":true}]}}