{"id":5862,"date":"2020-10-18T14:25:07","date_gmt":"2020-10-18T14:25:07","guid":{"rendered":"http:\/\/patternhof.de\/?page_id=5862"},"modified":"2024-08-01T01:03:28","modified_gmt":"2024-07-31T23:03:28","slug":"dsvgo","status":"publish","type":"page","link":"https:\/\/patternhof.de\/?page_id=5862","title":{"rendered":"DSGVO"},"content":{"rendered":"\n<figure class=\"wp-block-table\"><table><tbody><tr><td><\/td><td><strong>St\u00e4dtische Realschule Patternhof<br><\/strong>Patternhof 7<br>52249 Eschweiler<\/td><\/tr><\/tbody><\/table><\/figure>\n\n\n\n<p><strong>Europ\u00e4ische Datenschutzgrundverordnung (DSGVO)<br><u>VERFAHRENSVERZEICHNIS <\/u><\/strong>der Realschule Patternhof<\/p>\n\n\n\n<p>Hinweise zum Verzeichnis von Verarbeitungst\u00e4tigkeiten, Art. 30 DS-GVO: Jeder Verantwortliche und jeder Auftragsverarbeiter erstellen und f\u00fchren ein Verzeichnis aller Verarbeitungst\u00e4tigkeiten mit personenbezogenen Daten. Die bisher als Verfahrensverzeichnis, Verfahrensbeschreibung oder Dateibeschreibung bekannten Dokumentationspflichten (\u00a7 4g Abs. 2 Satz 1 Bundesdatenschutzgesetz (BDSG) bzw. jeweiliges Landesdatenschutzgesetz) werden hinf\u00e4llig. Das Verzeichnis von Verarbeitungst\u00e4tigkeiten dient als wesentliche Grundlage f\u00fcr eine strukturierte Datenschutzdokumentation und hilft dem Verantwortlichen dabei, gem\u00e4\u00df Art. 5 Abs. 2 Datenschutzgrundverordnung (DS-GVO) nachzuweisen, dass die Vorgaben aus der DS-GVO eingehalten werden (Rechenschaftspflicht). Es stellt somit ein wesentliches Element f\u00fcr die Etablierung eines umfassenden Datenschutz- und Informationssicherheits-Managementsystems dar. Den Wortlaut der Art. 30 und 32 der DS-GVO finden Sie zusammen mit einem Abk\u00fcrzungsverzeichnis am Ende des Dokuments. Die vollst\u00e4ndige Fassung der DS-GVO finden Sie im Internet unter <a href=\"http:\/\/eur-lex.europa.eu\/legal-content\/en\/TXT\/?uri=CELEX:320\">http:\/\/eur-lex.europa.eu\/legal-content\/en\/TXT\/?uri=CELEX:320<\/a> 1 6R0679.<\/p>\n\n\n\n<p><strong>A. Stammdatenblatt<\/strong><\/p>\n\n\n\n<p><strong>Name und Kontaktdaten der f\u00fcr die Verarbeitung (gemeinsam) Verantwortlichen<\/strong><\/p>\n\n\n\n<p><strong>a. <u>Name(n) und Anschrift(en):<\/u><\/strong><\/p>\n\n\n\n<p>St\u00e4dtische Realschule Patternhof <\/p>\n\n\n\n<p>Patternhof 7<\/p>\n\n\n\n<p>52249 Eschweiler<\/p>\n\n\n\n<p>Stadt Eschweiler, Rathaus<\/p>\n\n\n\n<p>Schule und Kultur Johannes-Rau-Platz 1 52249 Eschweiler<\/p>\n\n\n\n<p><strong>Schulleiter:\u00a0\u00a0\u00a0\u00a0\u00a0\u00a0\u00a0\u00a0  \u00a0\u00a0 <\/strong>  Herr J\u00fcrgen Momma<\/p>\n\n\n\n<p><strong>Schultr\u00e4ger:&nbsp;&nbsp;&nbsp;&nbsp;&nbsp;&nbsp;&nbsp;&nbsp;&nbsp;&nbsp;&nbsp;&nbsp; <\/strong>Stadtverwaltung Eschweiler<\/p>\n\n\n\n<p><strong>E-Mail-Adressen und Telefonnummern:<\/strong><\/p>\n\n\n\n<p><a href=\"mailto:rs-patternhof@eschweiler.de\">rs-patternhof@eschweiler.de<\/a>&nbsp;&nbsp;&nbsp;&nbsp;&nbsp;&nbsp;&nbsp; (Tel. 02403\/7028-0) <a href=\"mailto:stadtverwaltung@eschweiler.de\">stadtverwaltung@eschweiler.de<\/a> (Tel.: 02403\/710)<\/p>\n\n\n\n<p><strong>Name und Kontaktdaten der Datenschutzbeauftragten: <\/strong>Herr J\u00fcrgen Momma\u00a0<em>(Kontakt \u00fcber die Schule)<\/em><\/p>\n\n\n\n<p><strong>Name der Vertreterin der Verantwortlichen:<\/strong> Herr Biener <em>(Kontakt \u00fcber die Schule)<\/em><\/p>\n\n\n\n<figure class=\"wp-block-table\"><table><tbody><tr><td><\/td><td><strong>St\u00e4dtische Realschule Patternhof<br><\/strong>Patternhof 7<br>52249 Eschweiler<\/td><\/tr><\/tbody><\/table><\/figure>\n\n\n\n<p>Integration neuer Inhalte \/ zus\u00e4tzliche Wartung: Christian Schwetzel, Marius Kotthaus <em>(Im Auftrag der Schulleitung. Beide nicht haftbar.)<\/em><\/p>\n\n\n\n<p>Design: Marius Kotthaus <em>(Im Auftrag der Schulleitung. Nicht haftbar.)<\/em><\/p>\n\n\n\n<p><strong>B. Datenverarbeitungen\/Datenverarbeitungszwecke<\/strong><\/p>\n\n\n\n<p><strong>a. <u>Zwecke und Beschreibung der Datenverarbeitung:<\/u> <\/strong><\/p>\n\n\n\n<p><strong>Zweck:<\/strong><\/p>\n\n\n\n<p><strong>&#8211; <\/strong>Schulverwaltung<\/p>\n\n\n\n<p>&#8211; Organisation<\/p>\n\n\n\n<p>&#8211; Erf\u00fcllung der Berufsschulpflicht<\/p>\n\n\n\n<p>&#8211; R\u00fcckmeldung\/ Austausch <strong>(Sch\u00fcler, Personal, Eltern)<\/strong><\/p>\n\n\n\n<p><strong>Beschreibung\/ Kreis der Betroffenden:<\/strong><strong><\/strong><\/p>\n\n\n\n<p><strong>Sch\u00fcler:&nbsp;&nbsp;&nbsp;&nbsp;&nbsp;&nbsp; Verwaltung <\/strong><em>(Noten, Zeugnisse, Antr\u00e4ge, Akten, Ordnungsma\u00dfnahmen, <\/em><em><u>Erf\u00fcllung der (Berufs) Schulpflicht,<\/u><\/em><em> etc.)<\/em><\/p>\n\n\n\n<p><strong>Personal: Verwaltung und Organisation <\/strong>(Stammdaten, Einstellung, Versetzung, Fehlzeiten, Schulleistungsnachweise, Mehrarbeit, Vertretungsplan, Unterrichts-verteilung (Stundenplan), etc.)<\/p>\n\n\n\n<p><strong>Eltern <\/strong><em>(gem. \u00a7 123 SchulG):<\/em><\/p>\n\n\n\n<p><strong>Verwaltung <\/strong>(Kontaktdaten u.a. f\u00fcr R\u00fcckfragen und Notf\u00e4lle)<\/p>\n\n\n\n<p>Eine <strong>Weitergabe an Dritte <\/strong>erfolgt nur aus organisatorischen Gr\u00fcnden, die mit der DSGVO \u00fcbereinstimmen. Diese erfolgt in erster Linie in Form der \u00dcbermittlung der Sch\u00fclerstammdaten f\u00fcr <strong>schul\u00fcbergreifende Verwaltungszwecke <\/strong>im Rahmen der gesetzlich vorgeschriebenen <strong>Berufsschulpflicht (z.B. <\/strong>an Sch\u00fcler-Online)<sup>1<\/sup>.<\/p>\n\n\n\n<p>Ohne die <strong>schriftliche Einwilligung\/ Einverst\u00e4ndnis <\/strong>werden dar\u00fcber hinaus keine Daten an Dritte weitergegeben.<\/p>\n\n\n\n<p>1 <a href=\"http:\/\/www.schueleranmeldung.de\/\">www.schueleranmeldung.de<\/a> (zuletzt besucht am 03.06.201 8)<\/p>\n\n\n\n<figure class=\"wp-block-table\"><table><tbody><tr><td><\/td><td><strong>St\u00e4dtische Realschule Patternhof<br><\/strong>Patternhof 7<br>52249 Eschweiler<\/td><\/tr><\/tbody><\/table><\/figure>\n\n\n\n<p><strong>C. Art der gespeicherten Daten<\/strong><\/p>\n\n\n\n<figure class=\"wp-block-table\"><table><tbody><tr><td><strong>Bezeichnung<\/strong><\/td><td><strong>Inhalt<\/strong><\/td><\/tr><tr><td><strong>1. <\/strong>Name<\/td><td>Familienname der Person<\/td><\/tr><tr><td><strong>2. <\/strong>Vorname<\/td><td>Vorname der Person<\/td><\/tr><tr><td><strong>3. <\/strong>Geschlecht<\/td><td>m\u00e4nnlich \/ weiblich<\/td><\/tr><tr><td><strong>4. <\/strong>Alter\/ Geburtsdaten<\/td><td>Alter und Geburtdaten der Person<\/td><\/tr><tr><td><strong>5.&nbsp;&nbsp; <\/strong>Staatszugeh\u00f6rigkeit<\/td><td>Aktuelles Heimatland<\/td><\/tr><tr><td><strong>6.&nbsp;&nbsp;&nbsp; <\/strong>Konfession<\/td><td>Organisation der Religions- und Philosophiekurse<\/td><\/tr><tr><td><strong>7.&nbsp;&nbsp;&nbsp; <\/strong>Erziehungsberechtigte<\/td><td>Erreichbarkeit der Eltern\/ Erziehungsberechtigten<\/td><\/tr><tr><td><strong>8. <\/strong>Personengruppe<\/td><td>z.B. Klasse (S), Fachschaft (L)<\/td><\/tr><tr><td><strong>9. <\/strong>Identnummer<\/td><td>Identifikationsnummer LehrerIn (verschl\u00fcsselt)<\/td><\/tr><tr><td><strong>10. <\/strong>Sch\u00fclernummer<\/td><td>Identifikationsnummer (schulintern)<\/td><\/tr><tr><td><strong>11. <\/strong>Erreichbarkeit<\/td><td>Anschrift, Telefon, ggf. Fax, ggf. E-Mail\u2011 Adresse(n)<\/td><\/tr><tr><td><strong>12. <\/strong>Kurzbezeichnung Name<\/td><td>Namensk\u00fcrzel LehrerIn<\/td><\/tr><tr><td><strong>13. <\/strong>Zeugnisse und Leistungen:<\/td><td>Alle Zeugnis- und Klassenarbeitsnoten, alle sonstigen zeugnisrelevanten Leistungsangaben und Leistungsdokumente, Zeugnibemerkungen, Vermerke \u00fcber Benachteiligungen gem\u00e4\u00df \u00a7 50 Abs. 4 SchulG, Fehlzeiten.<\/td><\/tr><\/tbody><\/table><\/figure>\n\n\n\n<p>S = Sch\u00fclerIn&nbsp;&nbsp;&nbsp;&nbsp;&nbsp;&nbsp;&nbsp;&nbsp;&nbsp;&nbsp; L = LehrerIn<\/p>\n\n\n\n<figure class=\"wp-block-table\"><table><tbody><tr><td><\/td><td><strong>St\u00e4dtische Realschule Patternhof<br><\/strong>Patternhof 7<br>52249 Eschweiler<\/td><\/tr><\/tbody><\/table><\/figure>\n\n\n\n<p><strong>D. Direkte und indirekte Zugriffsberechtigte der personenbezogenen Daten (Art. 30 Abs. 1 S. 2)<\/strong><\/p>\n\n\n\n<p><strong><u>Intern zugriffsberechtigt<\/u><\/strong><strong> <\/strong><em><u>(direkter<\/u><\/em><em> Zugriff auf den Datensatz): <\/em><em>&#8211; <\/em>Schulleitung (direkter Zugriff auf den Datensatz):<\/p>\n\n\n\n<p>o Herr Momma, Herr Biener, Frau Cornetz &#8211; Sekretariat (direkter Zugriff auf den Datensatz):<\/p>\n\n\n\n<p>o Frau Clemens, Frau Sch\u00fcller<\/p>\n\n\n\n<p><strong><u>Externe Empf\u00e4nger<\/u><\/strong><strong> <\/strong><em><u>(kein direkter<\/u><\/em><em> Zugriff auf den Datensatz):<\/em><\/p>\n\n\n\n<p><em>&#8211; <\/em>Klassenlehrer:<\/p>\n\n\n\n<p>Erhalten eine Kopie mit den Kontaktdaten der SuS ihrer Klasse.<\/p>\n\n\n\n<p>&#8211; Fachlehrer:<\/p>\n\n\n\n<p>Erhalten ben\u00f6tigte personenbezogen bezogene Daten auf Anfrage im Sekretariat, insofern die Anfrage plausibel begr\u00fcndet ist.<\/p>\n\n\n\n<p>&#8211; Sch\u00fcler Online:<\/p>\n\n\n\n<p>Erh\u00e4lt lediglich die Stammdaten der S durch das Sekretariat. Die restlichen Daten m\u00fcssen die S. selbstst\u00e4ndig eintragen. Die Eltern werden \u00fcber diese Ma\u00dfahme informiert. Die Daten sind notwendig, damit die S erfolgreich an Schulen, Betriebe oder sonstige Institutionen zur Erf\u00fcllung der Berufsschulpfl icht vermittelt werden k\u00f6nnen.<sup>2<\/sup><\/p>\n\n\n\n<p>&#8211; Berufsberaterin (Frau Dohmen oder eine Vertretung):<\/p>\n\n\n\n<p>Erh\u00e4lt relevante Sch\u00fclerdaten unter der Aufsicht von Frau Cornetz (Stellvertr. Konrektorin) aus den Jahrg\u00e4ngen 9 und 10, um die S angemessen auf ihre Zukunft nach Abschluss der Klasse 10 vorzubereiten (weiterf\u00fchrende Schule, Ausbildung etc.), <a href=\"http:\/\/bzw.um\/\">bzw. um<\/a> die S im Sinne der Erf\u00fcllung der Schulpflicht angemessen zu versorgen. Vorab erfolgt eine Information an die Eltern.<\/p>\n\n\n\n<p>&#8211; Eltern gem. \u00a7 123 SchulG:<\/p>\n\n\n\n<p>Erhalten keine personenbezogenen Daten, die \u00fcber die des eigenen Kindes hinausgehen.<\/p>\n\n\n\n<p>2 Verfahrensverzeichnis von \u201e Sch\u00fcler Online\u201c:<\/p>\n\n\n\n<p>https: \/ \/<a href=\"http:\/\/www.schueleranmeldung.de\/Dokumentation\/KrzSSA\/\">www.schueleranmeldung.de\/Dokumentation\/KrzSSA\/<\/a> Infos\/Verfahrensbeschreibung. pdf (gesichtet: 03.06.2018)<\/p>\n\n\n\n<figure class=\"wp-block-table\"><table><tbody><tr><td><\/td><td><strong>St\u00e4dtische Realschule Patternhof<br><\/strong>Patternhof 7<br>52249 Eschweiler<\/td><\/tr><\/tbody><\/table><\/figure>\n\n\n\n<p><strong>E. Fristen f\u00fcr die L\u00f6schung der verschiedenen Datenkategorien (Art. 30 Abs. 1 S. 2 lit. f)<\/strong><\/p>\n\n\n\n<p>Die Verantwortlichen Personen setzten die folgenden Vorgaben gewissenhaft um<\/p>\n\n\n\n<ul class=\"wp-block-list\">\n<li>Sch\u00fclerkarteikarten und Sch\u00fclerlisten in Papierform sowie Abschluss- und Abgangszeugnisse m\u00fcssen sp\u00e4testens nach 50 Jahren, nachdem die Be\u00adtroffenen die Schule verlassen haben, gel\u00f6scht werden.<\/li>\n\n\n\n<li>Klassen- und Kurstageb\u00fccher sind nach Ablauf der jeweils folgenden f\u00fcnf Schuljahre zu l\u00f6schen.<\/li>\n\n\n\n<li>Schriftliche Einwilligungserkl\u00e4rungen zur Ver\u00f6ffentlichung von Fotos in einem Druckwerk sind f\u00fcnf Jahre nach der Ver\u00f6ffentlichung zu l\u00f6schen.<\/li>\n\n\n\n<li>Schriftliche Einwilligungserkl\u00e4rungen zur Ver\u00f6ffentlichung von Fotos auf der Homepage sind f\u00fcnf Jahre nach der Herausnahme aus der Homepage zu l\u00f6schen.<\/li>\n\n\n\n<li>Notenlisten und Klassenarbeiten sind nach dem Ende des jeweils n\u00e4chsten Schuljahres zu l\u00f6schen, sofern keine Rechtsmittel eingelegt worden sind.<\/li>\n\n\n\n<li>Pr\u00fcfungsunterlagen wie Pr\u00fcfungsniederschriften und Pr\u00fcfungsarbeiten m\u00fcssen f\u00fcnf Jahre nach Feststellung des Pr\u00fcfungsergebnisses gel\u00f6scht werden.<\/li>\n\n\n\n<li>Die Aufbewahrungsfrist f\u00fcr die in privaten ADV-Anlagen gespeicherten Daten betr\u00e4gt ein Jahr (vgl. \u00a7 9 Abs. 2 VO-DV I und \u00a7 9 Abs. 1 VO-DV II). Sie beginnt mit Ablauf des Kalenderjahres, in dem die Sch\u00fclerin oder der Sch\u00fcler (ggf. die Lehramtsanw\u00e4rterin\/der Lehramtsanw\u00e4rter, die Lehrkraft in Ausbildung) von der Lehrkraft nicht mehr unterrichtet (ausgebildet) wird. Dateien, wie auch deren Backups, sind nach Ablauf der Aufbewahrungsfristen von den privaten Endger\u00e4ten der Lehrkr\u00e4fte zu l\u00f6schen. Vor Ablauf dieser Fristen sind Daten, die auf Basis einer Einwilligung erhoben wurden, bei Widerruf derselben zu l\u00f6schen.<\/li>\n<\/ul>\n\n\n\n<p>W\u00e4hrend der Aufbewahrungszeit wird sichergestellt, dass die personenbezogenen Daten vor unbefugtem Zugriff gesch\u00fctzt sind. Elektronisch gespeicherte Daten k\u00f6nnen hierf\u00fcr auf verschl\u00fcsselten mobilen Festplatten gespeichert werden. Unterlagen mit personenbezogenen Daten wie Klassen- und Kurstageb\u00fccher oder<\/p>\n\n\n\n<figure class=\"wp-block-table\"><table><tbody><tr><td><\/td><td><strong>St\u00e4dtische Realschule Patternhof<br><\/strong>Patternhof 7<br>52249 Eschweiler<\/td><\/tr><\/tbody><\/table><\/figure>\n\n\n\n<p>Pr\u00fcfungsniederschriften werden in abschlie\u00dfbaren R\u00e4umlichkeiten bzw. Beh\u00e4ltnissen aufzubewahren.<\/p>\n\n\n\n<p>Die private Aufbewahrung personenbezogener Daten (insb. Fachlehrer Leistungen der S in seinen F\u00e4chern) muss durch die Schulleitung genehmigt werden .3<\/p>\n\n\n\n<p>Erstellt am:&nbsp;&nbsp;&nbsp;&nbsp;&nbsp;&nbsp;&nbsp;&nbsp;&nbsp;&nbsp;&nbsp;&nbsp;&nbsp;&nbsp;&nbsp;&nbsp;&nbsp;&nbsp;&nbsp;&nbsp;&nbsp;&nbsp;&nbsp;&nbsp; 25.05.2018<\/p>\n\n\n\n<p>Letzte Aktualisierung am: 01.08.2024<\/p>\n\n\n\n<p>Die Einhaltung, \u00dcberpr\u00fcfung, Evaluation und ggf. Aktualisierung wird von allen beteiligten Verantwortlichen bei Bedarf, mindestens jedoch ein Mal pro Schuljahr,<\/p>\n\n\n\n<figure class=\"wp-block-table\"><table><tbody><tr><td>durchgef\u00fchrt. Gez. J\u00fcrgen Momma<\/td><td>01.08.2024<\/td><td>&nbsp;<\/td><\/tr><tr><td>\u2026\u2026\u2026\u2026\u2026\u2026\u2026\u2026\u2026\u2026\u2026\u2026\u2026\u2026<\/td><td>\u2026\u2026\u2026\u2026\u2026\u2026\u2026\u2026<\/td><td>&#8230;&#8230;&#8230;&#8230;&#8230;&#8230;&#8230;&#8230;&#8230;&#8230;&#8230;&#8230;&#8230;&#8230;&#8230;&#8230;&#8230;.<\/td><\/tr><tr><td>Schulleitung<\/td><td>Datum<\/td><td>Unterschrift (liegt in Papierform vor und kann bei Bedarf im Sekretariat unserer Schule eingesehen werden).<\/td><\/tr><tr><td>&nbsp;<\/td><td>&nbsp;<\/td><td><\/td><\/tr><\/tbody><\/table><\/figure>\n\n\n\n<figure class=\"wp-block-table\"><table><tbody><tr><td><\/td><\/tr><tr><td><\/td><td><\/td><\/tr><\/tbody><\/table><\/figure>\n\n\n\n<p><\/p>\n","protected":false},"excerpt":{"rendered":"<p>St\u00e4dtische Realschule PatternhofPatternhof 752249 Eschweiler Europ\u00e4ische Datenschutzgrundverordnung (DSGVO)VERFAHRENSVERZEICHNIS der Realschule Patternhof Hinweise zum Verzeichnis von Verarbeitungst\u00e4tigkeiten, Art. 30 DS-GVO: Jeder Verantwortliche und jeder Auftragsverarbeiter erstellen und f\u00fchren ein Verzeichnis aller [&hellip;]<\/p>\n","protected":false},"author":6,"featured_media":0,"parent":0,"menu_order":0,"comment_status":"closed","ping_status":"closed","template":"","meta":{"_eb_attr":"","footnotes":""},"class_list":["post-5862","page","type-page","status-publish","hentry"],"yoast_head":"<!-- This site is optimized with the Yoast SEO plugin v27.5 - https:\/\/yoast.com\/product\/yoast-seo-wordpress\/ -->\n<title>DSGVO | RSP<\/title>\n<meta name=\"robots\" content=\"index, follow, max-snippet:-1, max-image-preview:large, max-video-preview:-1\" \/>\n<link rel=\"canonical\" href=\"https:\/\/patternhof.de\/?page_id=5862\" \/>\n<meta property=\"og:locale\" content=\"de_DE\" \/>\n<meta property=\"og:type\" content=\"article\" \/>\n<meta property=\"og:title\" content=\"DSGVO | RSP\" \/>\n<meta property=\"og:description\" content=\"St\u00e4dtische Realschule PatternhofPatternhof 752249 Eschweiler Europ\u00e4ische Datenschutzgrundverordnung (DSGVO)VERFAHRENSVERZEICHNIS der Realschule Patternhof Hinweise zum Verzeichnis von Verarbeitungst\u00e4tigkeiten, Art. 30 DS-GVO: Jeder Verantwortliche und jeder Auftragsverarbeiter erstellen und f\u00fchren ein Verzeichnis aller [&hellip;]\" \/>\n<meta property=\"og:url\" content=\"https:\/\/patternhof.de\/?page_id=5862\" \/>\n<meta property=\"og:site_name\" content=\"RSP\" \/>\n<meta property=\"article:modified_time\" content=\"2024-07-31T23:03:28+00:00\" \/>\n<meta name=\"twitter:card\" content=\"summary_large_image\" \/>\n<meta name=\"twitter:label1\" content=\"Gesch\u00e4tzte Lesezeit\" \/>\n\t<meta name=\"twitter:data1\" content=\"6\u00a0Minuten\" \/>\n<script type=\"application\/ld+json\" class=\"yoast-schema-graph\">{\"@context\":\"https:\\\/\\\/schema.org\",\"@graph\":[{\"@type\":\"WebPage\",\"@id\":\"https:\\\/\\\/patternhof.de\\\/?page_id=5862\",\"url\":\"https:\\\/\\\/patternhof.de\\\/?page_id=5862\",\"name\":\"DSGVO | RSP\",\"isPartOf\":{\"@id\":\"https:\\\/\\\/patternhof.de\\\/#website\"},\"datePublished\":\"2020-10-18T14:25:07+00:00\",\"dateModified\":\"2024-07-31T23:03:28+00:00\",\"breadcrumb\":{\"@id\":\"https:\\\/\\\/patternhof.de\\\/?page_id=5862#breadcrumb\"},\"inLanguage\":\"de\",\"potentialAction\":[{\"@type\":\"ReadAction\",\"target\":[\"https:\\\/\\\/patternhof.de\\\/?page_id=5862\"]}]},{\"@type\":\"BreadcrumbList\",\"@id\":\"https:\\\/\\\/patternhof.de\\\/?page_id=5862#breadcrumb\",\"itemListElement\":[{\"@type\":\"ListItem\",\"position\":1,\"name\":\"Startseite\",\"item\":\"https:\\\/\\\/patternhof.de\\\/\"},{\"@type\":\"ListItem\",\"position\":2,\"name\":\"DSGVO\"}]},{\"@type\":\"WebSite\",\"@id\":\"https:\\\/\\\/patternhof.de\\\/#website\",\"url\":\"https:\\\/\\\/patternhof.de\\\/\",\"name\":\"RSP\",\"description\":\"Realschule Patternhof\",\"publisher\":{\"@id\":\"https:\\\/\\\/patternhof.de\\\/#organization\"},\"potentialAction\":[{\"@type\":\"SearchAction\",\"target\":{\"@type\":\"EntryPoint\",\"urlTemplate\":\"https:\\\/\\\/patternhof.de\\\/?s={search_term_string}\"},\"query-input\":{\"@type\":\"PropertyValueSpecification\",\"valueRequired\":true,\"valueName\":\"search_term_string\"}}],\"inLanguage\":\"de\"},{\"@type\":\"Organization\",\"@id\":\"https:\\\/\\\/patternhof.de\\\/#organization\",\"name\":\"RSP\",\"url\":\"https:\\\/\\\/patternhof.de\\\/\",\"logo\":{\"@type\":\"ImageObject\",\"inLanguage\":\"de\",\"@id\":\"https:\\\/\\\/patternhof.de\\\/#\\\/schema\\\/logo\\\/image\\\/\",\"url\":\"https:\\\/\\\/i0.wp.com\\\/patternhof.de\\\/wp-content\\\/uploads\\\/2024\\\/11\\\/cropped-462d7d81-a052-4d12-af5f-728c2558fd5b.png?fit=1975%2C890&ssl=1\",\"contentUrl\":\"https:\\\/\\\/i0.wp.com\\\/patternhof.de\\\/wp-content\\\/uploads\\\/2024\\\/11\\\/cropped-462d7d81-a052-4d12-af5f-728c2558fd5b.png?fit=1975%2C890&ssl=1\",\"width\":1975,\"height\":890,\"caption\":\"RSP\"},\"image\":{\"@id\":\"https:\\\/\\\/patternhof.de\\\/#\\\/schema\\\/logo\\\/image\\\/\"}}]}<\/script>\n<!-- \/ Yoast SEO plugin. -->","yoast_head_json":{"title":"DSGVO | RSP","robots":{"index":"index","follow":"follow","max-snippet":"max-snippet:-1","max-image-preview":"max-image-preview:large","max-video-preview":"max-video-preview:-1"},"canonical":"https:\/\/patternhof.de\/?page_id=5862","og_locale":"de_DE","og_type":"article","og_title":"DSGVO | RSP","og_description":"St\u00e4dtische Realschule PatternhofPatternhof 752249 Eschweiler Europ\u00e4ische Datenschutzgrundverordnung (DSGVO)VERFAHRENSVERZEICHNIS der Realschule Patternhof Hinweise zum Verzeichnis von Verarbeitungst\u00e4tigkeiten, Art. 30 DS-GVO: Jeder Verantwortliche und jeder Auftragsverarbeiter erstellen und f\u00fchren ein Verzeichnis aller [&hellip;]","og_url":"https:\/\/patternhof.de\/?page_id=5862","og_site_name":"RSP","article_modified_time":"2024-07-31T23:03:28+00:00","twitter_card":"summary_large_image","twitter_misc":{"Gesch\u00e4tzte Lesezeit":"6\u00a0Minuten"},"schema":{"@context":"https:\/\/schema.org","@graph":[{"@type":"WebPage","@id":"https:\/\/patternhof.de\/?page_id=5862","url":"https:\/\/patternhof.de\/?page_id=5862","name":"DSGVO | RSP","isPartOf":{"@id":"https:\/\/patternhof.de\/#website"},"datePublished":"2020-10-18T14:25:07+00:00","dateModified":"2024-07-31T23:03:28+00:00","breadcrumb":{"@id":"https:\/\/patternhof.de\/?page_id=5862#breadcrumb"},"inLanguage":"de","potentialAction":[{"@type":"ReadAction","target":["https:\/\/patternhof.de\/?page_id=5862"]}]},{"@type":"BreadcrumbList","@id":"https:\/\/patternhof.de\/?page_id=5862#breadcrumb","itemListElement":[{"@type":"ListItem","position":1,"name":"Startseite","item":"https:\/\/patternhof.de\/"},{"@type":"ListItem","position":2,"name":"DSGVO"}]},{"@type":"WebSite","@id":"https:\/\/patternhof.de\/#website","url":"https:\/\/patternhof.de\/","name":"RSP","description":"Realschule Patternhof","publisher":{"@id":"https:\/\/patternhof.de\/#organization"},"potentialAction":[{"@type":"SearchAction","target":{"@type":"EntryPoint","urlTemplate":"https:\/\/patternhof.de\/?s={search_term_string}"},"query-input":{"@type":"PropertyValueSpecification","valueRequired":true,"valueName":"search_term_string"}}],"inLanguage":"de"},{"@type":"Organization","@id":"https:\/\/patternhof.de\/#organization","name":"RSP","url":"https:\/\/patternhof.de\/","logo":{"@type":"ImageObject","inLanguage":"de","@id":"https:\/\/patternhof.de\/#\/schema\/logo\/image\/","url":"https:\/\/i0.wp.com\/patternhof.de\/wp-content\/uploads\/2024\/11\/cropped-462d7d81-a052-4d12-af5f-728c2558fd5b.png?fit=1975%2C890&ssl=1","contentUrl":"https:\/\/i0.wp.com\/patternhof.de\/wp-content\/uploads\/2024\/11\/cropped-462d7d81-a052-4d12-af5f-728c2558fd5b.png?fit=1975%2C890&ssl=1","width":1975,"height":890,"caption":"RSP"},"image":{"@id":"https:\/\/patternhof.de\/#\/schema\/logo\/image\/"}}]}},"jetpack_sharing_enabled":true,"_links":{"self":[{"href":"https:\/\/patternhof.de\/index.php?rest_route=\/wp\/v2\/pages\/5862","targetHints":{"allow":["GET"]}}],"collection":[{"href":"https:\/\/patternhof.de\/index.php?rest_route=\/wp\/v2\/pages"}],"about":[{"href":"https:\/\/patternhof.de\/index.php?rest_route=\/wp\/v2\/types\/page"}],"author":[{"embeddable":true,"href":"https:\/\/patternhof.de\/index.php?rest_route=\/wp\/v2\/users\/6"}],"replies":[{"embeddable":true,"href":"https:\/\/patternhof.de\/index.php?rest_route=%2Fwp%2Fv2%2Fcomments&post=5862"}],"version-history":[{"count":16,"href":"https:\/\/patternhof.de\/index.php?rest_route=\/wp\/v2\/pages\/5862\/revisions"}],"predecessor-version":[{"id":10305,"href":"https:\/\/patternhof.de\/index.php?rest_route=\/wp\/v2\/pages\/5862\/revisions\/10305"}],"wp:attachment":[{"href":"https:\/\/patternhof.de\/index.php?rest_route=%2Fwp%2Fv2%2Fmedia&parent=5862"}],"curies":[{"name":"wp","href":"https:\/\/api.w.org\/{rel}","templated":true}]}}