{"id":453,"date":"2017-11-15T09:03:24","date_gmt":"2017-11-15T08:03:24","guid":{"rendered":"http:\/\/rs-patternhof.de\/?page_id=453"},"modified":"2024-11-24T13:37:24","modified_gmt":"2024-11-24T12:37:24","slug":"berufsorientierung","status":"publish","type":"page","link":"https:\/\/patternhof.de\/?page_id=453","title":{"rendered":"Berufsorientierung"},"content":{"rendered":"\t\t<div data-elementor-type=\"wp-page\" data-elementor-id=\"453\" class=\"elementor elementor-453\">\n\t\t\t\t\t\t<section class=\"elementor-section elementor-top-section elementor-element elementor-element-8008df6 elementor-section-boxed elementor-section-height-default elementor-section-height-default\" data-id=\"8008df6\" data-element_type=\"section\">\n\t\t\t\t\t\t<div class=\"elementor-container elementor-column-gap-default\">\n\t\t\t\t\t<div class=\"elementor-column elementor-col-100 elementor-top-column elementor-element elementor-element-959000b\" data-id=\"959000b\" data-element_type=\"column\">\n\t\t\t<div class=\"elementor-widget-wrap elementor-element-populated\">\n\t\t\t\t\t\t<div class=\"elementor-element elementor-element-55e7a96 elementor-widget__width-initial elementor-view-default elementor-widget elementor-widget-icon\" data-id=\"55e7a96\" data-element_type=\"widget\" data-widget_type=\"icon.default\">\n\t\t\t\t<div class=\"elementor-widget-container\">\n\t\t\t\t\t<div class=\"elementor-icon-wrapper\">\n\t\t\t<a class=\"elementor-icon elementor-animation-pop\" href=\"https:\/\/patternhof.de\">\n\t\t\t<i aria-hidden=\"true\" class=\"fas fa-home\"><\/i>\t\t\t<\/a>\n\t\t<\/div>\n\t\t\t\t<\/div>\n\t\t\t\t<\/div>\n\t\t\t\t\t<\/div>\n\t\t<\/div>\n\t\t\t\t\t<\/div>\n\t\t<\/section>\n\t\t\t\t<section class=\"elementor-section elementor-top-section elementor-element elementor-element-f63289c elementor-section-boxed elementor-section-height-default elementor-section-height-default\" data-id=\"f63289c\" data-element_type=\"section\">\n\t\t\t\t\t\t<div class=\"elementor-container elementor-column-gap-default\">\n\t\t\t\t\t<div class=\"elementor-column elementor-col-50 elementor-top-column elementor-element elementor-element-be69481\" data-id=\"be69481\" data-element_type=\"column\">\n\t\t\t<div class=\"elementor-widget-wrap elementor-element-populated\">\n\t\t\t\t\t\t<div class=\"elementor-element elementor-element-566436b elementor-widget__width-initial elementor-widget elementor-widget-html\" data-id=\"566436b\" data-element_type=\"widget\" data-widget_type=\"html.default\">\n\t\t\t\t<div class=\"elementor-widget-container\">\n\t\t\t<a href=\"https:\/\/www.arbeitsagentur.de\/vor-ort\/aachen-dueren\/realschule-patternhof-sek1-eschweiler?pk_campaign=schulwebsite\" title=\"Informationen zur Studien- und Schulberatung an Ihrer Schule finden Sie hier. Sie gelangen auf das Angebot der Bundesagentur f\u00fcr Arbeit\"><img data-recalc-dims=\"1\" decoding=\"async\" src=\"https:\/\/i0.wp.com\/web.arbeitsagentur.de\/cms-dezentrale-dst-redaktion-prod-media\/prodddst\/s3fs-public\/styles\/webp\/public\/2023-05\/schulbanner-bundesagentur-fuer-arbeit.jpg.webp?ssl=1\" alt=\"Informationen zur Studien- und Schulberatung an Ihrer Schule finden Sie hier. informieren sie sich auf der Seite der Bundesagentur f\u00fcr Arbeit\"  ><\/a>\t\t<\/div>\n\t\t\t\t<\/div>\n\t\t\t\t\t<\/div>\n\t\t<\/div>\n\t\t\t\t<div class=\"elementor-column elementor-col-50 elementor-top-column elementor-element elementor-element-a22de18\" data-id=\"a22de18\" data-element_type=\"column\">\n\t\t\t<div class=\"elementor-widget-wrap elementor-element-populated\">\n\t\t\t\t\t\t<div class=\"elementor-element elementor-element-bf7bb25 elementor-align-justify elementor-widget elementor-widget-button\" data-id=\"bf7bb25\" data-element_type=\"widget\" data-widget_type=\"button.default\">\n\t\t\t\t<div class=\"elementor-widget-container\">\n\t\t\t\t\t<div class=\"elementor-button-wrapper\">\n\t\t\t<a class=\"elementor-button elementor-button-link elementor-size-sm elementor-animation-grow\" href=\"http:\/\/patternhof.de\/wp-content\/uploads\/2024\/11\/Plakat-ueber-die-aktuellen-Ausbildungsangebote-10.2025.pdf\" target=\"_blank\">\n\t\t\t\t\t\t<span class=\"elementor-button-content-wrapper\">\n\t\t\t\t\t\t\t\t\t<span class=\"elementor-button-text\">Ausbildungsstellen bei der Stadt Eschweiler<\/span>\n\t\t\t\t\t<\/span>\n\t\t\t\t\t<\/a>\n\t\t<\/div>\n\t\t\t\t<\/div>\n\t\t\t\t<\/div>\n\t\t\t\t\t<\/div>\n\t\t<\/div>\n\t\t\t\t\t<\/div>\n\t\t<\/section>\n\t\t\t\t<section class=\"elementor-section elementor-top-section elementor-element elementor-element-3dd4fa4 elementor-section-boxed elementor-section-height-default elementor-section-height-default\" data-id=\"3dd4fa4\" data-element_type=\"section\">\n\t\t\t\t\t\t<div class=\"elementor-container elementor-column-gap-default\">\n\t\t\t\t\t<div class=\"elementor-column elementor-col-100 elementor-top-column elementor-element elementor-element-be69399\" data-id=\"be69399\" data-element_type=\"column\">\n\t\t\t<div class=\"elementor-widget-wrap elementor-element-populated\">\n\t\t\t\t\t\t<div class=\"elementor-element elementor-element-bc7c272 elementor-widget elementor-widget-text-editor\" data-id=\"bc7c272\" data-element_type=\"widget\" data-widget_type=\"text-editor.default\">\n\t\t\t\t<div class=\"elementor-widget-container\">\n\t\t\t<style>\/*! elementor - v3.22.0 - 17-06-2024 *\/\n.elementor-widget-text-editor.elementor-drop-cap-view-stacked .elementor-drop-cap{background-color:#69727d;color:#fff}.elementor-widget-text-editor.elementor-drop-cap-view-framed .elementor-drop-cap{color:#69727d;border:3px solid;background-color:transparent}.elementor-widget-text-editor:not(.elementor-drop-cap-view-default) .elementor-drop-cap{margin-top:8px}.elementor-widget-text-editor:not(.elementor-drop-cap-view-default) .elementor-drop-cap-letter{width:1em;height:1em}.elementor-widget-text-editor .elementor-drop-cap{float:left;text-align:center;line-height:1;font-size:50px}.elementor-widget-text-editor .elementor-drop-cap-letter{display:inline-block}<\/style>\t\t\t\t<p style=\"text-align: center;\"><span style=\"color: #800000;\"><strong>Diese Seite wird aktuell neu strukturiert und \u00fcberarbeitet.<\/strong><\/span><br \/>Wenden Sie sich bei wichtigen Fragen bitte per E-Mail an: bo[at]patternhof.de<\/p>\t\t\t\t\t\t<\/div>\n\t\t\t\t<\/div>\n\t\t\t\t\t<\/div>\n\t\t<\/div>\n\t\t\t\t\t<\/div>\n\t\t<\/section>\n\t\t\t\t<section class=\"elementor-section elementor-top-section elementor-element elementor-element-67ce5fd0 elementor-section-boxed elementor-section-height-default elementor-section-height-default\" data-id=\"67ce5fd0\" data-element_type=\"section\">\n\t\t\t\t\t\t<div class=\"elementor-container elementor-column-gap-default\">\n\t\t\t\t\t<div class=\"elementor-column elementor-col-100 elementor-top-column elementor-element elementor-element-43c5d10a\" data-id=\"43c5d10a\" data-element_type=\"column\">\n\t\t\t<div class=\"elementor-widget-wrap elementor-element-populated\">\n\t\t\t\t\t\t<div class=\"elementor-element elementor-element-1cc3fc82 elementor-widget elementor-widget-text-editor\" data-id=\"1cc3fc82\" data-element_type=\"widget\" data-widget_type=\"text-editor.default\">\n\t\t\t\t<div class=\"elementor-widget-container\">\n\t\t\t\t\t\t\t<h4 style=\"text-align: center;\" align=\"center\"><strong><span style=\"text-decoration: underline;\">Berufswahlorientierung an der RSP<\/span><\/strong><\/h4><p><strong><img fetchpriority=\"high\" decoding=\"async\" data-recalc-dims=\"1\" class=\"wp-image-5985 alignleft\" style=\"text-align: justify;\" src=\"https:\/\/i0.wp.com\/patternhof.de\/wp-content\/uploads\/2020\/11\/Berufswahlvorbereitung.jpg?resize=413%2C330\" alt=\"\" width=\"413\" height=\"330\" srcset=\"https:\/\/i0.wp.com\/patternhof.de\/wp-content\/uploads\/2020\/11\/Berufswahlvorbereitung.jpg?w=1170&amp;ssl=1 1170w, https:\/\/i0.wp.com\/patternhof.de\/wp-content\/uploads\/2020\/11\/Berufswahlvorbereitung.jpg?resize=300%2C240&amp;ssl=1 300w, https:\/\/i0.wp.com\/patternhof.de\/wp-content\/uploads\/2020\/11\/Berufswahlvorbereitung.jpg?resize=1024%2C818&amp;ssl=1 1024w, https:\/\/i0.wp.com\/patternhof.de\/wp-content\/uploads\/2020\/11\/Berufswahlvorbereitung.jpg?resize=768%2C614&amp;ssl=1 768w\" sizes=\"(max-width: 413px) 100vw, 413px\" \/>Respektvolles Miteinander \u2013 St\u00e4rken erkennen \u2013 Pers\u00f6nlichkeit bilden.<\/strong> Dieses Leitmotiv pr\u00e4gt das Leben und Lernen an der Realschule Patternhof (RSP) und spiegelt sich insbesondere im Bereich der Berufsorientierung wider.<\/p><p>Bereits ab Jahrgang 5 legen wir den Grundstein f\u00fcr eine gezielte Zukunftsplanung. Mit zunehmendem Alter und ab Jahrgang 8 intensivieren wir unsere Unterst\u00fctzung, um die Sch\u00fcler*innen Schritt f\u00fcr Schritt auf die Herausforderungen des Berufslebens vorzubereiten. Unser Ziel ist klar: Am Ende ihrer Schullaufbahn sollen die Jugendlichen nicht nur gut informiert, sondern auch individuell optimal vorbereitet in ihre Zukunft starten k\u00f6nnen.<\/p><p>So werden die Sch\u00fcler*innen die RSP nicht nur mit einem Zeugnis verlassen \u2013 sondern mit einer starken Pers\u00f6nlichkeit, einer respektvollen Haltung und der \u00dcberzeugung, ihren eigenen Weg mit Selbstbewusstsein und Klarheit gehen zu k\u00f6nnen. <strong>Respektvolles Miteinander, St\u00e4rken erkennen, Pers\u00f6nlichkeit bilden \u2013 Werte, die sie ein Leben lang begleiten werden.<\/strong><\/p><h4 style=\"text-align: center;\"><strong><u>Jahrgangsstufen 5-7<\/u><\/strong><\/h4><ul><li>Integration in das Unterrichtsfach RSP: <strong>R<\/strong>espektvolles Miteinander, <strong>S<\/strong>tarker Zusammenhalt, <strong>P<\/strong>ers\u00f6nlichkeit bilden.<\/li><li>Projekttage<\/li><li>Praktische Berufseinblicke, wie z.B. F\u00f6rster (Fachschaft Biologie), S\u00e4gewerk (Fachschaft Technik)<\/li><li>Integration in den Fachunterricht, z.B. Arbeitsplatz sauber halten (Kunst), Dream Jobs (Englisch), Rechte und Pflichten (Politik), Datenschutz und Textverarbeitung (Informatik), Globalisierung (Erdkunde), Erste Berufsvorstellungen (Sozialwissenschaften), uvm.<\/li><li>Spiezialisierung durch Wahl eines Differenzierten Hauptfaches in Jahrgang 7: Franz\u00f6sisch, Informatik, Sozialwissenschaften, Technik<\/li><\/ul><h4 style=\"text-align: center;\"><strong><u>Jahrgangsstufen 8-10<\/u><\/strong><\/h4><ul><li>Integration in das Unterrichtsfach RSP: <strong>R<\/strong>espektvolles Miteinander, <strong>S<\/strong>tarker Zusammenhalt, <strong>P<\/strong>ers\u00f6nlichkeit bilden.<\/li><li>Besuch von Berufsmessen (z.B. Vocatium Aachen)<\/li><li>Berufsfelderkundung (BFE)<\/li><li>Potentialanalyse<\/li><li>Boys&#8216; and Girls&#8216; day<\/li><li>Sch\u00fclerbetriebspraktikum (3 Wochen)<\/li><li>Sch\u00fcler Online<\/li><li>Hospitation an einer weiterf\u00fchrenden Schule (z.B. BK Eschweiler)<\/li><li>Besuch von Berufsmessen (z.B. Vocatium Aachen)<\/li><li>Individuelle Berufsberatung: Herr Wirtz (Agentur f\u00fcr Arbeit)<\/li><li>Einstellungstest (z.B. Sparkasse)\u00a0<\/li><li>u.v.m.<\/li><\/ul><p style=\"text-align: justify;\">\u00a0<\/p>\t\t\t\t\t\t<\/div>\n\t\t\t\t<\/div>\n\t\t\t\t\t<\/div>\n\t\t<\/div>\n\t\t\t\t\t<\/div>\n\t\t<\/section>\n\t\t\t\t<\/div>\n\t\t","protected":false},"excerpt":{"rendered":"<p>Ausbildungsstellen bei der Stadt Eschweiler Diese Seite wird aktuell neu strukturiert und \u00fcberarbeitet.Wenden Sie sich bei wichtigen Fragen bitte per E-Mail an: bo[at]patternhof.de Berufswahlorientierung an der RSP Respektvolles Miteinander \u2013 [&hellip;]<\/p>\n","protected":false},"author":6,"featured_media":0,"parent":0,"menu_order":0,"comment_status":"closed","ping_status":"closed","template":"","meta":{"_eb_attr":"","footnotes":""},"class_list":["post-453","page","type-page","status-publish","hentry"],"yoast_head":"<!-- This site is optimized with the Yoast SEO plugin v27.4 - https:\/\/yoast.com\/product\/yoast-seo-wordpress\/ -->\n<title>Berufsorientierung | RSP<\/title>\n<meta name=\"robots\" content=\"index, follow, max-snippet:-1, max-image-preview:large, max-video-preview:-1\" \/>\n<link rel=\"canonical\" href=\"https:\/\/patternhof.de\/?page_id=453\" \/>\n<meta property=\"og:locale\" content=\"de_DE\" \/>\n<meta property=\"og:type\" content=\"article\" \/>\n<meta property=\"og:title\" content=\"Berufsorientierung | RSP\" \/>\n<meta property=\"og:description\" content=\"Ausbildungsstellen bei der Stadt Eschweiler Diese Seite wird aktuell neu strukturiert und \u00fcberarbeitet.Wenden Sie sich bei wichtigen Fragen bitte per E-Mail an: bo[at]patternhof.de Berufswahlorientierung an der RSP Respektvolles Miteinander \u2013 [&hellip;]\" \/>\n<meta property=\"og:url\" content=\"https:\/\/patternhof.de\/?page_id=453\" \/>\n<meta property=\"og:site_name\" content=\"RSP\" \/>\n<meta property=\"article:modified_time\" content=\"2024-11-24T12:37:24+00:00\" \/>\n<meta property=\"og:image\" content=\"https:\/\/web.arbeitsagentur.de\/cms-dezentrale-dst-redaktion-prod-media\/prodddst\/s3fs-public\/styles\/webp\/public\/2023-05\/schulbanner-bundesagentur-fuer-arbeit.jpg.webp\" \/>\n<meta name=\"twitter:card\" content=\"summary_large_image\" \/>\n<meta name=\"twitter:label1\" content=\"Gesch\u00e4tzte Lesezeit\" \/>\n\t<meta name=\"twitter:data1\" content=\"2\u00a0Minuten\" \/>\n<script type=\"application\/ld+json\" class=\"yoast-schema-graph\">{\"@context\":\"https:\\\/\\\/schema.org\",\"@graph\":[{\"@type\":\"WebPage\",\"@id\":\"https:\\\/\\\/patternhof.de\\\/?page_id=453\",\"url\":\"https:\\\/\\\/patternhof.de\\\/?page_id=453\",\"name\":\"Berufsorientierung | RSP\",\"isPartOf\":{\"@id\":\"https:\\\/\\\/patternhof.de\\\/#website\"},\"primaryImageOfPage\":{\"@id\":\"https:\\\/\\\/patternhof.de\\\/?page_id=453#primaryimage\"},\"image\":{\"@id\":\"https:\\\/\\\/patternhof.de\\\/?page_id=453#primaryimage\"},\"thumbnailUrl\":\"https:\\\/\\\/web.arbeitsagentur.de\\\/cms-dezentrale-dst-redaktion-prod-media\\\/prodddst\\\/s3fs-public\\\/styles\\\/webp\\\/public\\\/2023-05\\\/schulbanner-bundesagentur-fuer-arbeit.jpg.webp\",\"datePublished\":\"2017-11-15T08:03:24+00:00\",\"dateModified\":\"2024-11-24T12:37:24+00:00\",\"breadcrumb\":{\"@id\":\"https:\\\/\\\/patternhof.de\\\/?page_id=453#breadcrumb\"},\"inLanguage\":\"de\",\"potentialAction\":[{\"@type\":\"ReadAction\",\"target\":[\"https:\\\/\\\/patternhof.de\\\/?page_id=453\"]}]},{\"@type\":\"ImageObject\",\"inLanguage\":\"de\",\"@id\":\"https:\\\/\\\/patternhof.de\\\/?page_id=453#primaryimage\",\"url\":\"https:\\\/\\\/web.arbeitsagentur.de\\\/cms-dezentrale-dst-redaktion-prod-media\\\/prodddst\\\/s3fs-public\\\/styles\\\/webp\\\/public\\\/2023-05\\\/schulbanner-bundesagentur-fuer-arbeit.jpg.webp\",\"contentUrl\":\"https:\\\/\\\/web.arbeitsagentur.de\\\/cms-dezentrale-dst-redaktion-prod-media\\\/prodddst\\\/s3fs-public\\\/styles\\\/webp\\\/public\\\/2023-05\\\/schulbanner-bundesagentur-fuer-arbeit.jpg.webp\"},{\"@type\":\"BreadcrumbList\",\"@id\":\"https:\\\/\\\/patternhof.de\\\/?page_id=453#breadcrumb\",\"itemListElement\":[{\"@type\":\"ListItem\",\"position\":1,\"name\":\"Startseite\",\"item\":\"https:\\\/\\\/patternhof.de\\\/\"},{\"@type\":\"ListItem\",\"position\":2,\"name\":\"Berufsorientierung\"}]},{\"@type\":\"WebSite\",\"@id\":\"https:\\\/\\\/patternhof.de\\\/#website\",\"url\":\"https:\\\/\\\/patternhof.de\\\/\",\"name\":\"RSP\",\"description\":\"Realschule Patternhof\",\"publisher\":{\"@id\":\"https:\\\/\\\/patternhof.de\\\/#organization\"},\"potentialAction\":[{\"@type\":\"SearchAction\",\"target\":{\"@type\":\"EntryPoint\",\"urlTemplate\":\"https:\\\/\\\/patternhof.de\\\/?s={search_term_string}\"},\"query-input\":{\"@type\":\"PropertyValueSpecification\",\"valueRequired\":true,\"valueName\":\"search_term_string\"}}],\"inLanguage\":\"de\"},{\"@type\":\"Organization\",\"@id\":\"https:\\\/\\\/patternhof.de\\\/#organization\",\"name\":\"RSP\",\"url\":\"https:\\\/\\\/patternhof.de\\\/\",\"logo\":{\"@type\":\"ImageObject\",\"inLanguage\":\"de\",\"@id\":\"https:\\\/\\\/patternhof.de\\\/#\\\/schema\\\/logo\\\/image\\\/\",\"url\":\"https:\\\/\\\/i0.wp.com\\\/patternhof.de\\\/wp-content\\\/uploads\\\/2024\\\/11\\\/cropped-462d7d81-a052-4d12-af5f-728c2558fd5b.png?fit=1975%2C890&ssl=1\",\"contentUrl\":\"https:\\\/\\\/i0.wp.com\\\/patternhof.de\\\/wp-content\\\/uploads\\\/2024\\\/11\\\/cropped-462d7d81-a052-4d12-af5f-728c2558fd5b.png?fit=1975%2C890&ssl=1\",\"width\":1975,\"height\":890,\"caption\":\"RSP\"},\"image\":{\"@id\":\"https:\\\/\\\/patternhof.de\\\/#\\\/schema\\\/logo\\\/image\\\/\"}}]}<\/script>\n<!-- \/ Yoast SEO plugin. -->","yoast_head_json":{"title":"Berufsorientierung | RSP","robots":{"index":"index","follow":"follow","max-snippet":"max-snippet:-1","max-image-preview":"max-image-preview:large","max-video-preview":"max-video-preview:-1"},"canonical":"https:\/\/patternhof.de\/?page_id=453","og_locale":"de_DE","og_type":"article","og_title":"Berufsorientierung | RSP","og_description":"Ausbildungsstellen bei der Stadt Eschweiler Diese Seite wird aktuell neu strukturiert und \u00fcberarbeitet.Wenden Sie sich bei wichtigen Fragen bitte per E-Mail an: bo[at]patternhof.de Berufswahlorientierung an der RSP Respektvolles Miteinander \u2013 [&hellip;]","og_url":"https:\/\/patternhof.de\/?page_id=453","og_site_name":"RSP","article_modified_time":"2024-11-24T12:37:24+00:00","og_image":[{"url":"https:\/\/web.arbeitsagentur.de\/cms-dezentrale-dst-redaktion-prod-media\/prodddst\/s3fs-public\/styles\/webp\/public\/2023-05\/schulbanner-bundesagentur-fuer-arbeit.jpg.webp","type":"","width":"","height":""}],"twitter_card":"summary_large_image","twitter_misc":{"Gesch\u00e4tzte Lesezeit":"2\u00a0Minuten"},"schema":{"@context":"https:\/\/schema.org","@graph":[{"@type":"WebPage","@id":"https:\/\/patternhof.de\/?page_id=453","url":"https:\/\/patternhof.de\/?page_id=453","name":"Berufsorientierung | RSP","isPartOf":{"@id":"https:\/\/patternhof.de\/#website"},"primaryImageOfPage":{"@id":"https:\/\/patternhof.de\/?page_id=453#primaryimage"},"image":{"@id":"https:\/\/patternhof.de\/?page_id=453#primaryimage"},"thumbnailUrl":"https:\/\/web.arbeitsagentur.de\/cms-dezentrale-dst-redaktion-prod-media\/prodddst\/s3fs-public\/styles\/webp\/public\/2023-05\/schulbanner-bundesagentur-fuer-arbeit.jpg.webp","datePublished":"2017-11-15T08:03:24+00:00","dateModified":"2024-11-24T12:37:24+00:00","breadcrumb":{"@id":"https:\/\/patternhof.de\/?page_id=453#breadcrumb"},"inLanguage":"de","potentialAction":[{"@type":"ReadAction","target":["https:\/\/patternhof.de\/?page_id=453"]}]},{"@type":"ImageObject","inLanguage":"de","@id":"https:\/\/patternhof.de\/?page_id=453#primaryimage","url":"https:\/\/web.arbeitsagentur.de\/cms-dezentrale-dst-redaktion-prod-media\/prodddst\/s3fs-public\/styles\/webp\/public\/2023-05\/schulbanner-bundesagentur-fuer-arbeit.jpg.webp","contentUrl":"https:\/\/web.arbeitsagentur.de\/cms-dezentrale-dst-redaktion-prod-media\/prodddst\/s3fs-public\/styles\/webp\/public\/2023-05\/schulbanner-bundesagentur-fuer-arbeit.jpg.webp"},{"@type":"BreadcrumbList","@id":"https:\/\/patternhof.de\/?page_id=453#breadcrumb","itemListElement":[{"@type":"ListItem","position":1,"name":"Startseite","item":"https:\/\/patternhof.de\/"},{"@type":"ListItem","position":2,"name":"Berufsorientierung"}]},{"@type":"WebSite","@id":"https:\/\/patternhof.de\/#website","url":"https:\/\/patternhof.de\/","name":"RSP","description":"Realschule Patternhof","publisher":{"@id":"https:\/\/patternhof.de\/#organization"},"potentialAction":[{"@type":"SearchAction","target":{"@type":"EntryPoint","urlTemplate":"https:\/\/patternhof.de\/?s={search_term_string}"},"query-input":{"@type":"PropertyValueSpecification","valueRequired":true,"valueName":"search_term_string"}}],"inLanguage":"de"},{"@type":"Organization","@id":"https:\/\/patternhof.de\/#organization","name":"RSP","url":"https:\/\/patternhof.de\/","logo":{"@type":"ImageObject","inLanguage":"de","@id":"https:\/\/patternhof.de\/#\/schema\/logo\/image\/","url":"https:\/\/i0.wp.com\/patternhof.de\/wp-content\/uploads\/2024\/11\/cropped-462d7d81-a052-4d12-af5f-728c2558fd5b.png?fit=1975%2C890&ssl=1","contentUrl":"https:\/\/i0.wp.com\/patternhof.de\/wp-content\/uploads\/2024\/11\/cropped-462d7d81-a052-4d12-af5f-728c2558fd5b.png?fit=1975%2C890&ssl=1","width":1975,"height":890,"caption":"RSP"},"image":{"@id":"https:\/\/patternhof.de\/#\/schema\/logo\/image\/"}}]}},"jetpack_sharing_enabled":true,"_links":{"self":[{"href":"https:\/\/patternhof.de\/index.php?rest_route=\/wp\/v2\/pages\/453","targetHints":{"allow":["GET"]}}],"collection":[{"href":"https:\/\/patternhof.de\/index.php?rest_route=\/wp\/v2\/pages"}],"about":[{"href":"https:\/\/patternhof.de\/index.php?rest_route=\/wp\/v2\/types\/page"}],"author":[{"embeddable":true,"href":"https:\/\/patternhof.de\/index.php?rest_route=\/wp\/v2\/users\/6"}],"replies":[{"embeddable":true,"href":"https:\/\/patternhof.de\/index.php?rest_route=%2Fwp%2Fv2%2Fcomments&post=453"}],"version-history":[{"count":63,"href":"https:\/\/patternhof.de\/index.php?rest_route=\/wp\/v2\/pages\/453\/revisions"}],"predecessor-version":[{"id":11054,"href":"https:\/\/patternhof.de\/index.php?rest_route=\/wp\/v2\/pages\/453\/revisions\/11054"}],"wp:attachment":[{"href":"https:\/\/patternhof.de\/index.php?rest_route=%2Fwp%2Fv2%2Fmedia&parent=453"}],"curies":[{"name":"wp","href":"https:\/\/api.w.org\/{rel}","templated":true}]}}