{"id":3343,"date":"2018-04-25T08:22:10","date_gmt":"2018-04-25T06:22:10","guid":{"rendered":"http:\/\/rs-patternhof.de\/?page_id=3343"},"modified":"2022-05-26T04:42:14","modified_gmt":"2022-05-26T04:42:14","slug":"verruecktna-und","status":"publish","type":"page","link":"https:\/\/patternhof.de\/?page_id=3343","title":{"rendered":"Verr\u00fcckt? &#8211; Na und!"},"content":{"rendered":"\t\t<div data-elementor-type=\"wp-page\" data-elementor-id=\"3343\" class=\"elementor elementor-3343\">\n\t\t\t\t\t\t<section class=\"elementor-section elementor-top-section elementor-element elementor-element-ed97bf2 elementor-section-boxed elementor-section-height-default elementor-section-height-default\" data-id=\"ed97bf2\" data-element_type=\"section\">\n\t\t\t\t\t\t<div class=\"elementor-container elementor-column-gap-default\">\n\t\t\t\t\t<div class=\"elementor-column elementor-col-25 elementor-top-column elementor-element elementor-element-66d17af\" data-id=\"66d17af\" data-element_type=\"column\">\n\t\t\t<div class=\"elementor-widget-wrap elementor-element-populated\">\n\t\t\t\t\t\t<div class=\"elementor-element elementor-element-6f812f0 elementor-view-default elementor-widget elementor-widget-icon\" data-id=\"6f812f0\" data-element_type=\"widget\" data-widget_type=\"icon.default\">\n\t\t\t\t<div class=\"elementor-widget-container\">\n\t\t\t\t\t<div class=\"elementor-icon-wrapper\">\n\t\t\t<a class=\"elementor-icon elementor-animation-pop\" href=\"https:\/\/patternhof.de\/?page_id=7274\">\n\t\t\t<i aria-hidden=\"true\" class=\"fas fa-backward\"><\/i>\t\t\t<\/a>\n\t\t<\/div>\n\t\t\t\t<\/div>\n\t\t\t\t<\/div>\n\t\t\t\t\t<\/div>\n\t\t<\/div>\n\t\t\t\t<div class=\"elementor-column elementor-col-25 elementor-top-column elementor-element elementor-element-a535f65\" data-id=\"a535f65\" data-element_type=\"column\">\n\t\t\t<div class=\"elementor-widget-wrap\">\n\t\t\t\t\t\t\t<\/div>\n\t\t<\/div>\n\t\t\t\t<div class=\"elementor-column elementor-col-25 elementor-top-column elementor-element elementor-element-594b4d3\" data-id=\"594b4d3\" data-element_type=\"column\">\n\t\t\t<div class=\"elementor-widget-wrap\">\n\t\t\t\t\t\t\t<\/div>\n\t\t<\/div>\n\t\t\t\t<div class=\"elementor-column elementor-col-25 elementor-top-column elementor-element elementor-element-a365aab\" data-id=\"a365aab\" data-element_type=\"column\">\n\t\t\t<div class=\"elementor-widget-wrap\">\n\t\t\t\t\t\t\t<\/div>\n\t\t<\/div>\n\t\t\t\t\t<\/div>\n\t\t<\/section>\n\t\t\t\t<section class=\"elementor-section elementor-top-section elementor-element elementor-element-7364caa6 elementor-section-boxed elementor-section-height-default elementor-section-height-default\" data-id=\"7364caa6\" data-element_type=\"section\">\n\t\t\t\t\t\t<div class=\"elementor-container elementor-column-gap-default\">\n\t\t\t\t\t<div class=\"elementor-column elementor-col-100 elementor-top-column elementor-element elementor-element-12fc9460\" data-id=\"12fc9460\" data-element_type=\"column\">\n\t\t\t<div class=\"elementor-widget-wrap elementor-element-populated\">\n\t\t\t\t\t\t<div class=\"elementor-element elementor-element-6b8cd3c5 elementor-widget elementor-widget-text-editor\" data-id=\"6b8cd3c5\" data-element_type=\"widget\" data-widget_type=\"text-editor.default\">\n\t\t\t\t<div class=\"elementor-widget-container\">\n\t\t\t<style>\/*! elementor - v3.22.0 - 17-06-2024 *\/\n.elementor-widget-text-editor.elementor-drop-cap-view-stacked .elementor-drop-cap{background-color:#69727d;color:#fff}.elementor-widget-text-editor.elementor-drop-cap-view-framed .elementor-drop-cap{color:#69727d;border:3px solid;background-color:transparent}.elementor-widget-text-editor:not(.elementor-drop-cap-view-default) .elementor-drop-cap{margin-top:8px}.elementor-widget-text-editor:not(.elementor-drop-cap-view-default) .elementor-drop-cap-letter{width:1em;height:1em}.elementor-widget-text-editor .elementor-drop-cap{float:left;text-align:center;line-height:1;font-size:50px}.elementor-widget-text-editor .elementor-drop-cap-letter{display:inline-block}<\/style>\t\t\t\t<h1 class=\"western\" style=\"text-align: center;\"><span style=\"font-size: large;\">Verr\u00fcckt? Na und! &#8211;<br \/>Authentisch. Direkt. Intensiv <\/span><\/h1><p>Verr\u00fcckt? Na und! ist ein Pr\u00e4ventionsprogramm von Irrsinnig Menschlich e.V. in Zusammenarbeit mit BARMER und gesundheitsziele.de. Methodisch und inhaltlich ist es so aufbereitet, dass es sich f\u00fcr Jugendliche und junge Erwachsene ab 14 Jahren in der Schule und Berufsschule eignet.<\/p><h3 class=\"western\">Verr\u00fcckt? Na und! beantwortet die gro\u00dfen und kleinen Fragen zu seelischer Gesundheit<\/h3><p>Die Verr\u00fcckt? Na und!-Schultage werden von unseren pers\u00f6nlichen und fachlichen Experten gestaltet. Sie laden die Jugendlichen ein zu einem Gespr\u00e4ch \u00fcber die gro\u00dfen und kleinen Fragen zur seelischen Gesundheit. Besonders eindrucksvoll ist die Begegnung mit den pers\u00f6nlichen Experten. Durch ihre Lebensgeschichten bekommt das komplexe Konstrukt \u201eseelische Gesundheit\u201c ein Gesicht, ist zum Greifen nah \u2013 und dabei ganz normal.<\/p><h3 class=\"western\">Verr\u00fcckt? Na und! st\u00e4rkt die psychische Gesundheit von Sch\u00fclerinnen und Sch\u00fclern<\/h3><p>Mit dem Verr\u00fcckt? Na und!-Schultag bringen wir das Thema seelische Gesundheit in die Schule. Wir zeigen einfache und wirksame Wege, wie Sch\u00fcler und Lehrkr\u00e4fte gemeinsam seelische Gesundheit st\u00e4rken und Krisen meistern k\u00f6nnen, damit alle gut die Schule schaffen.<\/p><h3 class=\"western\">Der Schultag besteht aus drei Teilen<\/h3><ol><li><strong>Ansprechen statt Ignorieren: <\/strong><br \/>Wachmachen f\u00fcr seelisches Wohlbefinden in Schule und Ausbildung. Ausgangspunkt sind die Lebenserfahrungen der Teilnehmer. H\u00e4ufige Themen: Schulleistungen, Pr\u00fcfungsstress, Mobbing, S\u00fcchte, Belastungen in der Familie, Krankheit, Suizid.<\/li><li><strong>Gl\u00fcck und Krisen:<br \/><\/strong>Von Lebensschicksalen und eigener Verantwortung \u2013 Gruppenarbeit.<\/li><li><strong>Mut machen, Durchhalten, Wellen schlagen:<br \/><\/strong>Austausch mit jungen und jung gebliebenen Erwachsenen, die seelische Krisen gemeistert haben.<\/li><\/ol><p style=\"text-align: center;\">(http:\/\/www.irrsinnig-menschlich.de)<\/p>\t\t\t\t\t\t<\/div>\n\t\t\t\t<\/div>\n\t\t\t\t\t<\/div>\n\t\t<\/div>\n\t\t\t\t\t<\/div>\n\t\t<\/section>\n\t\t\t\t<\/div>\n\t\t","protected":false},"excerpt":{"rendered":"<p>Verr\u00fcckt? Na und! &#8211;Authentisch. Direkt. Intensiv Verr\u00fcckt? Na und! ist ein Pr\u00e4ventionsprogramm von Irrsinnig Menschlich e.V. in Zusammenarbeit mit BARMER und gesundheitsziele.de. Methodisch und inhaltlich ist es so aufbereitet, dass [&hellip;]<\/p>\n","protected":false},"author":6,"featured_media":0,"parent":0,"menu_order":0,"comment_status":"closed","ping_status":"closed","template":"","meta":{"_eb_attr":"","footnotes":""},"class_list":["post-3343","page","type-page","status-publish","hentry"],"yoast_head":"<!-- This site is optimized with the Yoast SEO plugin v27.6 - https:\/\/yoast.com\/product\/yoast-seo-wordpress\/ -->\n<title>Verr\u00fcckt? - Na und! | RSP<\/title>\n<meta name=\"robots\" content=\"index, follow, max-snippet:-1, max-image-preview:large, max-video-preview:-1\" \/>\n<link rel=\"canonical\" href=\"https:\/\/patternhof.de\/?page_id=3343\" \/>\n<meta property=\"og:locale\" content=\"de_DE\" \/>\n<meta property=\"og:type\" content=\"article\" \/>\n<meta property=\"og:title\" content=\"Verr\u00fcckt? - Na und! | RSP\" \/>\n<meta property=\"og:description\" content=\"Verr\u00fcckt? Na und! &#8211;Authentisch. Direkt. Intensiv Verr\u00fcckt? Na und! ist ein Pr\u00e4ventionsprogramm von Irrsinnig Menschlich e.V. in Zusammenarbeit mit BARMER und gesundheitsziele.de. Methodisch und inhaltlich ist es so aufbereitet, dass [&hellip;]\" \/>\n<meta property=\"og:url\" content=\"https:\/\/patternhof.de\/?page_id=3343\" \/>\n<meta property=\"og:site_name\" content=\"RSP\" \/>\n<meta property=\"article:modified_time\" content=\"2022-05-26T04:42:14+00:00\" \/>\n<meta name=\"twitter:card\" content=\"summary_large_image\" \/>\n<meta name=\"twitter:label1\" content=\"Gesch\u00e4tzte Lesezeit\" \/>\n\t<meta name=\"twitter:data1\" content=\"2\u00a0Minuten\" \/>\n<script type=\"application\/ld+json\" class=\"yoast-schema-graph\">{\"@context\":\"https:\\\/\\\/schema.org\",\"@graph\":[{\"@type\":\"WebPage\",\"@id\":\"https:\\\/\\\/patternhof.de\\\/?page_id=3343\",\"url\":\"https:\\\/\\\/patternhof.de\\\/?page_id=3343\",\"name\":\"Verr\u00fcckt? - Na und! | RSP\",\"isPartOf\":{\"@id\":\"https:\\\/\\\/patternhof.de\\\/#website\"},\"datePublished\":\"2018-04-25T06:22:10+00:00\",\"dateModified\":\"2022-05-26T04:42:14+00:00\",\"breadcrumb\":{\"@id\":\"https:\\\/\\\/patternhof.de\\\/?page_id=3343#breadcrumb\"},\"inLanguage\":\"de\",\"potentialAction\":[{\"@type\":\"ReadAction\",\"target\":[\"https:\\\/\\\/patternhof.de\\\/?page_id=3343\"]}]},{\"@type\":\"BreadcrumbList\",\"@id\":\"https:\\\/\\\/patternhof.de\\\/?page_id=3343#breadcrumb\",\"itemListElement\":[{\"@type\":\"ListItem\",\"position\":1,\"name\":\"Startseite\",\"item\":\"https:\\\/\\\/patternhof.de\\\/\"},{\"@type\":\"ListItem\",\"position\":2,\"name\":\"Verr\u00fcckt? &#8211; Na und!\"}]},{\"@type\":\"WebSite\",\"@id\":\"https:\\\/\\\/patternhof.de\\\/#website\",\"url\":\"https:\\\/\\\/patternhof.de\\\/\",\"name\":\"RSP\",\"description\":\"Realschule Patternhof\",\"publisher\":{\"@id\":\"https:\\\/\\\/patternhof.de\\\/#organization\"},\"potentialAction\":[{\"@type\":\"SearchAction\",\"target\":{\"@type\":\"EntryPoint\",\"urlTemplate\":\"https:\\\/\\\/patternhof.de\\\/?s={search_term_string}\"},\"query-input\":{\"@type\":\"PropertyValueSpecification\",\"valueRequired\":true,\"valueName\":\"search_term_string\"}}],\"inLanguage\":\"de\"},{\"@type\":\"Organization\",\"@id\":\"https:\\\/\\\/patternhof.de\\\/#organization\",\"name\":\"RSP\",\"url\":\"https:\\\/\\\/patternhof.de\\\/\",\"logo\":{\"@type\":\"ImageObject\",\"inLanguage\":\"de\",\"@id\":\"https:\\\/\\\/patternhof.de\\\/#\\\/schema\\\/logo\\\/image\\\/\",\"url\":\"https:\\\/\\\/i0.wp.com\\\/patternhof.de\\\/wp-content\\\/uploads\\\/2024\\\/11\\\/cropped-462d7d81-a052-4d12-af5f-728c2558fd5b.png?fit=1975%2C890&ssl=1\",\"contentUrl\":\"https:\\\/\\\/i0.wp.com\\\/patternhof.de\\\/wp-content\\\/uploads\\\/2024\\\/11\\\/cropped-462d7d81-a052-4d12-af5f-728c2558fd5b.png?fit=1975%2C890&ssl=1\",\"width\":1975,\"height\":890,\"caption\":\"RSP\"},\"image\":{\"@id\":\"https:\\\/\\\/patternhof.de\\\/#\\\/schema\\\/logo\\\/image\\\/\"}}]}<\/script>\n<!-- \/ Yoast SEO plugin. -->","yoast_head_json":{"title":"Verr\u00fcckt? - Na und! | RSP","robots":{"index":"index","follow":"follow","max-snippet":"max-snippet:-1","max-image-preview":"max-image-preview:large","max-video-preview":"max-video-preview:-1"},"canonical":"https:\/\/patternhof.de\/?page_id=3343","og_locale":"de_DE","og_type":"article","og_title":"Verr\u00fcckt? - Na und! | RSP","og_description":"Verr\u00fcckt? Na und! &#8211;Authentisch. Direkt. Intensiv Verr\u00fcckt? Na und! ist ein Pr\u00e4ventionsprogramm von Irrsinnig Menschlich e.V. in Zusammenarbeit mit BARMER und gesundheitsziele.de. Methodisch und inhaltlich ist es so aufbereitet, dass [&hellip;]","og_url":"https:\/\/patternhof.de\/?page_id=3343","og_site_name":"RSP","article_modified_time":"2022-05-26T04:42:14+00:00","twitter_card":"summary_large_image","twitter_misc":{"Gesch\u00e4tzte Lesezeit":"2\u00a0Minuten"},"schema":{"@context":"https:\/\/schema.org","@graph":[{"@type":"WebPage","@id":"https:\/\/patternhof.de\/?page_id=3343","url":"https:\/\/patternhof.de\/?page_id=3343","name":"Verr\u00fcckt? - Na und! | RSP","isPartOf":{"@id":"https:\/\/patternhof.de\/#website"},"datePublished":"2018-04-25T06:22:10+00:00","dateModified":"2022-05-26T04:42:14+00:00","breadcrumb":{"@id":"https:\/\/patternhof.de\/?page_id=3343#breadcrumb"},"inLanguage":"de","potentialAction":[{"@type":"ReadAction","target":["https:\/\/patternhof.de\/?page_id=3343"]}]},{"@type":"BreadcrumbList","@id":"https:\/\/patternhof.de\/?page_id=3343#breadcrumb","itemListElement":[{"@type":"ListItem","position":1,"name":"Startseite","item":"https:\/\/patternhof.de\/"},{"@type":"ListItem","position":2,"name":"Verr\u00fcckt? &#8211; Na und!"}]},{"@type":"WebSite","@id":"https:\/\/patternhof.de\/#website","url":"https:\/\/patternhof.de\/","name":"RSP","description":"Realschule Patternhof","publisher":{"@id":"https:\/\/patternhof.de\/#organization"},"potentialAction":[{"@type":"SearchAction","target":{"@type":"EntryPoint","urlTemplate":"https:\/\/patternhof.de\/?s={search_term_string}"},"query-input":{"@type":"PropertyValueSpecification","valueRequired":true,"valueName":"search_term_string"}}],"inLanguage":"de"},{"@type":"Organization","@id":"https:\/\/patternhof.de\/#organization","name":"RSP","url":"https:\/\/patternhof.de\/","logo":{"@type":"ImageObject","inLanguage":"de","@id":"https:\/\/patternhof.de\/#\/schema\/logo\/image\/","url":"https:\/\/i0.wp.com\/patternhof.de\/wp-content\/uploads\/2024\/11\/cropped-462d7d81-a052-4d12-af5f-728c2558fd5b.png?fit=1975%2C890&ssl=1","contentUrl":"https:\/\/i0.wp.com\/patternhof.de\/wp-content\/uploads\/2024\/11\/cropped-462d7d81-a052-4d12-af5f-728c2558fd5b.png?fit=1975%2C890&ssl=1","width":1975,"height":890,"caption":"RSP"},"image":{"@id":"https:\/\/patternhof.de\/#\/schema\/logo\/image\/"}}]}},"jetpack_sharing_enabled":true,"_links":{"self":[{"href":"https:\/\/patternhof.de\/index.php?rest_route=\/wp\/v2\/pages\/3343","targetHints":{"allow":["GET"]}}],"collection":[{"href":"https:\/\/patternhof.de\/index.php?rest_route=\/wp\/v2\/pages"}],"about":[{"href":"https:\/\/patternhof.de\/index.php?rest_route=\/wp\/v2\/types\/page"}],"author":[{"embeddable":true,"href":"https:\/\/patternhof.de\/index.php?rest_route=\/wp\/v2\/users\/6"}],"replies":[{"embeddable":true,"href":"https:\/\/patternhof.de\/index.php?rest_route=%2Fwp%2Fv2%2Fcomments&post=3343"}],"version-history":[{"count":3,"href":"https:\/\/patternhof.de\/index.php?rest_route=\/wp\/v2\/pages\/3343\/revisions"}],"predecessor-version":[{"id":7938,"href":"https:\/\/patternhof.de\/index.php?rest_route=\/wp\/v2\/pages\/3343\/revisions\/7938"}],"wp:attachment":[{"href":"https:\/\/patternhof.de\/index.php?rest_route=%2Fwp%2Fv2%2Fmedia&parent=3343"}],"curies":[{"name":"wp","href":"https:\/\/api.w.org\/{rel}","templated":true}]}}