{"id":3307,"date":"2018-03-07T08:19:11","date_gmt":"2018-03-07T07:19:11","guid":{"rendered":"http:\/\/rs-patternhof.de\/?page_id=3307"},"modified":"2024-11-23T17:11:19","modified_gmt":"2024-11-23T16:11:19","slug":"ag-vor-dem-anfang-starten","status":"publish","type":"page","link":"https:\/\/patternhof.de\/?page_id=3307","title":{"rendered":"AG &#8222;Vor dem Anfang starten&#8220;"},"content":{"rendered":"\t\t<div data-elementor-type=\"wp-page\" data-elementor-id=\"3307\" class=\"elementor elementor-3307\">\n\t\t\t\t\t\t<section class=\"elementor-section elementor-top-section elementor-element elementor-element-4d54229c elementor-section-boxed elementor-section-height-default elementor-section-height-default\" data-id=\"4d54229c\" data-element_type=\"section\">\n\t\t\t\t\t\t<div class=\"elementor-container elementor-column-gap-default\">\n\t\t\t\t\t<div class=\"elementor-column elementor-col-100 elementor-top-column elementor-element elementor-element-50594256\" data-id=\"50594256\" data-element_type=\"column\">\n\t\t\t<div class=\"elementor-widget-wrap elementor-element-populated\">\n\t\t\t\t\t\t<div class=\"elementor-element elementor-element-1ab6db44 elementor-widget elementor-widget-text-editor\" data-id=\"1ab6db44\" data-element_type=\"widget\" data-widget_type=\"text-editor.default\">\n\t\t\t\t<div class=\"elementor-widget-container\">\n\t\t\t<style>\/*! elementor - v3.22.0 - 17-06-2024 *\/\n.elementor-widget-text-editor.elementor-drop-cap-view-stacked .elementor-drop-cap{background-color:#69727d;color:#fff}.elementor-widget-text-editor.elementor-drop-cap-view-framed .elementor-drop-cap{color:#69727d;border:3px solid;background-color:transparent}.elementor-widget-text-editor:not(.elementor-drop-cap-view-default) .elementor-drop-cap{margin-top:8px}.elementor-widget-text-editor:not(.elementor-drop-cap-view-default) .elementor-drop-cap-letter{width:1em;height:1em}.elementor-widget-text-editor .elementor-drop-cap{float:left;text-align:center;line-height:1;font-size:50px}.elementor-widget-text-editor .elementor-drop-cap-letter{display:inline-block}<\/style>\t\t\t\t<h3 style=\"text-align: center;\"><strong>AG &#8222;Vor dem Anfang starten&#8220; &#8211; Junge Menschen entwickeln Erziehungskonzepte<\/strong><\/h3><p>Bei der AG &#8222;Vor dem Anfang starten&#8220; handelt es sich um ein Kooperationsprojekt von Schule und Jugendhilfe. Das Projekt richtet sich an Sch\u00fclerinnen und Sch\u00fcler der Klassen 8 bis 10 und findet \u00fcber das Schuljahr verteilt sowohl phasenweise w\u00f6chentlich als auch in Blockform statt. Die AG wird durchgef\u00fchrt durch den Sonderschulp\u00e4dagogen Herrn van de Berg und Herrn Sillmanns von der Jugendhilfe.<\/p><p><strong><u>Das Projekt beinhaltet drei verschiedene Bausteine:<\/u><\/strong><\/p><ul><li><strong>Baustein A<\/strong>: <span style=\"text-decoration: underline;\"><em>St\u00e4rkung im sozial-emotionalen Bereich<\/em><\/span><br \/>Kommunikation, Biographiearbeit, Sozialverhalten, Umgang mit Grenzsituationen<\/li><li><strong>Baustein B<\/strong>: <span style=\"text-decoration: underline;\"><em>St\u00e4rkung der Grundlagen f\u00fcr ein eigenst\u00e4ndiges Leben<\/em><\/span><br \/>Umgang mit Beh\u00f6rden und Versicherungen, Rund um&#8217;s Geld, K\u00f6rper und Gesundheit, Bewerbungstraining \/ Jobsuche, haushaltspraktische F\u00e4higkeiten<\/li><li><strong>Baustein C<\/strong>: <span style=\"text-decoration: underline;\"><em>Elternkompetenz erleben<\/em><\/span><br \/>Theoretische Grundlagen der Erziehung, Konfrontation mit Situationen einer jungen Familie, Elternpraktikum mit den Babysimulationspuppen<\/li><\/ul>\t\t\t\t\t\t<\/div>\n\t\t\t\t<\/div>\n\t\t\t\t\t<\/div>\n\t\t<\/div>\n\t\t\t\t\t<\/div>\n\t\t<\/section>\n\t\t\t\t<\/div>\n\t\t","protected":false},"excerpt":{"rendered":"<p>AG &#8222;Vor dem Anfang starten&#8220; &#8211; Junge Menschen entwickeln Erziehungskonzepte Bei der AG &#8222;Vor dem Anfang starten&#8220; handelt es sich um ein Kooperationsprojekt von Schule und Jugendhilfe. Das Projekt richtet [&hellip;]<\/p>\n","protected":false},"author":6,"featured_media":0,"parent":0,"menu_order":0,"comment_status":"closed","ping_status":"closed","template":"","meta":{"_eb_attr":"","footnotes":""},"class_list":["post-3307","page","type-page","status-publish","hentry"],"yoast_head":"<!-- This site is optimized with the Yoast SEO plugin v27.3 - https:\/\/yoast.com\/product\/yoast-seo-wordpress\/ -->\n<title>AG &quot;Vor dem Anfang starten&quot; | RSP<\/title>\n<meta name=\"robots\" content=\"index, follow, max-snippet:-1, max-image-preview:large, max-video-preview:-1\" \/>\n<link rel=\"canonical\" href=\"https:\/\/patternhof.de\/?page_id=3307\" \/>\n<meta property=\"og:locale\" content=\"de_DE\" \/>\n<meta property=\"og:type\" content=\"article\" \/>\n<meta property=\"og:title\" content=\"AG &quot;Vor dem Anfang starten&quot; | RSP\" \/>\n<meta property=\"og:description\" content=\"AG &#8222;Vor dem Anfang starten&#8220; &#8211; Junge Menschen entwickeln Erziehungskonzepte Bei der AG &#8222;Vor dem Anfang starten&#8220; handelt es sich um ein Kooperationsprojekt von Schule und Jugendhilfe. Das Projekt richtet [&hellip;]\" \/>\n<meta property=\"og:url\" content=\"https:\/\/patternhof.de\/?page_id=3307\" \/>\n<meta property=\"og:site_name\" content=\"RSP\" \/>\n<meta property=\"article:modified_time\" content=\"2024-11-23T16:11:19+00:00\" \/>\n<meta name=\"twitter:card\" content=\"summary_large_image\" \/>\n<meta name=\"twitter:label1\" content=\"Gesch\u00e4tzte Lesezeit\" \/>\n\t<meta name=\"twitter:data1\" content=\"1\u00a0Minute\" \/>\n<script type=\"application\/ld+json\" class=\"yoast-schema-graph\">{\"@context\":\"https:\\\/\\\/schema.org\",\"@graph\":[{\"@type\":\"WebPage\",\"@id\":\"https:\\\/\\\/patternhof.de\\\/?page_id=3307\",\"url\":\"https:\\\/\\\/patternhof.de\\\/?page_id=3307\",\"name\":\"AG \\\"Vor dem Anfang starten\\\" | RSP\",\"isPartOf\":{\"@id\":\"https:\\\/\\\/patternhof.de\\\/#website\"},\"datePublished\":\"2018-03-07T07:19:11+00:00\",\"dateModified\":\"2024-11-23T16:11:19+00:00\",\"breadcrumb\":{\"@id\":\"https:\\\/\\\/patternhof.de\\\/?page_id=3307#breadcrumb\"},\"inLanguage\":\"de\",\"potentialAction\":[{\"@type\":\"ReadAction\",\"target\":[\"https:\\\/\\\/patternhof.de\\\/?page_id=3307\"]}]},{\"@type\":\"BreadcrumbList\",\"@id\":\"https:\\\/\\\/patternhof.de\\\/?page_id=3307#breadcrumb\",\"itemListElement\":[{\"@type\":\"ListItem\",\"position\":1,\"name\":\"Startseite\",\"item\":\"https:\\\/\\\/patternhof.de\\\/\"},{\"@type\":\"ListItem\",\"position\":2,\"name\":\"AG &#8222;Vor dem Anfang starten&#8220;\"}]},{\"@type\":\"WebSite\",\"@id\":\"https:\\\/\\\/patternhof.de\\\/#website\",\"url\":\"https:\\\/\\\/patternhof.de\\\/\",\"name\":\"RSP\",\"description\":\"Realschule Patternhof\",\"publisher\":{\"@id\":\"https:\\\/\\\/patternhof.de\\\/#organization\"},\"potentialAction\":[{\"@type\":\"SearchAction\",\"target\":{\"@type\":\"EntryPoint\",\"urlTemplate\":\"https:\\\/\\\/patternhof.de\\\/?s={search_term_string}\"},\"query-input\":{\"@type\":\"PropertyValueSpecification\",\"valueRequired\":true,\"valueName\":\"search_term_string\"}}],\"inLanguage\":\"de\"},{\"@type\":\"Organization\",\"@id\":\"https:\\\/\\\/patternhof.de\\\/#organization\",\"name\":\"RSP\",\"url\":\"https:\\\/\\\/patternhof.de\\\/\",\"logo\":{\"@type\":\"ImageObject\",\"inLanguage\":\"de\",\"@id\":\"https:\\\/\\\/patternhof.de\\\/#\\\/schema\\\/logo\\\/image\\\/\",\"url\":\"https:\\\/\\\/i0.wp.com\\\/patternhof.de\\\/wp-content\\\/uploads\\\/2024\\\/11\\\/cropped-462d7d81-a052-4d12-af5f-728c2558fd5b.png?fit=1975%2C890&ssl=1\",\"contentUrl\":\"https:\\\/\\\/i0.wp.com\\\/patternhof.de\\\/wp-content\\\/uploads\\\/2024\\\/11\\\/cropped-462d7d81-a052-4d12-af5f-728c2558fd5b.png?fit=1975%2C890&ssl=1\",\"width\":1975,\"height\":890,\"caption\":\"RSP\"},\"image\":{\"@id\":\"https:\\\/\\\/patternhof.de\\\/#\\\/schema\\\/logo\\\/image\\\/\"}}]}<\/script>\n<!-- \/ Yoast SEO plugin. -->","yoast_head_json":{"title":"AG \"Vor dem Anfang starten\" | RSP","robots":{"index":"index","follow":"follow","max-snippet":"max-snippet:-1","max-image-preview":"max-image-preview:large","max-video-preview":"max-video-preview:-1"},"canonical":"https:\/\/patternhof.de\/?page_id=3307","og_locale":"de_DE","og_type":"article","og_title":"AG \"Vor dem Anfang starten\" | RSP","og_description":"AG &#8222;Vor dem Anfang starten&#8220; &#8211; Junge Menschen entwickeln Erziehungskonzepte Bei der AG &#8222;Vor dem Anfang starten&#8220; handelt es sich um ein Kooperationsprojekt von Schule und Jugendhilfe. Das Projekt richtet [&hellip;]","og_url":"https:\/\/patternhof.de\/?page_id=3307","og_site_name":"RSP","article_modified_time":"2024-11-23T16:11:19+00:00","twitter_card":"summary_large_image","twitter_misc":{"Gesch\u00e4tzte Lesezeit":"1\u00a0Minute"},"schema":{"@context":"https:\/\/schema.org","@graph":[{"@type":"WebPage","@id":"https:\/\/patternhof.de\/?page_id=3307","url":"https:\/\/patternhof.de\/?page_id=3307","name":"AG \"Vor dem Anfang starten\" | RSP","isPartOf":{"@id":"https:\/\/patternhof.de\/#website"},"datePublished":"2018-03-07T07:19:11+00:00","dateModified":"2024-11-23T16:11:19+00:00","breadcrumb":{"@id":"https:\/\/patternhof.de\/?page_id=3307#breadcrumb"},"inLanguage":"de","potentialAction":[{"@type":"ReadAction","target":["https:\/\/patternhof.de\/?page_id=3307"]}]},{"@type":"BreadcrumbList","@id":"https:\/\/patternhof.de\/?page_id=3307#breadcrumb","itemListElement":[{"@type":"ListItem","position":1,"name":"Startseite","item":"https:\/\/patternhof.de\/"},{"@type":"ListItem","position":2,"name":"AG &#8222;Vor dem Anfang starten&#8220;"}]},{"@type":"WebSite","@id":"https:\/\/patternhof.de\/#website","url":"https:\/\/patternhof.de\/","name":"RSP","description":"Realschule Patternhof","publisher":{"@id":"https:\/\/patternhof.de\/#organization"},"potentialAction":[{"@type":"SearchAction","target":{"@type":"EntryPoint","urlTemplate":"https:\/\/patternhof.de\/?s={search_term_string}"},"query-input":{"@type":"PropertyValueSpecification","valueRequired":true,"valueName":"search_term_string"}}],"inLanguage":"de"},{"@type":"Organization","@id":"https:\/\/patternhof.de\/#organization","name":"RSP","url":"https:\/\/patternhof.de\/","logo":{"@type":"ImageObject","inLanguage":"de","@id":"https:\/\/patternhof.de\/#\/schema\/logo\/image\/","url":"https:\/\/i0.wp.com\/patternhof.de\/wp-content\/uploads\/2024\/11\/cropped-462d7d81-a052-4d12-af5f-728c2558fd5b.png?fit=1975%2C890&ssl=1","contentUrl":"https:\/\/i0.wp.com\/patternhof.de\/wp-content\/uploads\/2024\/11\/cropped-462d7d81-a052-4d12-af5f-728c2558fd5b.png?fit=1975%2C890&ssl=1","width":1975,"height":890,"caption":"RSP"},"image":{"@id":"https:\/\/patternhof.de\/#\/schema\/logo\/image\/"}}]}},"jetpack_sharing_enabled":true,"_links":{"self":[{"href":"https:\/\/patternhof.de\/index.php?rest_route=\/wp\/v2\/pages\/3307","targetHints":{"allow":["GET"]}}],"collection":[{"href":"https:\/\/patternhof.de\/index.php?rest_route=\/wp\/v2\/pages"}],"about":[{"href":"https:\/\/patternhof.de\/index.php?rest_route=\/wp\/v2\/types\/page"}],"author":[{"embeddable":true,"href":"https:\/\/patternhof.de\/index.php?rest_route=\/wp\/v2\/users\/6"}],"replies":[{"embeddable":true,"href":"https:\/\/patternhof.de\/index.php?rest_route=%2Fwp%2Fv2%2Fcomments&post=3307"}],"version-history":[{"count":10,"href":"https:\/\/patternhof.de\/index.php?rest_route=\/wp\/v2\/pages\/3307\/revisions"}],"predecessor-version":[{"id":11021,"href":"https:\/\/patternhof.de\/index.php?rest_route=\/wp\/v2\/pages\/3307\/revisions\/11021"}],"wp:attachment":[{"href":"https:\/\/patternhof.de\/index.php?rest_route=%2Fwp%2Fv2%2Fmedia&parent=3307"}],"curies":[{"name":"wp","href":"https:\/\/api.w.org\/{rel}","templated":true}]}}