{"id":274,"date":"2012-05-23T11:10:00","date_gmt":"2012-05-23T09:10:00","guid":{"rendered":"http:\/\/rs-patternhof.de\/?page_id=274"},"modified":"2012-05-23T11:10:00","modified_gmt":"2012-05-23T09:10:00","slug":"tag-der-offenen-tur","status":"publish","type":"page","link":"https:\/\/patternhof.de\/?page_id=274","title":{"rendered":"Tag der offenen T\u00fcr"},"content":{"rendered":"<table border=\"0\">\n<tbody>\n<tr>\n<td colspan=\"3\">\n<h1 align=\"center\"><strong><span style=\"font-size: medium;\">Samstag,<br \/>\n25.11.2017, 10:00-13:00 Uhr<\/span><\/strong><\/h1>\n<\/td>\n<\/tr>\n<tr>\n<td width=\"20{ad743847f5d27bc70877615d1ef87cf8c1762f1004ba43eb5bf3bef54a3832bf}\"><\/td>\n<td width=\"39{ad743847f5d27bc70877615d1ef87cf8c1762f1004ba43eb5bf3bef54a3832bf}\"><\/td>\n<td width=\"41{ad743847f5d27bc70877615d1ef87cf8c1762f1004ba43eb5bf3bef54a3832bf}\"><\/td>\n<\/tr>\n<tr>\n<td style=\"vertical-align: top; font-weight: bold;\">10:00 Uhr<\/td>\n<td style=\"vertical-align: top; font-weight: bold;\">Begr\u00fc\u00dfung durch unsere<br \/>\nSchulleiterin Frau Silbernagel in der Aula<\/td>\n<td style=\"vertical-align: top; font-weight: bold;\"><\/td>\n<\/tr>\n<tr>\n<td style=\"vertical-align: top;\"><\/td>\n<td style=\"vertical-align: top;\"><\/td>\n<td style=\"vertical-align: top;\"><\/td>\n<\/tr>\n<tr>\n<td style=\"vertical-align: top;\"><\/td>\n<td style=\"vertical-align: top;\">F\u00fchrungen durch das Schulgeb\u00e4ude<\/td>\n<td style=\"vertical-align: top;\"><\/td>\n<\/tr>\n<tr>\n<td style=\"vertical-align: top;\"><\/td>\n<td style=\"vertical-align: top;\">(in etwa halbst\u00fcndigen Rhythmus)<\/td>\n<td style=\"vertical-align: top;\"><\/td>\n<\/tr>\n<tr>\n<td style=\"vertical-align: top;\"><\/td>\n<td style=\"vertical-align: top;\">Treffpunkt: Liftfasss\u00e4ule im Aulavorraum<\/td>\n<td style=\"vertical-align: top;\"><\/td>\n<\/tr>\n<tr>\n<td style=\"vertical-align: top;\"><\/td>\n<td style=\"vertical-align: top;\">F\u00fchrungen: Frau Damwerth, Frau Held, Frau Otte<\/td>\n<td style=\"vertical-align: top;\"><\/td>\n<\/tr>\n<tr>\n<td style=\"vertical-align: top;\"><\/td>\n<td style=\"vertical-align: top;\"><\/td>\n<td style=\"vertical-align: top;\"><\/td>\n<\/tr>\n<tr>\n<td><\/td>\n<td>\n<div align=\"center\"><span style=\"color: #ff0000; font-size: medium;\"><em>Programm\u00fcbersicht<\/em><\/span><\/div>\n<\/td>\n<td><\/td>\n<\/tr>\n<tr>\n<td bgcolor=\"#ffcc33\"><strong>Probeunterricht<\/strong><\/td>\n<td><\/td>\n<td><\/td>\n<\/tr>\n<tr bgcolor=\"#cccccc\">\n<td>\n<div align=\"center\"><strong>Zeit<\/strong><\/div>\n<\/td>\n<td>\n<div align=\"center\"><strong>Veranstaltung<\/strong><\/div>\n<\/td>\n<td>\n<div align=\"center\"><strong>Ort<\/strong><\/div>\n<\/td>\n<\/tr>\n<tr>\n<td><\/td>\n<td><\/td>\n<td><\/td>\n<\/tr>\n<tr>\n<td>10:30 Uhr<\/td>\n<td><strong>Musik<\/strong>, Klasse 05A Herr Poth<\/td>\n<td><\/td>\n<\/tr>\n<tr>\n<td><\/td>\n<td><\/td>\n<td><\/td>\n<\/tr>\n<tr>\n<td><\/td>\n<td><span style=\"font-weight: bold;\">Englisch<\/span>, Klasse 05B,<br \/>\nFrau Schwieren<\/td>\n<td><\/td>\n<\/tr>\n<tr>\n<td><\/td>\n<td><\/td>\n<td><\/td>\n<\/tr>\n<tr>\n<td style=\"vertical-align: top;\"><\/td>\n<td style=\"vertical-align: top;\"><span style=\"font-weight: bold;\">Deutsch<\/span>,<br \/>\nKlasse 05C, Frau Landler<\/td>\n<td style=\"vertical-align: top;\"><\/td>\n<\/tr>\n<tr>\n<td style=\"vertical-align: top;\"><\/td>\n<td style=\"vertical-align: top;\"><\/td>\n<td style=\"vertical-align: top;\"><\/td>\n<\/tr>\n<tr>\n<td><\/td>\n<td><span style=\"font-weight: bold;\">Politik<\/span>, Klasse 05D, Herr Schwetzel<\/td>\n<td><\/td>\n<\/tr>\n<tr>\n<td><\/td>\n<td><\/td>\n<td><\/td>\n<\/tr>\n<tr>\n<td><\/td>\n<td><span style=\"font-weight: bold;\">Deutschwerkstatt<\/span>, Klasse 05E<br \/>\nFrau Hendryk \/ Frau Vonken-M\u00f6ller<\/td>\n<td><\/td>\n<\/tr>\n<tr>\n<td><\/td>\n<td><\/td>\n<td><\/td>\n<\/tr>\n<tr>\n<td style=\"vertical-align: top;\" align=\"left\" valign=\"middle\">11:15 Uhr<\/td>\n<td style=\"vertical-align: top;\"><span style=\"font-weight: bold;\">Musik, <\/span>Klasse 5A, Herr Poth<\/td>\n<td style=\"vertical-align: top;\"><\/td>\n<\/tr>\n<tr>\n<td style=\"vertical-align: top;\"><\/td>\n<td style=\"vertical-align: top;\"><\/td>\n<td style=\"vertical-align: top;\"><\/td>\n<\/tr>\n<tr>\n<td style=\"vertical-align: top;\"><\/td>\n<td style=\"vertical-align: top;\"><span style=\"font-weight: bold;\">Englisch<\/span>, Klasse 05B,<br \/>\nFrau Schwieren<\/td>\n<td style=\"vertical-align: top;\"><\/td>\n<\/tr>\n<tr>\n<td style=\"vertical-align: top;\"><\/td>\n<td style=\"vertical-align: top;\"><\/td>\n<td style=\"vertical-align: top;\"><\/td>\n<\/tr>\n<tr>\n<td><\/td>\n<td><span style=\"font-weight: bold;\">Deutsch<\/span>, Klasse 05C, Frau Landler<\/td>\n<td><\/td>\n<\/tr>\n<tr>\n<td><\/td>\n<td><\/td>\n<td><\/td>\n<\/tr>\n<tr>\n<td><\/td>\n<td><span style=\"font-weight: bold;\">Politik<\/span>, Klasse 05D,\u00a0 Herr Schwetzel<\/td>\n<td><\/td>\n<\/tr>\n<tr>\n<td><\/td>\n<td><\/td>\n<td><\/td>\n<\/tr>\n<tr>\n<td style=\"vertical-align: top;\"><\/td>\n<td style=\"vertical-align: top;\"><span style=\"font-weight: bold;\">Deutschwerkstatt<\/span>, Klasse 05E,<br \/>\nFrau Hendryk \/ Frau Vonken-M\u00f6ller<\/td>\n<td style=\"vertical-align: top;\"><\/td>\n<\/tr>\n<tr>\n<td style=\"vertical-align: top;\"><\/td>\n<td style=\"vertical-align: top;\"><\/td>\n<td style=\"vertical-align: top;\"><\/td>\n<\/tr>\n<tr>\n<td style=\"vertical-align: top; font-weight: bold;\"><span style=\"background-color: #ffcc33;\">Darbietungen<\/span><\/td>\n<td style=\"vertical-align: top; font-weight: bold;\">(durchg\u00e4ngig)<\/td>\n<td style=\"vertical-align: top;\"><\/td>\n<\/tr>\n<tr>\n<td style=\"vertical-align: top;\"><\/td>\n<td style=\"vertical-align: top;\"><\/td>\n<td style=\"vertical-align: top;\"><\/td>\n<\/tr>\n<tr>\n<td style=\"vertical-align: top;\">10:30 Uhr<\/td>\n<td style=\"vertical-align: top;\"><span style=\"font-weight: bold;\">Trommel<br \/>\nAG <\/span>, Leitung: Frau Wall<\/td>\n<td style=\"vertical-align: top;\">Aula<\/td>\n<\/tr>\n<tr>\n<td style=\"vertical-align: top;\"><\/td>\n<td style=\"vertical-align: top;\"><\/td>\n<td style=\"vertical-align: top;\"><\/td>\n<\/tr>\n<tr>\n<td align=\"left\" valign=\"top\">11:00 Uhr<\/td>\n<td><span style=\"font-weight: bold;\">Schulchor, <\/span> Leitung: Frau Wall<\/td>\n<td>Aula<\/td>\n<\/tr>\n<tr>\n<td>11:30 Uhr<\/td>\n<td><strong>Theater AG<\/strong>, Leitung Frau Bothe<\/td>\n<td>Aula<\/td>\n<\/tr>\n<tr>\n<td>12:30 Uhr<\/td>\n<td><strong>Schulband<\/strong>, Leitung: Herr B\u00fcssgen<\/td>\n<td>Aula<\/td>\n<\/tr>\n<tr>\n<td align=\"left\" valign=\"top\"><\/td>\n<td><\/td>\n<td valign=\"top\" nowrap=\"nowrap\"><\/td>\n<\/tr>\n<tr>\n<td><\/td>\n<td><\/td>\n<td><\/td>\n<\/tr>\n<tr>\n<td style=\"vertical-align: top;\"><\/td>\n<td style=\"vertical-align: top;\"><\/td>\n<td style=\"vertical-align: top;\"><\/td>\n<\/tr>\n<tr>\n<td style=\"vertical-align: top;\"><\/td>\n<td style=\"vertical-align: top;\"><\/td>\n<td style=\"vertical-align: top;\"><\/td>\n<\/tr>\n<tr>\n<td style=\"vertical-align: top;\"><\/td>\n<td style=\"vertical-align: top;\"><\/td>\n<td style=\"vertical-align: top;\"><\/td>\n<\/tr>\n<tr>\n<td bgcolor=\"#ffcc33\"><strong>Besucheraktivit\u00e4ten<\/strong><\/td>\n<td>(durchg\u00e4ngig)<\/td>\n<td><\/td>\n<\/tr>\n<tr>\n<td><\/td>\n<td><\/td>\n<td><\/td>\n<\/tr>\n<tr>\n<td style=\"vertical-align: top;\"><\/td>\n<td style=\"vertical-align: top;\"><span style=\"font-weight: bold;\">Besucher-Rallye<\/span><br \/>\n<span style=\"font-weight: bold;\">f\u00fcr Schulneulinge<\/span>,<br \/>\nHerr Steyer, Herr Kisin<\/td>\n<td style=\"vertical-align: top;\">Eingangsfoyer<\/td>\n<\/tr>\n<tr>\n<td style=\"vertical-align: top;\"><\/td>\n<td style=\"vertical-align: top;\"><\/td>\n<td style=\"vertical-align: top;\"><\/td>\n<\/tr>\n<tr>\n<td><\/td>\n<td><\/td>\n<td><\/td>\n<\/tr>\n<tr>\n<td><\/td>\n<td><span style=\"font-weight: bold;\">Kunstobjekte, <\/span>Frau Lenzen, <span style=\"font-weight: bold;\"><br \/>\n<\/span>Frau Rohde, Frau Gossel<\/td>\n<td>1.OG Aulatrakt, Kunst-Textilraum<\/td>\n<\/tr>\n<tr>\n<td><\/td>\n<td><\/td>\n<td><\/td>\n<\/tr>\n<tr>\n<td><\/td>\n<td><span style=\"font-weight: bold;\">Laubs\u00e4gearbeiten<\/span>, AG-Technik,<br \/>\nFrau Permantier, Frau Orten<\/td>\n<td>UG Erweiterungsbau, Technikraum<\/td>\n<\/tr>\n<tr>\n<td><\/td>\n<td><\/td>\n<td><\/td>\n<\/tr>\n<tr>\n<td style=\"vertical-align: top;\" height=\"41\"><\/td>\n<td style=\"vertical-align: top;\"><\/td>\n<td style=\"vertical-align: top;\"><\/td>\n<\/tr>\n<tr>\n<td style=\"vertical-align: top;\" height=\"41\"><\/td>\n<td style=\"vertical-align: top;\"><\/td>\n<td style=\"vertical-align: top;\"><\/td>\n<\/tr>\n<tr>\n<td style=\"vertical-align: top;\"><\/td>\n<td style=\"vertical-align: top;\"><\/td>\n<td style=\"vertical-align: top;\"><\/td>\n<\/tr>\n<tr>\n<td bgcolor=\"#ffcc33\"><strong>Demonstrationen<\/strong><\/td>\n<td>(durchg\u00e4ngig)<\/td>\n<td><\/td>\n<\/tr>\n<tr>\n<td><\/td>\n<td><\/td>\n<td><\/td>\n<\/tr>\n<tr>\n<td><\/td>\n<td><span style=\"font-weight: bold;\">Physikversuche<\/span>,<br \/>\nHerr Schmitz, Frau Kather<\/td>\n<td>1.OG Erweiterungsbau, Physik-\u00dcbungsraum<\/td>\n<\/tr>\n<tr>\n<td><\/td>\n<td><\/td>\n<td><\/td>\n<\/tr>\n<tr>\n<td><\/td>\n<td><span style=\"font-weight: bold;\">Chemieversuche<\/span>, Frau Kalmuth,<br \/>\nFrau Suchonin, Frau Ulbrich<\/td>\n<td>1.OG Erweiterungsbau, Chemie-\u00dcbungsraum<\/td>\n<\/tr>\n<tr>\n<td><\/td>\n<td><\/td>\n<td><\/td>\n<\/tr>\n<tr>\n<td><\/td>\n<td><span style=\"font-weight: bold;\">Arbeit am Computer<\/span>, Herr Schneider,<br \/>\nHerr Kotthaus<\/td>\n<td>2.OG Erweiterungsbau, Informatikraum<\/td>\n<\/tr>\n<tr>\n<td><\/td>\n<td><strong>Lernb\u00fcro,<\/strong> Frau Vonken-M\u00f6ller,<br \/>\nFrau J\u00fcrjens<\/p>\n<p>&nbsp;<\/td>\n<td><\/td>\n<\/tr>\n<tr>\n<td bgcolor=\"#ffcc33\"><strong>Ausstellungen <\/strong><\/td>\n<td>(durchg\u00e4ngig)<\/td>\n<td><\/td>\n<\/tr>\n<tr>\n<td><\/td>\n<td><\/td>\n<td><\/td>\n<\/tr>\n<tr>\n<td><\/td>\n<td><span style=\"font-weight: bold;\">Arbeitstechniken<\/span>, Neigungskurs<br \/>\nTechnik, Herr Plum,<br \/>\nHerr Reimringer<\/td>\n<td>UG Erweiterungsbau, Maschinenraum<\/td>\n<\/tr>\n<tr>\n<td><\/td>\n<td><\/td>\n<td><\/td>\n<\/tr>\n<tr>\n<td><\/td>\n<td><span style=\"font-weight: bold;\">Unterrichtsmaterialien und Lehrmittel<br \/>\nFach Biologie<\/span>, Herr Schreiber, Frau Weddeling<\/td>\n<td>EG Altbau, Biologie-\/Vorbereitungsraum<\/td>\n<\/tr>\n<tr>\n<td><\/td>\n<td><\/td>\n<td><\/td>\n<\/tr>\n<tr>\n<td><\/td>\n<td><span style=\"font-weight: bold;\">Projektwerkstatt:Soziale Dienste<\/span>,<br \/>\nFrau Hendryk<\/td>\n<td>Flur Altbau<\/td>\n<\/tr>\n<tr>\n<td><\/td>\n<td><\/td>\n<td><\/td>\n<\/tr>\n<tr>\n<td><\/td>\n<td><span style=\"font-weight: bold;\">AG Schulsanit\u00e4tsdienst<\/span>, Herr<br \/>\nOffer<\/td>\n<td>Sanit\u00e4tsraum, Containerbau<\/td>\n<\/tr>\n<tr>\n<td><\/td>\n<td><\/td>\n<td><\/td>\n<\/tr>\n<tr>\n<td><\/td>\n<td><span style=\"font-weight: bold;\">Segel AG<\/span>, Herr Morschel<\/td>\n<td>Foyer<\/td>\n<\/tr>\n<tr>\n<td><\/td>\n<td><\/td>\n<td><\/td>\n<\/tr>\n<tr>\n<td><\/td>\n<td><span style=\"font-size: x-small;\"><span style=\"font-size: small;\"><span style=\"font-weight: bold;\">AG<br \/>\nStreitschlichtung<\/span><\/span><\/span> Herr Kisin<\/td>\n<td>UG\/ Altbau<\/td>\n<\/tr>\n<tr>\n<td><\/td>\n<td><strong>Mathematikschwerpunkte in der Realschule<\/strong> Frau Stelzer,<br \/>\nFrau Bresselschmidt<\/td>\n<td>Klassenraum 07E<\/td>\n<\/tr>\n<tr>\n<td style=\"vertical-align: top;\"><\/td>\n<td style=\"vertical-align: top;\"><span style=\"font-weight: bold;\">Sozial-<br \/>\nund Trainingsraumarbeit<br \/>\n<\/span>Schulsozialarbeit: Herr Mu\u00dfler<br \/>\nTrainingsraum: Herr Christoffels<\/td>\n<td style=\"vertical-align: top;\">Pavillon\/Trainingsraum<\/td>\n<\/tr>\n<tr>\n<td style=\"vertical-align: top;\"><\/td>\n<td style=\"vertical-align: top;\"><strong>DLRS-Beratung<\/strong> Frau v.d.<br \/>\nHeiden<\/td>\n<td style=\"vertical-align: top;\">Raum 09E<\/td>\n<\/tr>\n<tr>\n<td style=\"vertical-align: top;\"><\/td>\n<td style=\"vertical-align: top;\" nowrap=\"nowrap\"><span style=\"font-weight: bold;\">Vive<br \/>\nla France (10-12 Uhr)<\/span><\/p>\n<address><span style=\"font-size: small;\">Verkauf von Crepes u. Schokoladentr\u00fcffeln<br \/>\nFrau Moeller,<br \/>\nFrau Wehn<\/span><\/address>\n<\/td>\n<td style=\"vertical-align: top;\">Klassenraum 08B<\/td>\n<\/tr>\n<tr>\n<td style=\"vertical-align: top;\"><\/td>\n<td style=\"vertical-align: top;\"><strong>Lesefreizeit am Patternhof <\/strong><br \/>\nFrau Schwickerath, Frau Tajbakhsh<\/td>\n<td style=\"vertical-align: top;\">Sch\u00fclerb\u00fccherei<\/td>\n<\/tr>\n<tr>\n<td style=\"vertical-align: top;\"><\/td>\n<td style=\"vertical-align: top;\">Unterrichtsmaterialien\/Instrumente im Musikunterricht<strong><br \/>\nFrau Hartung<\/strong><\/td>\n<td style=\"vertical-align: top;\">Musikraum<\/td>\n<\/tr>\n<tr bgcolor=\"#ff0000\">\n<td colspan=\"3\">\n<div align=\"center\"><strong><span style=\"color: #ffffff; font-size: medium;\">Besucherservice<\/span><\/strong><\/div>\n<\/td>\n<\/tr>\n<tr>\n<td style=\"vertical-align: top; color: #ffffff; text-align: left;\" bgcolor=\"#ff0000\"><span style=\"font-weight: bold;\">Cafeteria<br \/>\n<\/span><\/td>\n<td style=\"vertical-align: top; color: #ffffff;\" bgcolor=\"#ff0000\"><span style=\"font-weight: bold;\">Klasse<br \/>\n9c<\/span>(Herr Kotthaus)<\/td>\n<td style=\"vertical-align: top; color: #ffffff;\" bgcolor=\"#ff0000\"><span style=\"font-size: small;\"><span style=\"font-weight: bold;\">Aulavorraum<\/span><\/span><\/td>\n<\/tr>\n<tr>\n<td style=\"vertical-align: top; background-color: #ff0000; color: #ffffff;\"><strong>Lotsendienst<br \/>\nder SV<\/strong><\/td>\n<td style=\"vertical-align: top; background-color: #ff0000; color: #ffffff;\"><strong>SV<\/strong> (Herr Schmitz, Frau Hendryk)<\/td>\n<td style=\"vertical-align: top; background-color: #ff0000; color: #ffffff; font-weight: bold;\">Aulavorraum<\/td>\n<\/tr>\n<tr>\n<td style=\"vertical-align: top; background-color: #ff0000; color: #ffffff; font-weight: bold;\"><strong>Verkauf<br \/>\nvon Geb\u00e4ck<\/strong><\/td>\n<td style=\"vertical-align: top; background-color: #ff0000; color: #ffffff;\"><strong>Klasse<br \/>\n8C <\/strong> (Frau Haas)<\/td>\n<td style=\"vertical-align: top; background-color: #ff0000; color: #ffffff; font-weight: bold;\">Foyer<\/td>\n<\/tr>\n<tr>\n<td style=\"vertical-align: top; background-color: #ff0000; color: #ffffff; font-weight: bold;\"><strong>Verkauf von Kuchen in Flaschen<\/strong><\/td>\n<td style=\"vertical-align: top; background-color: #ff0000; color: #ffffff; font-weight: bold;\" bgcolor=\"#FF0000\"><strong>Klasse<br \/>\n6B <\/strong> <strong>(Herr Steyer)<\/strong><\/td>\n<td style=\"vertical-align: top; background-color: #ff0000; color: #ffffff; font-weight: bold;\">Foyer\/Schulk\u00fcche<\/td>\n<\/tr>\n<tr>\n<td style=\"vertical-align: top; background-color: #ff0000; color: #ffffff; font-weight: bold;\"><\/td>\n<td style=\"vertical-align: top; background-color: #ff0000; color: #ffffff; font-weight: bold;\"><\/td>\n<td style=\"vertical-align: top; background-color: #ff0000; color: #ffffff; font-weight: bold;\"><\/td>\n<\/tr>\n<tr bgcolor=\"#FF0000\">\n<td style=\"vertical-align: top;\" height=\"40\"><strong><span style=\"color: #ffffff;\">Verkauf<br \/>\nvon Weihnachtskarten<\/span><\/strong><\/td>\n<td style=\"vertical-align: top;\"><strong><span style=\"color: #ffffff;\">Klasse 6E<br \/>\n(HerrFischer)<\/span><\/strong><\/td>\n<td style=\"vertical-align: top;\"><strong><span style=\"color: #ffffff;\">Klasse 7D<\/span><\/strong><\/td>\n<\/tr>\n<tr bgcolor=\"#FF0000\">\n<td style=\"vertical-align: top;\" height=\"40\"><span style=\"color: #ffffff;\"><strong>F\u00fcr<br \/>\nehemalige Sch\u00fcler\/innen<\/strong><\/span><\/td>\n<td style=\"vertical-align: top;\"><span style=\"color: #ffffff;\"><strong>Gelegenheit<br \/>\nzum Wiedersehen<\/strong> Frau Haas<\/span><\/td>\n<td style=\"vertical-align: top;\"><span style=\"color: #ffffff;\"> Raum 10B<\/span><\/td>\n<\/tr>\n<\/tbody>\n<\/table>\n","protected":false},"excerpt":{"rendered":"<p>Samstag, 25.11.2017, 10:00-13:00 Uhr 10:00 Uhr Begr\u00fc\u00dfung durch unsere Schulleiterin Frau Silbernagel in der Aula F\u00fchrungen durch das Schulgeb\u00e4ude (in etwa halbst\u00fcndigen Rhythmus) Treffpunkt: Liftfasss\u00e4ule im Aulavorraum F\u00fchrungen: Frau Damwerth, [&hellip;]<\/p>\n","protected":false},"author":6,"featured_media":0,"parent":0,"menu_order":0,"comment_status":"closed","ping_status":"closed","template":"","meta":{"_eb_attr":"","footnotes":""},"class_list":["post-274","page","type-page","status-publish","hentry"],"yoast_head":"<!-- This site is optimized with the Yoast SEO plugin v27.3 - https:\/\/yoast.com\/product\/yoast-seo-wordpress\/ -->\n<title>Tag der offenen T\u00fcr | RSP<\/title>\n<meta name=\"robots\" content=\"index, follow, max-snippet:-1, max-image-preview:large, max-video-preview:-1\" \/>\n<link rel=\"canonical\" href=\"https:\/\/patternhof.de\/?page_id=274\" \/>\n<meta property=\"og:locale\" content=\"de_DE\" \/>\n<meta property=\"og:type\" content=\"article\" \/>\n<meta property=\"og:title\" content=\"Tag der offenen T\u00fcr | RSP\" \/>\n<meta property=\"og:description\" content=\"Samstag, 25.11.2017, 10:00-13:00 Uhr 10:00 Uhr Begr\u00fc\u00dfung durch unsere Schulleiterin Frau Silbernagel in der Aula F\u00fchrungen durch das Schulgeb\u00e4ude (in etwa halbst\u00fcndigen Rhythmus) Treffpunkt: Liftfasss\u00e4ule im Aulavorraum F\u00fchrungen: Frau Damwerth, [&hellip;]\" \/>\n<meta property=\"og:url\" content=\"https:\/\/patternhof.de\/?page_id=274\" \/>\n<meta property=\"og:site_name\" content=\"RSP\" \/>\n<meta name=\"twitter:card\" content=\"summary_large_image\" \/>\n<meta name=\"twitter:label1\" content=\"Gesch\u00e4tzte Lesezeit\" \/>\n\t<meta name=\"twitter:data1\" content=\"2\u00a0Minuten\" \/>\n<script type=\"application\/ld+json\" class=\"yoast-schema-graph\">{\"@context\":\"https:\\\/\\\/schema.org\",\"@graph\":[{\"@type\":\"WebPage\",\"@id\":\"https:\\\/\\\/patternhof.de\\\/?page_id=274\",\"url\":\"https:\\\/\\\/patternhof.de\\\/?page_id=274\",\"name\":\"Tag der offenen T\u00fcr | RSP\",\"isPartOf\":{\"@id\":\"https:\\\/\\\/patternhof.de\\\/#website\"},\"datePublished\":\"2012-05-23T09:10:00+00:00\",\"breadcrumb\":{\"@id\":\"https:\\\/\\\/patternhof.de\\\/?page_id=274#breadcrumb\"},\"inLanguage\":\"de\",\"potentialAction\":[{\"@type\":\"ReadAction\",\"target\":[\"https:\\\/\\\/patternhof.de\\\/?page_id=274\"]}]},{\"@type\":\"BreadcrumbList\",\"@id\":\"https:\\\/\\\/patternhof.de\\\/?page_id=274#breadcrumb\",\"itemListElement\":[{\"@type\":\"ListItem\",\"position\":1,\"name\":\"Startseite\",\"item\":\"https:\\\/\\\/patternhof.de\\\/\"},{\"@type\":\"ListItem\",\"position\":2,\"name\":\"Tag der offenen T\u00fcr\"}]},{\"@type\":\"WebSite\",\"@id\":\"https:\\\/\\\/patternhof.de\\\/#website\",\"url\":\"https:\\\/\\\/patternhof.de\\\/\",\"name\":\"RSP\",\"description\":\"Realschule Patternhof\",\"publisher\":{\"@id\":\"https:\\\/\\\/patternhof.de\\\/#organization\"},\"potentialAction\":[{\"@type\":\"SearchAction\",\"target\":{\"@type\":\"EntryPoint\",\"urlTemplate\":\"https:\\\/\\\/patternhof.de\\\/?s={search_term_string}\"},\"query-input\":{\"@type\":\"PropertyValueSpecification\",\"valueRequired\":true,\"valueName\":\"search_term_string\"}}],\"inLanguage\":\"de\"},{\"@type\":\"Organization\",\"@id\":\"https:\\\/\\\/patternhof.de\\\/#organization\",\"name\":\"RSP\",\"url\":\"https:\\\/\\\/patternhof.de\\\/\",\"logo\":{\"@type\":\"ImageObject\",\"inLanguage\":\"de\",\"@id\":\"https:\\\/\\\/patternhof.de\\\/#\\\/schema\\\/logo\\\/image\\\/\",\"url\":\"https:\\\/\\\/i0.wp.com\\\/patternhof.de\\\/wp-content\\\/uploads\\\/2024\\\/11\\\/cropped-462d7d81-a052-4d12-af5f-728c2558fd5b.png?fit=1975%2C890&ssl=1\",\"contentUrl\":\"https:\\\/\\\/i0.wp.com\\\/patternhof.de\\\/wp-content\\\/uploads\\\/2024\\\/11\\\/cropped-462d7d81-a052-4d12-af5f-728c2558fd5b.png?fit=1975%2C890&ssl=1\",\"width\":1975,\"height\":890,\"caption\":\"RSP\"},\"image\":{\"@id\":\"https:\\\/\\\/patternhof.de\\\/#\\\/schema\\\/logo\\\/image\\\/\"}}]}<\/script>\n<!-- \/ Yoast SEO plugin. -->","yoast_head_json":{"title":"Tag der offenen T\u00fcr | RSP","robots":{"index":"index","follow":"follow","max-snippet":"max-snippet:-1","max-image-preview":"max-image-preview:large","max-video-preview":"max-video-preview:-1"},"canonical":"https:\/\/patternhof.de\/?page_id=274","og_locale":"de_DE","og_type":"article","og_title":"Tag der offenen T\u00fcr | RSP","og_description":"Samstag, 25.11.2017, 10:00-13:00 Uhr 10:00 Uhr Begr\u00fc\u00dfung durch unsere Schulleiterin Frau Silbernagel in der Aula F\u00fchrungen durch das Schulgeb\u00e4ude (in etwa halbst\u00fcndigen Rhythmus) Treffpunkt: Liftfasss\u00e4ule im Aulavorraum F\u00fchrungen: Frau Damwerth, [&hellip;]","og_url":"https:\/\/patternhof.de\/?page_id=274","og_site_name":"RSP","twitter_card":"summary_large_image","twitter_misc":{"Gesch\u00e4tzte Lesezeit":"2\u00a0Minuten"},"schema":{"@context":"https:\/\/schema.org","@graph":[{"@type":"WebPage","@id":"https:\/\/patternhof.de\/?page_id=274","url":"https:\/\/patternhof.de\/?page_id=274","name":"Tag der offenen T\u00fcr | RSP","isPartOf":{"@id":"https:\/\/patternhof.de\/#website"},"datePublished":"2012-05-23T09:10:00+00:00","breadcrumb":{"@id":"https:\/\/patternhof.de\/?page_id=274#breadcrumb"},"inLanguage":"de","potentialAction":[{"@type":"ReadAction","target":["https:\/\/patternhof.de\/?page_id=274"]}]},{"@type":"BreadcrumbList","@id":"https:\/\/patternhof.de\/?page_id=274#breadcrumb","itemListElement":[{"@type":"ListItem","position":1,"name":"Startseite","item":"https:\/\/patternhof.de\/"},{"@type":"ListItem","position":2,"name":"Tag der offenen T\u00fcr"}]},{"@type":"WebSite","@id":"https:\/\/patternhof.de\/#website","url":"https:\/\/patternhof.de\/","name":"RSP","description":"Realschule Patternhof","publisher":{"@id":"https:\/\/patternhof.de\/#organization"},"potentialAction":[{"@type":"SearchAction","target":{"@type":"EntryPoint","urlTemplate":"https:\/\/patternhof.de\/?s={search_term_string}"},"query-input":{"@type":"PropertyValueSpecification","valueRequired":true,"valueName":"search_term_string"}}],"inLanguage":"de"},{"@type":"Organization","@id":"https:\/\/patternhof.de\/#organization","name":"RSP","url":"https:\/\/patternhof.de\/","logo":{"@type":"ImageObject","inLanguage":"de","@id":"https:\/\/patternhof.de\/#\/schema\/logo\/image\/","url":"https:\/\/i0.wp.com\/patternhof.de\/wp-content\/uploads\/2024\/11\/cropped-462d7d81-a052-4d12-af5f-728c2558fd5b.png?fit=1975%2C890&ssl=1","contentUrl":"https:\/\/i0.wp.com\/patternhof.de\/wp-content\/uploads\/2024\/11\/cropped-462d7d81-a052-4d12-af5f-728c2558fd5b.png?fit=1975%2C890&ssl=1","width":1975,"height":890,"caption":"RSP"},"image":{"@id":"https:\/\/patternhof.de\/#\/schema\/logo\/image\/"}}]}},"jetpack_sharing_enabled":true,"_links":{"self":[{"href":"https:\/\/patternhof.de\/index.php?rest_route=\/wp\/v2\/pages\/274","targetHints":{"allow":["GET"]}}],"collection":[{"href":"https:\/\/patternhof.de\/index.php?rest_route=\/wp\/v2\/pages"}],"about":[{"href":"https:\/\/patternhof.de\/index.php?rest_route=\/wp\/v2\/types\/page"}],"author":[{"embeddable":true,"href":"https:\/\/patternhof.de\/index.php?rest_route=\/wp\/v2\/users\/6"}],"replies":[{"embeddable":true,"href":"https:\/\/patternhof.de\/index.php?rest_route=%2Fwp%2Fv2%2Fcomments&post=274"}],"version-history":[{"count":0,"href":"https:\/\/patternhof.de\/index.php?rest_route=\/wp\/v2\/pages\/274\/revisions"}],"wp:attachment":[{"href":"https:\/\/patternhof.de\/index.php?rest_route=%2Fwp%2Fv2%2Fmedia&parent=274"}],"curies":[{"name":"wp","href":"https:\/\/api.w.org\/{rel}","templated":true}]}}