{"id":1845,"date":"2014-10-29T14:25:33","date_gmt":"2014-10-29T13:25:33","guid":{"rendered":"http:\/\/rs-patternhof.de\/?page_id=1845"},"modified":"2025-12-17T09:49:49","modified_gmt":"2025-12-17T08:49:49","slug":"kontakt","status":"publish","type":"page","link":"https:\/\/patternhof.de\/?page_id=1845","title":{"rendered":"Kontakt \/ Impressum"},"content":{"rendered":"\t\t<div data-elementor-type=\"wp-page\" data-elementor-id=\"1845\" class=\"elementor elementor-1845\">\n\t\t\t\t\t\t<section class=\"elementor-section elementor-top-section elementor-element elementor-element-837e67e elementor-section-boxed elementor-section-height-default elementor-section-height-default\" data-id=\"837e67e\" data-element_type=\"section\">\n\t\t\t\t\t\t<div class=\"elementor-container elementor-column-gap-default\">\n\t\t\t\t\t<div class=\"elementor-column elementor-col-100 elementor-top-column elementor-element elementor-element-da4a81f\" data-id=\"da4a81f\" data-element_type=\"column\">\n\t\t\t<div class=\"elementor-widget-wrap elementor-element-populated\">\n\t\t\t\t\t\t<div class=\"elementor-element elementor-element-088c882 elementor-widget-divider--view-line elementor-widget elementor-widget-divider\" data-id=\"088c882\" data-element_type=\"widget\" data-widget_type=\"divider.default\">\n\t\t\t\t<div class=\"elementor-widget-container\">\n\t\t\t<style>\/*! elementor - v3.22.0 - 17-06-2024 *\/\n.elementor-widget-divider{--divider-border-style:none;--divider-border-width:1px;--divider-color:#0c0d0e;--divider-icon-size:20px;--divider-element-spacing:10px;--divider-pattern-height:24px;--divider-pattern-size:20px;--divider-pattern-url:none;--divider-pattern-repeat:repeat-x}.elementor-widget-divider .elementor-divider{display:flex}.elementor-widget-divider .elementor-divider__text{font-size:15px;line-height:1;max-width:95%}.elementor-widget-divider .elementor-divider__element{margin:0 var(--divider-element-spacing);flex-shrink:0}.elementor-widget-divider .elementor-icon{font-size:var(--divider-icon-size)}.elementor-widget-divider .elementor-divider-separator{display:flex;margin:0;direction:ltr}.elementor-widget-divider--view-line_icon .elementor-divider-separator,.elementor-widget-divider--view-line_text .elementor-divider-separator{align-items:center}.elementor-widget-divider--view-line_icon .elementor-divider-separator:after,.elementor-widget-divider--view-line_icon .elementor-divider-separator:before,.elementor-widget-divider--view-line_text .elementor-divider-separator:after,.elementor-widget-divider--view-line_text .elementor-divider-separator:before{display:block;content:\"\";border-block-end:0;flex-grow:1;border-block-start:var(--divider-border-width) var(--divider-border-style) var(--divider-color)}.elementor-widget-divider--element-align-left .elementor-divider .elementor-divider-separator>.elementor-divider__svg:first-of-type{flex-grow:0;flex-shrink:100}.elementor-widget-divider--element-align-left .elementor-divider-separator:before{content:none}.elementor-widget-divider--element-align-left .elementor-divider__element{margin-left:0}.elementor-widget-divider--element-align-right .elementor-divider .elementor-divider-separator>.elementor-divider__svg:last-of-type{flex-grow:0;flex-shrink:100}.elementor-widget-divider--element-align-right .elementor-divider-separator:after{content:none}.elementor-widget-divider--element-align-right .elementor-divider__element{margin-right:0}.elementor-widget-divider--element-align-start .elementor-divider .elementor-divider-separator>.elementor-divider__svg:first-of-type{flex-grow:0;flex-shrink:100}.elementor-widget-divider--element-align-start .elementor-divider-separator:before{content:none}.elementor-widget-divider--element-align-start .elementor-divider__element{margin-inline-start:0}.elementor-widget-divider--element-align-end .elementor-divider .elementor-divider-separator>.elementor-divider__svg:last-of-type{flex-grow:0;flex-shrink:100}.elementor-widget-divider--element-align-end .elementor-divider-separator:after{content:none}.elementor-widget-divider--element-align-end .elementor-divider__element{margin-inline-end:0}.elementor-widget-divider:not(.elementor-widget-divider--view-line_text):not(.elementor-widget-divider--view-line_icon) .elementor-divider-separator{border-block-start:var(--divider-border-width) var(--divider-border-style) var(--divider-color)}.elementor-widget-divider--separator-type-pattern{--divider-border-style:none}.elementor-widget-divider--separator-type-pattern.elementor-widget-divider--view-line .elementor-divider-separator,.elementor-widget-divider--separator-type-pattern:not(.elementor-widget-divider--view-line) .elementor-divider-separator:after,.elementor-widget-divider--separator-type-pattern:not(.elementor-widget-divider--view-line) .elementor-divider-separator:before,.elementor-widget-divider--separator-type-pattern:not([class*=elementor-widget-divider--view]) .elementor-divider-separator{width:100%;min-height:var(--divider-pattern-height);-webkit-mask-size:var(--divider-pattern-size) 100%;mask-size:var(--divider-pattern-size) 100%;-webkit-mask-repeat:var(--divider-pattern-repeat);mask-repeat:var(--divider-pattern-repeat);background-color:var(--divider-color);-webkit-mask-image:var(--divider-pattern-url);mask-image:var(--divider-pattern-url)}.elementor-widget-divider--no-spacing{--divider-pattern-size:auto}.elementor-widget-divider--bg-round{--divider-pattern-repeat:round}.rtl .elementor-widget-divider .elementor-divider__text{direction:rtl}.e-con-inner>.elementor-widget-divider,.e-con>.elementor-widget-divider{width:var(--container-widget-width,100%);--flex-grow:var(--container-widget-flex-grow)}<\/style>\t\t<div class=\"elementor-divider\">\n\t\t\t<span class=\"elementor-divider-separator\">\n\t\t\t\t\t\t<\/span>\n\t\t<\/div>\n\t\t\t\t<\/div>\n\t\t\t\t<\/div>\n\t\t\t\t\t<\/div>\n\t\t<\/div>\n\t\t\t\t\t<\/div>\n\t\t<\/section>\n\t\t\t\t<section class=\"elementor-section elementor-top-section elementor-element elementor-element-4cdfedd elementor-section-boxed elementor-section-height-default elementor-section-height-default\" data-id=\"4cdfedd\" data-element_type=\"section\">\n\t\t\t\t\t\t<div class=\"elementor-container elementor-column-gap-default\">\n\t\t\t\t\t<div class=\"elementor-column elementor-col-100 elementor-top-column elementor-element elementor-element-7615f1c\" data-id=\"7615f1c\" data-element_type=\"column\">\n\t\t\t<div class=\"elementor-widget-wrap elementor-element-populated\">\n\t\t\t\t\t\t<div class=\"elementor-element elementor-element-acea2f3 elementor-widget elementor-widget-text-editor\" data-id=\"acea2f3\" data-element_type=\"widget\" data-widget_type=\"text-editor.default\">\n\t\t\t\t<div class=\"elementor-widget-container\">\n\t\t\t<style>\/*! elementor - v3.22.0 - 17-06-2024 *\/\n.elementor-widget-text-editor.elementor-drop-cap-view-stacked .elementor-drop-cap{background-color:#69727d;color:#fff}.elementor-widget-text-editor.elementor-drop-cap-view-framed .elementor-drop-cap{color:#69727d;border:3px solid;background-color:transparent}.elementor-widget-text-editor:not(.elementor-drop-cap-view-default) .elementor-drop-cap{margin-top:8px}.elementor-widget-text-editor:not(.elementor-drop-cap-view-default) .elementor-drop-cap-letter{width:1em;height:1em}.elementor-widget-text-editor .elementor-drop-cap{float:left;text-align:center;line-height:1;font-size:50px}.elementor-widget-text-editor .elementor-drop-cap-letter{display:inline-block}<\/style>\t\t\t\t<p style=\"text-align: center;\"><strong><span style=\"text-decoration: underline;\"><span style=\"font-size: 18pt;\">Impressum<\/span><\/span><\/strong><\/p>\t\t\t\t\t\t<\/div>\n\t\t\t\t<\/div>\n\t\t\t\t\t<\/div>\n\t\t<\/div>\n\t\t\t\t\t<\/div>\n\t\t<\/section>\n\t\t\t\t<section class=\"elementor-section elementor-top-section elementor-element elementor-element-a63d7e3 elementor-section-boxed elementor-section-height-default elementor-section-height-default\" data-id=\"a63d7e3\" data-element_type=\"section\">\n\t\t\t\t\t\t<div class=\"elementor-container elementor-column-gap-default\">\n\t\t\t\t\t<div class=\"elementor-column elementor-col-50 elementor-top-column elementor-element elementor-element-33572c7\" data-id=\"33572c7\" data-element_type=\"column\">\n\t\t\t<div class=\"elementor-widget-wrap elementor-element-populated\">\n\t\t\t\t\t\t<div class=\"elementor-element elementor-element-280cfb9 elementor-view-default elementor-widget elementor-widget-icon\" data-id=\"280cfb9\" data-element_type=\"widget\" data-widget_type=\"icon.default\">\n\t\t\t\t<div class=\"elementor-widget-container\">\n\t\t\t\t\t<div class=\"elementor-icon-wrapper\">\n\t\t\t<div class=\"elementor-icon\">\n\t\t\t<i aria-hidden=\"true\" class=\"fas fa-info-circle\"><\/i>\t\t\t<\/div>\n\t\t<\/div>\n\t\t\t\t<\/div>\n\t\t\t\t<\/div>\n\t\t\t\t\t<\/div>\n\t\t<\/div>\n\t\t\t\t<div class=\"elementor-column elementor-col-50 elementor-top-column elementor-element elementor-element-7492adc\" data-id=\"7492adc\" data-element_type=\"column\">\n\t\t\t<div class=\"elementor-widget-wrap elementor-element-populated\">\n\t\t\t\t\t\t<div class=\"elementor-element elementor-element-ed515a1 elementor-widget elementor-widget-text-editor\" data-id=\"ed515a1\" data-element_type=\"widget\" data-widget_type=\"text-editor.default\">\n\t\t\t\t<div class=\"elementor-widget-container\">\n\t\t\t\t\t\t\t<p style=\"text-align: center;\"><strong>St\u00e4dt. Realschule Patternhof<\/strong><br \/>Patternhof 7<br \/>52249 Eschweiler<\/p><p>Tel. 02403\/7028-0<br \/>Fax 02403 702828<br \/>rs-patternhof<em>[at]<\/em>eschweiler.de (Hinweis: Bitte <em>&#8222;[at]&#8220;<\/em> durch <em>&#8222;@&#8220;<\/em> ersetzen)<br \/>www.rs-patternhof.de | www.patternhof.de\u00a0<\/p><p>Schultr\u00e4ger: Stadt Eschweiler<\/p><p>Schulleiter: Herr J\u00fcrgen Momma<\/p><h1 style=\"margin-top: 0px; margin-bottom: 15px; padding: 0px 0px 10px; border-width: 0px 0px 1px; border-top-style: initial; border-right-style: initial; border-left-style: initial; border-image: initial; font-variant-numeric: inherit; font-variant-east-asian: inherit; font-weight: inherit; font-stretch: inherit; font-size: 24px; line-height: 1.1; font-family: 'Roboto Slab', serif; vertical-align: baseline; color: #bf1522; text-transform: uppercase; border-color: initial initial #e1e1e1 initial;\">DISCLAIMER<\/h1><section style=\"margin: 0px; padding: 0px; border: 0px; font-variant-numeric: inherit; font-variant-east-asian: inherit; font-stretch: inherit; font-size: medium; line-height: 1.4; font-family: 'Titillium Web', sans-serif; vertical-align: baseline; color: #222222; text-shadow: none; text-align: justify; overflow: auto;\"><article style=\"margin: 0px; padding: 0px; border: 0px; font-style: inherit; font-variant: inherit; font-stretch: inherit; font-size: inherit; line-height: inherit; font-family: inherit; vertical-align: baseline;\"><article style=\"font-style: inherit; font-variant: inherit; font-stretch: inherit; font-size: inherit; line-height: inherit; font-family: inherit; margin: 0px; padding: 0px; border: 0px; vertical-align: baseline;\"><p style=\"font-weight: inherit; margin: 0px 0px 15px; padding: 0px; border: 0px; font-style: inherit; font-variant: inherit; font-stretch: inherit; font-size: 16px; font-family: 'Titillium Web', sans-serif; vertical-align: baseline; text-shadow: none; color: #6f6f6f; line-height: 1.8 !important;\">Die St\u00e4dtische Realschule Patternhof ist als \u00f6ffentliche Schule die Dienststelle einer Gebietsk\u00f6rperschaft, Schultr\u00e4ger ist die Stadt Eschweiler. Es wird durch den Schulleiter, Herrn J\u00fcrgen Momma, gesetzlich vertreten.<\/p><p style=\"font-weight: inherit; margin: 0px 0px 15px; padding: 0px; border: 0px; font-style: inherit; font-variant: inherit; font-stretch: inherit; font-size: 16px; font-family: 'Titillium Web', sans-serif; vertical-align: baseline; text-shadow: none; color: #6f6f6f; line-height: 1.8 !important;\">Inhaltlich Gesamtverantwortlicher gem\u00e4\u00df \u00a7 10 Absatz 3 MDStV: J\u00fcrgen Momma<\/p><p style=\"margin: 0px 0px 15px; padding: 0px; border: 0px; font-style: inherit; font-variant: inherit; font-stretch: inherit; font-size: 16px; font-family: 'Titillium Web', sans-serif; vertical-align: baseline; text-shadow: none; color: #6f6f6f; line-height: 1.8 !important;\"><b>Externe Inhalte:<\/b><span style=\"font-weight: inherit;\"> Trotz sorgf\u00e4ltiger inhaltlicher Kontrolle \u00fcbernehmen wir <\/span><u>keine Haftung f\u00fcr die Inhalte externer Links<\/u><span style=\"font-weight: inherit;\">. F\u00fcr den Inhalt der verlinkten Seiten sind ausschlie\u00dflich deren Betreiber verantwortlich.\u00a0<\/span><\/p><p style=\"margin: 0px 0px 15px; padding: 0px; border: 0px; font-style: inherit; font-variant: inherit; font-stretch: inherit; font-size: 16px; font-family: 'Titillium Web', sans-serif; vertical-align: baseline; text-shadow: none; color: #6f6f6f; line-height: 1.8 !important;\"><b>Interne Inhalte:<\/b><span style=\"font-weight: inherit;\"> Die Schule, bzw. die i<\/span><span style=\"font-weight: inherit; font-family: inherit; font-style: inherit; font-variant-ligatures: inherit; font-variant-caps: inherit; text-transform: inherit;\">nhaltlich Gesamtverantwortliche gem\u00e4\u00df \u00a7 10 Absatz 3 MDStV, ist f\u00fcr <\/span><span style=\"font-family: inherit; font-style: inherit; font-variant-ligatures: inherit; font-variant-caps: inherit; text-transform: inherit;\">eigene Inhalte<\/span><span style=\"font-weight: inherit; font-family: inherit; font-style: inherit; font-variant-ligatures: inherit; font-variant-caps: inherit; text-transform: inherit;\">\u00a0gem\u00e4\u00df \u00a7 7 Abs.1 TMG verantwortlich. Nach \u00a7\u00a7 8 bis 10 TMG sind wir als Diensteanbieter jedoch nicht verpflichtet, \u00fcbermittelte oder gespeicherte fremde Informationen zu \u00fcberwachen oder nach Umst\u00e4nden zu forschen, die auf eine rechtswidrige T\u00e4tigkeit hinweisen. Verpflichtungen zur Entfernung oder Sperrung der Nutzung von Informationen nach den allgemeinen Gesetzen bleiben hiervon unber\u00fchrt. Eine diesbez\u00fcgliche Haftung ist jedoch erst ab dem Zeitpunkt der Kenntnis einer konkreten Rechtsverletzung m\u00f6glich. Bei Bekanntwerden von entsprechenden Rechtsverletzungen werden wir diese Inhalte umgehend entfernen.\u00a0<\/span><span style=\"font-weight: inherit; font-style: inherit; font-variant-ligatures: inherit; font-variant-caps: inherit; text-transform: inherit;\">Sollten, trotz gr\u00fcndlicher Kontrolle unsererseits, inhaltliche Fehler oder potentiell rechtsverletzende Elemente (sowohl inhaltlich als auch designtechnisch) auf unseren Seiten gefunden werden, nehmen Sie bitte <a href=\"mailto:rs-patternhof@eschweiler.de\">Kontakt<\/a> zu uns auf.<\/span><\/p><\/article><\/article><\/section>\t\t\t\t\t\t<\/div>\n\t\t\t\t<\/div>\n\t\t\t\t\t<\/div>\n\t\t<\/div>\n\t\t\t\t\t<\/div>\n\t\t<\/section>\n\t\t\t\t<section class=\"elementor-section elementor-top-section elementor-element elementor-element-b8db6eb elementor-section-boxed elementor-section-height-default elementor-section-height-default\" data-id=\"b8db6eb\" data-element_type=\"section\">\n\t\t\t\t\t\t<div class=\"elementor-container elementor-column-gap-default\">\n\t\t\t\t\t<div class=\"elementor-column elementor-col-100 elementor-top-column elementor-element elementor-element-ed47ffe\" data-id=\"ed47ffe\" data-element_type=\"column\">\n\t\t\t<div class=\"elementor-widget-wrap elementor-element-populated\">\n\t\t\t\t\t\t<div class=\"elementor-element elementor-element-afbb13c elementor-align-justify elementor-widget elementor-widget-button\" data-id=\"afbb13c\" data-element_type=\"widget\" data-widget_type=\"button.default\">\n\t\t\t\t<div class=\"elementor-widget-container\">\n\t\t\t\t\t<div class=\"elementor-button-wrapper\">\n\t\t\t<a class=\"elementor-button elementor-button-link elementor-size-sm\" href=\"https:\/\/patternhof.de\/?page_id=5862\">\n\t\t\t\t\t\t<span class=\"elementor-button-content-wrapper\">\n\t\t\t\t\t\t\t\t\t<span class=\"elementor-button-text\">Datenschutz (DSGVO)<\/span>\n\t\t\t\t\t<\/span>\n\t\t\t\t\t<\/a>\n\t\t<\/div>\n\t\t\t\t<\/div>\n\t\t\t\t<\/div>\n\t\t\t\t\t<\/div>\n\t\t<\/div>\n\t\t\t\t\t<\/div>\n\t\t<\/section>\n\t\t\t\t<\/div>\n\t\t","protected":false},"excerpt":{"rendered":"<p>Impressum St\u00e4dt. Realschule PatternhofPatternhof 752249 Eschweiler Tel. 02403\/7028-0Fax 02403 702828rs-patternhof[at]eschweiler.de (Hinweis: Bitte &#8222;[at]&#8220; durch &#8222;@&#8220; ersetzen)www.rs-patternhof.de | www.patternhof.de\u00a0 Schultr\u00e4ger: Stadt Eschweiler Schulleiter: Herr J\u00fcrgen Momma DISCLAIMER Die St\u00e4dtische Realschule Patternhof [&hellip;]<\/p>\n","protected":false},"author":6,"featured_media":0,"parent":0,"menu_order":0,"comment_status":"closed","ping_status":"closed","template":"","meta":{"_eb_attr":"","footnotes":""},"class_list":["post-1845","page","type-page","status-publish","hentry"],"yoast_head":"<!-- This site is optimized with the Yoast SEO plugin v27.6 - https:\/\/yoast.com\/product\/yoast-seo-wordpress\/ -->\n<title>Kontakt \/ Impressum | RSP<\/title>\n<meta name=\"robots\" content=\"index, follow, max-snippet:-1, max-image-preview:large, max-video-preview:-1\" \/>\n<link rel=\"canonical\" href=\"https:\/\/patternhof.de\/?page_id=1845\" \/>\n<meta property=\"og:locale\" content=\"de_DE\" \/>\n<meta property=\"og:type\" content=\"article\" \/>\n<meta property=\"og:title\" content=\"Kontakt \/ Impressum | RSP\" \/>\n<meta property=\"og:description\" content=\"Impressum St\u00e4dt. Realschule PatternhofPatternhof 752249 Eschweiler Tel. 02403\/7028-0Fax 02403 702828rs-patternhof[at]eschweiler.de (Hinweis: Bitte &#8222;[at]&#8220; durch &#8222;@&#8220; ersetzen)www.rs-patternhof.de | www.patternhof.de\u00a0 Schultr\u00e4ger: Stadt Eschweiler Schulleiter: Herr J\u00fcrgen Momma DISCLAIMER Die St\u00e4dtische Realschule Patternhof [&hellip;]\" \/>\n<meta property=\"og:url\" content=\"https:\/\/patternhof.de\/?page_id=1845\" \/>\n<meta property=\"og:site_name\" content=\"RSP\" \/>\n<meta property=\"article:modified_time\" content=\"2025-12-17T08:49:49+00:00\" \/>\n<meta name=\"twitter:card\" content=\"summary_large_image\" \/>\n<meta name=\"twitter:label1\" content=\"Gesch\u00e4tzte Lesezeit\" \/>\n\t<meta name=\"twitter:data1\" content=\"2\u00a0Minuten\" \/>\n<script type=\"application\/ld+json\" class=\"yoast-schema-graph\">{\"@context\":\"https:\\\/\\\/schema.org\",\"@graph\":[{\"@type\":\"WebPage\",\"@id\":\"https:\\\/\\\/patternhof.de\\\/?page_id=1845\",\"url\":\"https:\\\/\\\/patternhof.de\\\/?page_id=1845\",\"name\":\"Kontakt \\\/ Impressum | RSP\",\"isPartOf\":{\"@id\":\"https:\\\/\\\/patternhof.de\\\/#website\"},\"datePublished\":\"2014-10-29T13:25:33+00:00\",\"dateModified\":\"2025-12-17T08:49:49+00:00\",\"breadcrumb\":{\"@id\":\"https:\\\/\\\/patternhof.de\\\/?page_id=1845#breadcrumb\"},\"inLanguage\":\"de\",\"potentialAction\":[{\"@type\":\"ReadAction\",\"target\":[\"https:\\\/\\\/patternhof.de\\\/?page_id=1845\"]}]},{\"@type\":\"BreadcrumbList\",\"@id\":\"https:\\\/\\\/patternhof.de\\\/?page_id=1845#breadcrumb\",\"itemListElement\":[{\"@type\":\"ListItem\",\"position\":1,\"name\":\"Startseite\",\"item\":\"https:\\\/\\\/patternhof.de\\\/\"},{\"@type\":\"ListItem\",\"position\":2,\"name\":\"Kontakt \\\/ Impressum\"}]},{\"@type\":\"WebSite\",\"@id\":\"https:\\\/\\\/patternhof.de\\\/#website\",\"url\":\"https:\\\/\\\/patternhof.de\\\/\",\"name\":\"RSP\",\"description\":\"Realschule Patternhof\",\"publisher\":{\"@id\":\"https:\\\/\\\/patternhof.de\\\/#organization\"},\"potentialAction\":[{\"@type\":\"SearchAction\",\"target\":{\"@type\":\"EntryPoint\",\"urlTemplate\":\"https:\\\/\\\/patternhof.de\\\/?s={search_term_string}\"},\"query-input\":{\"@type\":\"PropertyValueSpecification\",\"valueRequired\":true,\"valueName\":\"search_term_string\"}}],\"inLanguage\":\"de\"},{\"@type\":\"Organization\",\"@id\":\"https:\\\/\\\/patternhof.de\\\/#organization\",\"name\":\"RSP\",\"url\":\"https:\\\/\\\/patternhof.de\\\/\",\"logo\":{\"@type\":\"ImageObject\",\"inLanguage\":\"de\",\"@id\":\"https:\\\/\\\/patternhof.de\\\/#\\\/schema\\\/logo\\\/image\\\/\",\"url\":\"https:\\\/\\\/i0.wp.com\\\/patternhof.de\\\/wp-content\\\/uploads\\\/2024\\\/11\\\/cropped-462d7d81-a052-4d12-af5f-728c2558fd5b.png?fit=1975%2C890&ssl=1\",\"contentUrl\":\"https:\\\/\\\/i0.wp.com\\\/patternhof.de\\\/wp-content\\\/uploads\\\/2024\\\/11\\\/cropped-462d7d81-a052-4d12-af5f-728c2558fd5b.png?fit=1975%2C890&ssl=1\",\"width\":1975,\"height\":890,\"caption\":\"RSP\"},\"image\":{\"@id\":\"https:\\\/\\\/patternhof.de\\\/#\\\/schema\\\/logo\\\/image\\\/\"}}]}<\/script>\n<!-- \/ Yoast SEO plugin. -->","yoast_head_json":{"title":"Kontakt \/ Impressum | RSP","robots":{"index":"index","follow":"follow","max-snippet":"max-snippet:-1","max-image-preview":"max-image-preview:large","max-video-preview":"max-video-preview:-1"},"canonical":"https:\/\/patternhof.de\/?page_id=1845","og_locale":"de_DE","og_type":"article","og_title":"Kontakt \/ Impressum | RSP","og_description":"Impressum St\u00e4dt. Realschule PatternhofPatternhof 752249 Eschweiler Tel. 02403\/7028-0Fax 02403 702828rs-patternhof[at]eschweiler.de (Hinweis: Bitte &#8222;[at]&#8220; durch &#8222;@&#8220; ersetzen)www.rs-patternhof.de | www.patternhof.de\u00a0 Schultr\u00e4ger: Stadt Eschweiler Schulleiter: Herr J\u00fcrgen Momma DISCLAIMER Die St\u00e4dtische Realschule Patternhof [&hellip;]","og_url":"https:\/\/patternhof.de\/?page_id=1845","og_site_name":"RSP","article_modified_time":"2025-12-17T08:49:49+00:00","twitter_card":"summary_large_image","twitter_misc":{"Gesch\u00e4tzte Lesezeit":"2\u00a0Minuten"},"schema":{"@context":"https:\/\/schema.org","@graph":[{"@type":"WebPage","@id":"https:\/\/patternhof.de\/?page_id=1845","url":"https:\/\/patternhof.de\/?page_id=1845","name":"Kontakt \/ Impressum | RSP","isPartOf":{"@id":"https:\/\/patternhof.de\/#website"},"datePublished":"2014-10-29T13:25:33+00:00","dateModified":"2025-12-17T08:49:49+00:00","breadcrumb":{"@id":"https:\/\/patternhof.de\/?page_id=1845#breadcrumb"},"inLanguage":"de","potentialAction":[{"@type":"ReadAction","target":["https:\/\/patternhof.de\/?page_id=1845"]}]},{"@type":"BreadcrumbList","@id":"https:\/\/patternhof.de\/?page_id=1845#breadcrumb","itemListElement":[{"@type":"ListItem","position":1,"name":"Startseite","item":"https:\/\/patternhof.de\/"},{"@type":"ListItem","position":2,"name":"Kontakt \/ Impressum"}]},{"@type":"WebSite","@id":"https:\/\/patternhof.de\/#website","url":"https:\/\/patternhof.de\/","name":"RSP","description":"Realschule Patternhof","publisher":{"@id":"https:\/\/patternhof.de\/#organization"},"potentialAction":[{"@type":"SearchAction","target":{"@type":"EntryPoint","urlTemplate":"https:\/\/patternhof.de\/?s={search_term_string}"},"query-input":{"@type":"PropertyValueSpecification","valueRequired":true,"valueName":"search_term_string"}}],"inLanguage":"de"},{"@type":"Organization","@id":"https:\/\/patternhof.de\/#organization","name":"RSP","url":"https:\/\/patternhof.de\/","logo":{"@type":"ImageObject","inLanguage":"de","@id":"https:\/\/patternhof.de\/#\/schema\/logo\/image\/","url":"https:\/\/i0.wp.com\/patternhof.de\/wp-content\/uploads\/2024\/11\/cropped-462d7d81-a052-4d12-af5f-728c2558fd5b.png?fit=1975%2C890&ssl=1","contentUrl":"https:\/\/i0.wp.com\/patternhof.de\/wp-content\/uploads\/2024\/11\/cropped-462d7d81-a052-4d12-af5f-728c2558fd5b.png?fit=1975%2C890&ssl=1","width":1975,"height":890,"caption":"RSP"},"image":{"@id":"https:\/\/patternhof.de\/#\/schema\/logo\/image\/"}}]}},"jetpack_sharing_enabled":true,"_links":{"self":[{"href":"https:\/\/patternhof.de\/index.php?rest_route=\/wp\/v2\/pages\/1845","targetHints":{"allow":["GET"]}}],"collection":[{"href":"https:\/\/patternhof.de\/index.php?rest_route=\/wp\/v2\/pages"}],"about":[{"href":"https:\/\/patternhof.de\/index.php?rest_route=\/wp\/v2\/types\/page"}],"author":[{"embeddable":true,"href":"https:\/\/patternhof.de\/index.php?rest_route=\/wp\/v2\/users\/6"}],"replies":[{"embeddable":true,"href":"https:\/\/patternhof.de\/index.php?rest_route=%2Fwp%2Fv2%2Fcomments&post=1845"}],"version-history":[{"count":89,"href":"https:\/\/patternhof.de\/index.php?rest_route=\/wp\/v2\/pages\/1845\/revisions"}],"predecessor-version":[{"id":11625,"href":"https:\/\/patternhof.de\/index.php?rest_route=\/wp\/v2\/pages\/1845\/revisions\/11625"}],"wp:attachment":[{"href":"https:\/\/patternhof.de\/index.php?rest_route=%2Fwp%2Fv2%2Fmedia&parent=1845"}],"curies":[{"name":"wp","href":"https:\/\/api.w.org\/{rel}","templated":true}]}}