{"id":168,"date":"2012-03-10T14:07:42","date_gmt":"2012-03-10T14:07:42","guid":{"rendered":"http:\/\/patternhof.noez.de\/?page_id=168"},"modified":"2022-05-24T08:19:36","modified_gmt":"2022-05-24T08:19:36","slug":"lernen-lernen","status":"publish","type":"page","link":"https:\/\/patternhof.de\/?page_id=168","title":{"rendered":"Lernen lernen"},"content":{"rendered":"\t\t<div data-elementor-type=\"wp-page\" data-elementor-id=\"168\" class=\"elementor elementor-168\">\n\t\t\t\t\t\t<section class=\"elementor-section elementor-top-section elementor-element elementor-element-1c86cec elementor-section-boxed elementor-section-height-default elementor-section-height-default\" data-id=\"1c86cec\" data-element_type=\"section\">\n\t\t\t\t\t\t<div class=\"elementor-container elementor-column-gap-default\">\n\t\t\t\t\t<div class=\"elementor-column elementor-col-33 elementor-top-column elementor-element elementor-element-8498161\" data-id=\"8498161\" data-element_type=\"column\">\n\t\t\t<div class=\"elementor-widget-wrap elementor-element-populated\">\n\t\t\t\t\t\t<div class=\"elementor-element elementor-element-eae4470 elementor-align-left elementor-widget elementor-widget-button\" data-id=\"eae4470\" data-element_type=\"widget\" data-widget_type=\"button.default\">\n\t\t\t\t<div class=\"elementor-widget-container\">\n\t\t\t\t\t<div class=\"elementor-button-wrapper\">\n\t\t\t<a class=\"elementor-button elementor-button-link elementor-size-sm\" href=\"#\">\n\t\t\t\t\t\t<span class=\"elementor-button-content-wrapper\">\n\t\t\t\t\t\t<span class=\"elementor-button-icon\">\n\t\t\t\t<i aria-hidden=\"true\" class=\"fas fa-backward\"><\/i>\t\t\t<\/span>\n\t\t\t\t\t\t\t\t<\/span>\n\t\t\t\t\t<\/a>\n\t\t<\/div>\n\t\t\t\t<\/div>\n\t\t\t\t<\/div>\n\t\t\t\t\t<\/div>\n\t\t<\/div>\n\t\t\t\t<div class=\"elementor-column elementor-col-66 elementor-top-column elementor-element elementor-element-1654331\" data-id=\"1654331\" data-element_type=\"column\">\n\t\t\t<div class=\"elementor-widget-wrap elementor-element-populated\">\n\t\t\t\t\t\t<div class=\"elementor-element elementor-element-fbdf7ff elementor-widget elementor-widget-image\" data-id=\"fbdf7ff\" data-element_type=\"widget\" data-widget_type=\"image.default\">\n\t\t\t\t<div class=\"elementor-widget-container\">\n\t\t\t<style>\/*! elementor - v3.22.0 - 17-06-2024 *\/\n.elementor-widget-image{text-align:center}.elementor-widget-image a{display:inline-block}.elementor-widget-image a img[src$=\".svg\"]{width:48px}.elementor-widget-image img{vertical-align:middle;display:inline-block}<\/style>\t\t\t\t\t\t\t\t\t\t<img fetchpriority=\"high\" decoding=\"async\" width=\"1024\" height=\"683\" src=\"https:\/\/i0.wp.com\/patternhof.de\/wp-content\/uploads\/2020\/11\/Streitschlichtung.jpg?fit=1024%2C683&amp;ssl=1\" class=\"attachment-large size-large wp-image-6003\" alt=\"\" srcset=\"https:\/\/i0.wp.com\/patternhof.de\/wp-content\/uploads\/2020\/11\/Streitschlichtung.jpg?w=1402&amp;ssl=1 1402w, https:\/\/i0.wp.com\/patternhof.de\/wp-content\/uploads\/2020\/11\/Streitschlichtung.jpg?resize=300%2C200&amp;ssl=1 300w, https:\/\/i0.wp.com\/patternhof.de\/wp-content\/uploads\/2020\/11\/Streitschlichtung.jpg?resize=1024%2C683&amp;ssl=1 1024w, https:\/\/i0.wp.com\/patternhof.de\/wp-content\/uploads\/2020\/11\/Streitschlichtung.jpg?resize=768%2C512&amp;ssl=1 768w\" sizes=\"(max-width: 1000px) 100vw, 1000px\" \/>\t\t\t\t\t\t\t\t\t\t\t\t\t<\/div>\n\t\t\t\t<\/div>\n\t\t\t\t\t<\/div>\n\t\t<\/div>\n\t\t\t\t\t<\/div>\n\t\t<\/section>\n\t\t\t\t<section class=\"elementor-section elementor-top-section elementor-element elementor-element-cf772a7 elementor-section-boxed elementor-section-height-default elementor-section-height-default\" data-id=\"cf772a7\" data-element_type=\"section\">\n\t\t\t\t\t\t<div class=\"elementor-container elementor-column-gap-default\">\n\t\t\t\t\t<div class=\"elementor-column elementor-col-100 elementor-top-column elementor-element elementor-element-18cd54df\" data-id=\"18cd54df\" data-element_type=\"column\">\n\t\t\t<div class=\"elementor-widget-wrap elementor-element-populated\">\n\t\t\t\t\t\t<div class=\"elementor-element elementor-element-56270901 elementor-widget elementor-widget-text-editor\" data-id=\"56270901\" data-element_type=\"widget\" data-widget_type=\"text-editor.default\">\n\t\t\t\t<div class=\"elementor-widget-container\">\n\t\t\t<style>\/*! elementor - v3.22.0 - 17-06-2024 *\/\n.elementor-widget-text-editor.elementor-drop-cap-view-stacked .elementor-drop-cap{background-color:#69727d;color:#fff}.elementor-widget-text-editor.elementor-drop-cap-view-framed .elementor-drop-cap{color:#69727d;border:3px solid;background-color:transparent}.elementor-widget-text-editor:not(.elementor-drop-cap-view-default) .elementor-drop-cap{margin-top:8px}.elementor-widget-text-editor:not(.elementor-drop-cap-view-default) .elementor-drop-cap-letter{width:1em;height:1em}.elementor-widget-text-editor .elementor-drop-cap{float:left;text-align:center;line-height:1;font-size:50px}.elementor-widget-text-editor .elementor-drop-cap-letter{display:inline-block}<\/style>\t\t\t\t<p align=\"left\"><strong>Hinter dieser Bezeichnung verbirgt sich ein Trainingsprogramm, das insbesondere f\u00fcr die Sch\u00fclerinnen und Sch\u00fcler der 5. Jahrgangsstufe angewandt wird.<\/strong><\/p>\n<p>Den Sch\u00fclerinnen und Sch\u00fclern der 5. Jahrgangsstufe der Realschule Patternhof kommt ein Trainingsprogramm&#8220; zuteil, das &#8222;Lernen lernen&#8220; genannt wird. Dabei bekommen die Sch\u00fcler\/innen Strategien an die Hand, wie sie ihren Schulalltag besser meistern k\u00f6nnen.<\/p>\n<p style=\"text-align: justify;\">Die Klassenlehrerinnen und Klassenlehrern der 5. Klassen&nbsp;bearbeiten Themenkomplexe, die einen sog. Minimalkatalog beinhalten:<\/p>\n<ul>\n<li>\n<div>Wie sieht mein Arbeitsplatz aus?<\/div>\n<\/li>\n<li>\n<div>Hausaufgabenhefte (gemeinsame erarbeitete Anforderungen &#8211; u.a. auch an die Kontrolle von Heftf\u00fchrung &#8211; verbindliche Anforderungen \u00fcber Aussehen und Inhalte<\/div>\n<\/li>\n<li>\n<div>Kommunikation im Team<\/div>\n<\/li>\n<li>\n<div>Vorbereitung auf Klassenarbeiten<\/div>\n<\/li>\n<\/ul>\n<p>Diese und weitere Themen werden den Sch\u00fclern durch die Klassenlehrerinnen und Klassenlehrer in den ersten Tagen in Form von Kompaktkursen vermittelt. Dar\u00fcber hinaus ist es wichtig, dass die anderen Fachlehrer mit in das Projekt eingebunden werden. Wegen der n\u00f6tigen Absprachen findet insbesondere am Anfang des Schuljahres ein reger Gedanken- und Erfahrungsaustausch zwischen Klassenleitern und Fachlehrern statt.<\/p>\n<p>Die Eltern der F\u00fcnftkl\u00e4ssler&nbsp;werden zu Beginn des Schuljahres auf einem besonderen Elternabend zu ausschlie\u00dflich diesem Thema informiert, damit sie das Projekt zu Hause sinnvoll unterst\u00fctzen k\u00f6nnen. Au\u00dferdem erscheint es wichtig, dass auch und besonders die Eltern \u00fcber die Absprachen, die einzuhalten sind, informiert sind.<\/p>\n<p>In den Fachkonferenzen wird ebenfalls das Projekt als ein TOP besprochen, sodass alle Kolleginnen und Kollegen auf dem gleichen Wissensstand sind.<\/p>\t\t\t\t\t\t<\/div>\n\t\t\t\t<\/div>\n\t\t\t\t\t<\/div>\n\t\t<\/div>\n\t\t\t\t\t<\/div>\n\t\t<\/section>\n\t\t\t\t<\/div>\n\t\t","protected":false},"excerpt":{"rendered":"<p>Hinter dieser Bezeichnung verbirgt sich ein Trainingsprogramm, das insbesondere f\u00fcr die Sch\u00fclerinnen und Sch\u00fcler der 5. Jahrgangsstufe angewandt wird. Den Sch\u00fclerinnen und Sch\u00fclern der 5. Jahrgangsstufe der Realschule Patternhof kommt [&hellip;]<\/p>\n","protected":false},"author":6,"featured_media":0,"parent":0,"menu_order":0,"comment_status":"closed","ping_status":"closed","template":"","meta":{"_eb_attr":"","footnotes":""},"class_list":["post-168","page","type-page","status-publish","hentry"],"yoast_head":"<!-- This site is optimized with the Yoast SEO plugin v27.5 - https:\/\/yoast.com\/product\/yoast-seo-wordpress\/ -->\n<title>Lernen lernen | RSP<\/title>\n<meta name=\"robots\" content=\"index, follow, max-snippet:-1, max-image-preview:large, max-video-preview:-1\" \/>\n<link rel=\"canonical\" href=\"https:\/\/patternhof.de\/?page_id=168\" \/>\n<meta property=\"og:locale\" content=\"de_DE\" \/>\n<meta property=\"og:type\" content=\"article\" \/>\n<meta property=\"og:title\" content=\"Lernen lernen | RSP\" \/>\n<meta property=\"og:description\" content=\"Hinter dieser Bezeichnung verbirgt sich ein Trainingsprogramm, das insbesondere f\u00fcr die Sch\u00fclerinnen und Sch\u00fcler der 5. Jahrgangsstufe angewandt wird. Den Sch\u00fclerinnen und Sch\u00fclern der 5. Jahrgangsstufe der Realschule Patternhof kommt [&hellip;]\" \/>\n<meta property=\"og:url\" content=\"https:\/\/patternhof.de\/?page_id=168\" \/>\n<meta property=\"og:site_name\" content=\"RSP\" \/>\n<meta property=\"article:modified_time\" content=\"2022-05-24T08:19:36+00:00\" \/>\n<meta property=\"og:image\" content=\"http:\/\/patternhof.de\/wp-content\/uploads\/2020\/11\/Streitschlichtung-1024x683.jpg\" \/>\n<meta name=\"twitter:card\" content=\"summary_large_image\" \/>\n<meta name=\"twitter:label1\" content=\"Gesch\u00e4tzte Lesezeit\" \/>\n\t<meta name=\"twitter:data1\" content=\"2\u00a0Minuten\" \/>\n<script type=\"application\/ld+json\" class=\"yoast-schema-graph\">{\"@context\":\"https:\\\/\\\/schema.org\",\"@graph\":[{\"@type\":\"WebPage\",\"@id\":\"https:\\\/\\\/patternhof.de\\\/?page_id=168\",\"url\":\"https:\\\/\\\/patternhof.de\\\/?page_id=168\",\"name\":\"Lernen lernen | RSP\",\"isPartOf\":{\"@id\":\"https:\\\/\\\/patternhof.de\\\/#website\"},\"primaryImageOfPage\":{\"@id\":\"https:\\\/\\\/patternhof.de\\\/?page_id=168#primaryimage\"},\"image\":{\"@id\":\"https:\\\/\\\/patternhof.de\\\/?page_id=168#primaryimage\"},\"thumbnailUrl\":\"http:\\\/\\\/patternhof.de\\\/wp-content\\\/uploads\\\/2020\\\/11\\\/Streitschlichtung-1024x683.jpg\",\"datePublished\":\"2012-03-10T14:07:42+00:00\",\"dateModified\":\"2022-05-24T08:19:36+00:00\",\"breadcrumb\":{\"@id\":\"https:\\\/\\\/patternhof.de\\\/?page_id=168#breadcrumb\"},\"inLanguage\":\"de\",\"potentialAction\":[{\"@type\":\"ReadAction\",\"target\":[\"https:\\\/\\\/patternhof.de\\\/?page_id=168\"]}]},{\"@type\":\"ImageObject\",\"inLanguage\":\"de\",\"@id\":\"https:\\\/\\\/patternhof.de\\\/?page_id=168#primaryimage\",\"url\":\"http:\\\/\\\/patternhof.de\\\/wp-content\\\/uploads\\\/2020\\\/11\\\/Streitschlichtung-1024x683.jpg\",\"contentUrl\":\"http:\\\/\\\/patternhof.de\\\/wp-content\\\/uploads\\\/2020\\\/11\\\/Streitschlichtung-1024x683.jpg\"},{\"@type\":\"BreadcrumbList\",\"@id\":\"https:\\\/\\\/patternhof.de\\\/?page_id=168#breadcrumb\",\"itemListElement\":[{\"@type\":\"ListItem\",\"position\":1,\"name\":\"Startseite\",\"item\":\"https:\\\/\\\/patternhof.de\\\/\"},{\"@type\":\"ListItem\",\"position\":2,\"name\":\"Lernen lernen\"}]},{\"@type\":\"WebSite\",\"@id\":\"https:\\\/\\\/patternhof.de\\\/#website\",\"url\":\"https:\\\/\\\/patternhof.de\\\/\",\"name\":\"RSP\",\"description\":\"Realschule Patternhof\",\"publisher\":{\"@id\":\"https:\\\/\\\/patternhof.de\\\/#organization\"},\"potentialAction\":[{\"@type\":\"SearchAction\",\"target\":{\"@type\":\"EntryPoint\",\"urlTemplate\":\"https:\\\/\\\/patternhof.de\\\/?s={search_term_string}\"},\"query-input\":{\"@type\":\"PropertyValueSpecification\",\"valueRequired\":true,\"valueName\":\"search_term_string\"}}],\"inLanguage\":\"de\"},{\"@type\":\"Organization\",\"@id\":\"https:\\\/\\\/patternhof.de\\\/#organization\",\"name\":\"RSP\",\"url\":\"https:\\\/\\\/patternhof.de\\\/\",\"logo\":{\"@type\":\"ImageObject\",\"inLanguage\":\"de\",\"@id\":\"https:\\\/\\\/patternhof.de\\\/#\\\/schema\\\/logo\\\/image\\\/\",\"url\":\"https:\\\/\\\/i0.wp.com\\\/patternhof.de\\\/wp-content\\\/uploads\\\/2024\\\/11\\\/cropped-462d7d81-a052-4d12-af5f-728c2558fd5b.png?fit=1975%2C890&ssl=1\",\"contentUrl\":\"https:\\\/\\\/i0.wp.com\\\/patternhof.de\\\/wp-content\\\/uploads\\\/2024\\\/11\\\/cropped-462d7d81-a052-4d12-af5f-728c2558fd5b.png?fit=1975%2C890&ssl=1\",\"width\":1975,\"height\":890,\"caption\":\"RSP\"},\"image\":{\"@id\":\"https:\\\/\\\/patternhof.de\\\/#\\\/schema\\\/logo\\\/image\\\/\"}}]}<\/script>\n<!-- \/ Yoast SEO plugin. -->","yoast_head_json":{"title":"Lernen lernen | RSP","robots":{"index":"index","follow":"follow","max-snippet":"max-snippet:-1","max-image-preview":"max-image-preview:large","max-video-preview":"max-video-preview:-1"},"canonical":"https:\/\/patternhof.de\/?page_id=168","og_locale":"de_DE","og_type":"article","og_title":"Lernen lernen | RSP","og_description":"Hinter dieser Bezeichnung verbirgt sich ein Trainingsprogramm, das insbesondere f\u00fcr die Sch\u00fclerinnen und Sch\u00fcler der 5. Jahrgangsstufe angewandt wird. Den Sch\u00fclerinnen und Sch\u00fclern der 5. Jahrgangsstufe der Realschule Patternhof kommt [&hellip;]","og_url":"https:\/\/patternhof.de\/?page_id=168","og_site_name":"RSP","article_modified_time":"2022-05-24T08:19:36+00:00","og_image":[{"url":"http:\/\/patternhof.de\/wp-content\/uploads\/2020\/11\/Streitschlichtung-1024x683.jpg","type":"","width":"","height":""}],"twitter_card":"summary_large_image","twitter_misc":{"Gesch\u00e4tzte Lesezeit":"2\u00a0Minuten"},"schema":{"@context":"https:\/\/schema.org","@graph":[{"@type":"WebPage","@id":"https:\/\/patternhof.de\/?page_id=168","url":"https:\/\/patternhof.de\/?page_id=168","name":"Lernen lernen | RSP","isPartOf":{"@id":"https:\/\/patternhof.de\/#website"},"primaryImageOfPage":{"@id":"https:\/\/patternhof.de\/?page_id=168#primaryimage"},"image":{"@id":"https:\/\/patternhof.de\/?page_id=168#primaryimage"},"thumbnailUrl":"http:\/\/patternhof.de\/wp-content\/uploads\/2020\/11\/Streitschlichtung-1024x683.jpg","datePublished":"2012-03-10T14:07:42+00:00","dateModified":"2022-05-24T08:19:36+00:00","breadcrumb":{"@id":"https:\/\/patternhof.de\/?page_id=168#breadcrumb"},"inLanguage":"de","potentialAction":[{"@type":"ReadAction","target":["https:\/\/patternhof.de\/?page_id=168"]}]},{"@type":"ImageObject","inLanguage":"de","@id":"https:\/\/patternhof.de\/?page_id=168#primaryimage","url":"http:\/\/patternhof.de\/wp-content\/uploads\/2020\/11\/Streitschlichtung-1024x683.jpg","contentUrl":"http:\/\/patternhof.de\/wp-content\/uploads\/2020\/11\/Streitschlichtung-1024x683.jpg"},{"@type":"BreadcrumbList","@id":"https:\/\/patternhof.de\/?page_id=168#breadcrumb","itemListElement":[{"@type":"ListItem","position":1,"name":"Startseite","item":"https:\/\/patternhof.de\/"},{"@type":"ListItem","position":2,"name":"Lernen lernen"}]},{"@type":"WebSite","@id":"https:\/\/patternhof.de\/#website","url":"https:\/\/patternhof.de\/","name":"RSP","description":"Realschule Patternhof","publisher":{"@id":"https:\/\/patternhof.de\/#organization"},"potentialAction":[{"@type":"SearchAction","target":{"@type":"EntryPoint","urlTemplate":"https:\/\/patternhof.de\/?s={search_term_string}"},"query-input":{"@type":"PropertyValueSpecification","valueRequired":true,"valueName":"search_term_string"}}],"inLanguage":"de"},{"@type":"Organization","@id":"https:\/\/patternhof.de\/#organization","name":"RSP","url":"https:\/\/patternhof.de\/","logo":{"@type":"ImageObject","inLanguage":"de","@id":"https:\/\/patternhof.de\/#\/schema\/logo\/image\/","url":"https:\/\/i0.wp.com\/patternhof.de\/wp-content\/uploads\/2024\/11\/cropped-462d7d81-a052-4d12-af5f-728c2558fd5b.png?fit=1975%2C890&ssl=1","contentUrl":"https:\/\/i0.wp.com\/patternhof.de\/wp-content\/uploads\/2024\/11\/cropped-462d7d81-a052-4d12-af5f-728c2558fd5b.png?fit=1975%2C890&ssl=1","width":1975,"height":890,"caption":"RSP"},"image":{"@id":"https:\/\/patternhof.de\/#\/schema\/logo\/image\/"}}]}},"jetpack_sharing_enabled":true,"_links":{"self":[{"href":"https:\/\/patternhof.de\/index.php?rest_route=\/wp\/v2\/pages\/168","targetHints":{"allow":["GET"]}}],"collection":[{"href":"https:\/\/patternhof.de\/index.php?rest_route=\/wp\/v2\/pages"}],"about":[{"href":"https:\/\/patternhof.de\/index.php?rest_route=\/wp\/v2\/types\/page"}],"author":[{"embeddable":true,"href":"https:\/\/patternhof.de\/index.php?rest_route=\/wp\/v2\/users\/6"}],"replies":[{"embeddable":true,"href":"https:\/\/patternhof.de\/index.php?rest_route=%2Fwp%2Fv2%2Fcomments&post=168"}],"version-history":[{"count":6,"href":"https:\/\/patternhof.de\/index.php?rest_route=\/wp\/v2\/pages\/168\/revisions"}],"predecessor-version":[{"id":7776,"href":"https:\/\/patternhof.de\/index.php?rest_route=\/wp\/v2\/pages\/168\/revisions\/7776"}],"wp:attachment":[{"href":"https:\/\/patternhof.de\/index.php?rest_route=%2Fwp%2Fv2%2Fmedia&parent=168"}],"curies":[{"name":"wp","href":"https:\/\/api.w.org\/{rel}","templated":true}]}}