{"id":10857,"date":"2012-03-10T14:03:38","date_gmt":"2012-03-10T13:03:38","guid":{"rendered":"https:\/\/patternhof.de\/?page_id=10857"},"modified":"2024-09-10T20:47:35","modified_gmt":"2024-09-10T18:47:35","slug":"schulsozialarbeit-2-2","status":"publish","type":"page","link":"https:\/\/patternhof.de\/?page_id=10857","title":{"rendered":"Schulsanit\u00e4tsdienst"},"content":{"rendered":"\t\t<div data-elementor-type=\"wp-page\" data-elementor-id=\"10857\" class=\"elementor elementor-10857\">\n\t\t\t\t\t\t<section class=\"elementor-section elementor-top-section elementor-element elementor-element-2a4106f elementor-section-boxed elementor-section-height-default elementor-section-height-default\" data-id=\"2a4106f\" data-element_type=\"section\">\n\t\t\t\t\t\t<div class=\"elementor-container elementor-column-gap-default\">\n\t\t\t\t\t<div class=\"elementor-column elementor-col-50 elementor-top-column elementor-element elementor-element-0478511\" data-id=\"0478511\" data-element_type=\"column\">\n\t\t\t<div class=\"elementor-widget-wrap elementor-element-populated\">\n\t\t\t\t\t\t<div class=\"elementor-element elementor-element-ffc5bd4 elementor-widget elementor-widget-image\" data-id=\"ffc5bd4\" data-element_type=\"widget\" data-widget_type=\"image.default\">\n\t\t\t\t<div class=\"elementor-widget-container\">\n\t\t\t<style>\/*! elementor - v3.22.0 - 17-06-2024 *\/\n.elementor-widget-image{text-align:center}.elementor-widget-image a{display:inline-block}.elementor-widget-image a img[src$=\".svg\"]{width:48px}.elementor-widget-image img{vertical-align:middle;display:inline-block}<\/style>\t\t\t\t\t\t\t\t\t\t<img fetchpriority=\"high\" decoding=\"async\" width=\"300\" height=\"300\" src=\"https:\/\/i0.wp.com\/patternhof.de\/wp-content\/uploads\/2024\/09\/SANI-logo-transparent-png.png?fit=300%2C300&amp;ssl=1\" class=\"attachment-medium size-medium wp-image-10623\" alt=\"\" srcset=\"https:\/\/i0.wp.com\/patternhof.de\/wp-content\/uploads\/2024\/09\/SANI-logo-transparent-png.png?w=3999&amp;ssl=1 3999w, https:\/\/i0.wp.com\/patternhof.de\/wp-content\/uploads\/2024\/09\/SANI-logo-transparent-png.png?resize=300%2C300&amp;ssl=1 300w, https:\/\/i0.wp.com\/patternhof.de\/wp-content\/uploads\/2024\/09\/SANI-logo-transparent-png.png?resize=1024%2C1024&amp;ssl=1 1024w, https:\/\/i0.wp.com\/patternhof.de\/wp-content\/uploads\/2024\/09\/SANI-logo-transparent-png.png?resize=150%2C150&amp;ssl=1 150w, https:\/\/i0.wp.com\/patternhof.de\/wp-content\/uploads\/2024\/09\/SANI-logo-transparent-png.png?resize=768%2C768&amp;ssl=1 768w, https:\/\/i0.wp.com\/patternhof.de\/wp-content\/uploads\/2024\/09\/SANI-logo-transparent-png.png?resize=1536%2C1536&amp;ssl=1 1536w, https:\/\/i0.wp.com\/patternhof.de\/wp-content\/uploads\/2024\/09\/SANI-logo-transparent-png.png?resize=2048%2C2048&amp;ssl=1 2048w, https:\/\/i0.wp.com\/patternhof.de\/wp-content\/uploads\/2024\/09\/SANI-logo-transparent-png.png?w=3000 3000w\" sizes=\"(max-width: 300px) 100vw, 300px\" \/>\t\t\t\t\t\t\t\t\t\t\t\t\t<\/div>\n\t\t\t\t<\/div>\n\t\t\t\t\t<\/div>\n\t\t<\/div>\n\t\t\t\t<div class=\"elementor-column elementor-col-50 elementor-top-column elementor-element elementor-element-2bcd3c4\" data-id=\"2bcd3c4\" data-element_type=\"column\">\n\t\t\t<div class=\"elementor-widget-wrap elementor-element-populated\">\n\t\t\t\t\t\t<div class=\"elementor-element elementor-element-1999757 elementor-widget elementor-widget-text-editor\" data-id=\"1999757\" data-element_type=\"widget\" data-widget_type=\"text-editor.default\">\n\t\t\t\t<div class=\"elementor-widget-container\">\n\t\t\t<style>\/*! elementor - v3.22.0 - 17-06-2024 *\/\n.elementor-widget-text-editor.elementor-drop-cap-view-stacked .elementor-drop-cap{background-color:#69727d;color:#fff}.elementor-widget-text-editor.elementor-drop-cap-view-framed .elementor-drop-cap{color:#69727d;border:3px solid;background-color:transparent}.elementor-widget-text-editor:not(.elementor-drop-cap-view-default) .elementor-drop-cap{margin-top:8px}.elementor-widget-text-editor:not(.elementor-drop-cap-view-default) .elementor-drop-cap-letter{width:1em;height:1em}.elementor-widget-text-editor .elementor-drop-cap{float:left;text-align:center;line-height:1;font-size:50px}.elementor-widget-text-editor .elementor-drop-cap-letter{display:inline-block}<\/style>\t\t\t\t<p style=\"text-align: center;\"><strong><span style=\"font-family: 'Shadows Into Light', sans-serif; font-size: 23.4px; text-align: center; white-space-collapse: preserve; color: #008000; text-transform: inherit;\">\u00dcber die Arbeit der Schulsanit\u00e4ter<\/span><\/strong><\/p><p><span style=\"font-family: arial, helvetica, sans-serif;\">Der Schulsanit\u00e4tsdienst der Realschule existiert seit dem Schuljahr 2008\/2009. In der AG engagieren sich <strong>Sch\u00fcler der Klassen 9 und 10, die in einem 8-st\u00fcndigen Kurs zu Ersthelfern ausgebildet werden.<\/strong><\/span><\/p><p><span style=\"font-family: arial, helvetica, sans-serif;\">Ihre Aufgaben umfassen die Erste Hilfe bei Verletzungen und Erkrankungen w\u00e4hrend der Pausen sowie bei Schul- und Sportfesten. Die Mitgliedschaft in der AG bietet den Sch\u00fclern zahlreiche Vorteile, darunter die M\u00f6glichkeit, Erste-Hilfe-Kenntnisse praktisch anzuwenden, soziale Verantwortung zu \u00fcbernehmen und eine kostenlose Erste-Hilfe-Ausbildung zu erhalten.<\/span><\/p><p><span style=\"font-family: arial, helvetica, sans-serif;\">Verantwortlicher Lehrer f\u00fcr den Schulsanit\u00e4tsdienst ist\u00a0<strong>Herr Dr. Mohammed Mbarki<\/strong>.<\/span><\/p>\t\t\t\t\t\t<\/div>\n\t\t\t\t<\/div>\n\t\t\t\t\t<\/div>\n\t\t<\/div>\n\t\t\t\t\t<\/div>\n\t\t<\/section>\n\t\t\t\t<section class=\"elementor-section elementor-top-section elementor-element elementor-element-5d9c671 elementor-section-boxed elementor-section-height-default elementor-section-height-default\" data-id=\"5d9c671\" data-element_type=\"section\">\n\t\t\t\t\t\t<div class=\"elementor-container elementor-column-gap-default\">\n\t\t\t\t\t<div class=\"elementor-column elementor-col-50 elementor-top-column elementor-element elementor-element-2404c92\" data-id=\"2404c92\" data-element_type=\"column\">\n\t\t\t<div class=\"elementor-widget-wrap elementor-element-populated\">\n\t\t\t\t\t\t<div class=\"elementor-element elementor-element-2fd4dfb elementor-widget elementor-widget-text-editor\" data-id=\"2fd4dfb\" data-element_type=\"widget\" data-widget_type=\"text-editor.default\">\n\t\t\t\t<div class=\"elementor-widget-container\">\n\t\t\t\t\t\t\t<p><span style=\"font-size: 18pt; color: #000080;\"><strong><a style=\"color: #000080;\" href=\"https:\/\/ichrettedeinleben.de\/\" target=\"_blank\" rel=\"noopener\">#ichrettedeinleben<\/a><\/strong><\/span><\/p><p style=\"text-align: justify;\"><span style=\"color: #000000;\">Herr Dr. Mohammed Mbarki bietet regelm\u00e4\u00dfig Kurse f\u00fcr Schulklassen an, in denen er den Sch\u00fclerinnen und Sch\u00fclern die Grundlagen der Reanimation vermittelt. Unterst\u00fctzt wird er dabei tatkr\u00e4ftig von den Schulsanit\u00e4tern, die vorab eine separate Einf\u00fchrung erhalten.\u00a0<\/span><\/p><p style=\"text-align: justify;\"><span style=\"color: #000000;\">Ziel dieser Kurse ist es, die Sch\u00fclerinnen und Sch\u00fcler in die Lage zu versetzen, in Notsituationen schnell und kompetent Hilfe leisten zu k\u00f6nnen. Zudem soll die Hemmschwelle zur Durchf\u00fchrung von Reanimationsma\u00dfnahmen gesenkt werden.<\/span><\/p><p style=\"text-align: justify;\"><span style=\"color: #000000;\">Dar\u00fcber hinaus lernen die Teilnehmenden, Notfallsituationen fr\u00fchzeitig zu erkennen, diese korrekt einzusch\u00e4tzen und angemessen zu handeln (z.B. Hilfe einfordern). Durch diese praxisnahen Schulungen wird die Handlungsf\u00e4higkeit in kritischen Situationen nachhaltig gest\u00e4rkt.<\/span><\/p>\t\t\t\t\t\t<\/div>\n\t\t\t\t<\/div>\n\t\t\t\t\t<\/div>\n\t\t<\/div>\n\t\t\t\t<div class=\"elementor-column elementor-col-50 elementor-top-column elementor-element elementor-element-b2b58da\" data-id=\"b2b58da\" data-element_type=\"column\">\n\t\t\t<div class=\"elementor-widget-wrap elementor-element-populated\">\n\t\t\t\t\t\t<div class=\"elementor-element elementor-element-c6d0615 elementor-widget elementor-widget-image\" data-id=\"c6d0615\" data-element_type=\"widget\" data-widget_type=\"image.default\">\n\t\t\t\t<div class=\"elementor-widget-container\">\n\t\t\t\t\t\t\t\t\t\t\t\t\t<img decoding=\"async\" width=\"2017\" height=\"1626\" src=\"https:\/\/i0.wp.com\/patternhof.de\/wp-content\/uploads\/2024\/09\/Reanimation_Transparent.png?fit=2017%2C1626&amp;ssl=1\" class=\"attachment-full size-full wp-image-10682\" alt=\"\" srcset=\"https:\/\/i0.wp.com\/patternhof.de\/wp-content\/uploads\/2024\/09\/Reanimation_Transparent.png?w=2017&amp;ssl=1 2017w, https:\/\/i0.wp.com\/patternhof.de\/wp-content\/uploads\/2024\/09\/Reanimation_Transparent.png?resize=300%2C242&amp;ssl=1 300w, https:\/\/i0.wp.com\/patternhof.de\/wp-content\/uploads\/2024\/09\/Reanimation_Transparent.png?resize=1024%2C825&amp;ssl=1 1024w, https:\/\/i0.wp.com\/patternhof.de\/wp-content\/uploads\/2024\/09\/Reanimation_Transparent.png?resize=768%2C619&amp;ssl=1 768w, https:\/\/i0.wp.com\/patternhof.de\/wp-content\/uploads\/2024\/09\/Reanimation_Transparent.png?resize=1536%2C1238&amp;ssl=1 1536w\" sizes=\"(max-width: 1000px) 100vw, 1000px\" \/>\t\t\t\t\t\t\t\t\t\t\t\t\t<\/div>\n\t\t\t\t<\/div>\n\t\t\t\t\t<\/div>\n\t\t<\/div>\n\t\t\t\t\t<\/div>\n\t\t<\/section>\n\t\t\t\t<section class=\"elementor-section elementor-top-section elementor-element elementor-element-aa0b5b3 elementor-section-boxed elementor-section-height-default elementor-section-height-default\" data-id=\"aa0b5b3\" data-element_type=\"section\">\n\t\t\t\t\t\t<div class=\"elementor-container elementor-column-gap-default\">\n\t\t\t\t\t<div class=\"elementor-column elementor-col-100 elementor-top-column elementor-element elementor-element-3a4919e\" data-id=\"3a4919e\" data-element_type=\"column\">\n\t\t\t<div class=\"elementor-widget-wrap\">\n\t\t\t\t\t\t\t<\/div>\n\t\t<\/div>\n\t\t\t\t\t<\/div>\n\t\t<\/section>\n\t\t\t\t<section class=\"elementor-section elementor-top-section elementor-element elementor-element-09b6d9d elementor-section-boxed elementor-section-height-default elementor-section-height-default\" data-id=\"09b6d9d\" data-element_type=\"section\">\n\t\t\t\t\t\t<div class=\"elementor-container elementor-column-gap-default\">\n\t\t\t\t\t<div class=\"elementor-column elementor-col-100 elementor-top-column elementor-element elementor-element-6cb88a3\" data-id=\"6cb88a3\" data-element_type=\"column\">\n\t\t\t<div class=\"elementor-widget-wrap elementor-element-populated\">\n\t\t\t\t\t\t<div class=\"elementor-element elementor-element-f77d6c3 elementor-widget-divider--view-line elementor-widget elementor-widget-divider\" data-id=\"f77d6c3\" data-element_type=\"widget\" data-widget_type=\"divider.default\">\n\t\t\t\t<div class=\"elementor-widget-container\">\n\t\t\t<style>\/*! elementor - v3.22.0 - 17-06-2024 *\/\n.elementor-widget-divider{--divider-border-style:none;--divider-border-width:1px;--divider-color:#0c0d0e;--divider-icon-size:20px;--divider-element-spacing:10px;--divider-pattern-height:24px;--divider-pattern-size:20px;--divider-pattern-url:none;--divider-pattern-repeat:repeat-x}.elementor-widget-divider .elementor-divider{display:flex}.elementor-widget-divider .elementor-divider__text{font-size:15px;line-height:1;max-width:95%}.elementor-widget-divider .elementor-divider__element{margin:0 var(--divider-element-spacing);flex-shrink:0}.elementor-widget-divider .elementor-icon{font-size:var(--divider-icon-size)}.elementor-widget-divider .elementor-divider-separator{display:flex;margin:0;direction:ltr}.elementor-widget-divider--view-line_icon .elementor-divider-separator,.elementor-widget-divider--view-line_text .elementor-divider-separator{align-items:center}.elementor-widget-divider--view-line_icon .elementor-divider-separator:after,.elementor-widget-divider--view-line_icon .elementor-divider-separator:before,.elementor-widget-divider--view-line_text .elementor-divider-separator:after,.elementor-widget-divider--view-line_text .elementor-divider-separator:before{display:block;content:\"\";border-block-end:0;flex-grow:1;border-block-start:var(--divider-border-width) var(--divider-border-style) var(--divider-color)}.elementor-widget-divider--element-align-left .elementor-divider .elementor-divider-separator>.elementor-divider__svg:first-of-type{flex-grow:0;flex-shrink:100}.elementor-widget-divider--element-align-left .elementor-divider-separator:before{content:none}.elementor-widget-divider--element-align-left .elementor-divider__element{margin-left:0}.elementor-widget-divider--element-align-right .elementor-divider .elementor-divider-separator>.elementor-divider__svg:last-of-type{flex-grow:0;flex-shrink:100}.elementor-widget-divider--element-align-right .elementor-divider-separator:after{content:none}.elementor-widget-divider--element-align-right .elementor-divider__element{margin-right:0}.elementor-widget-divider--element-align-start .elementor-divider .elementor-divider-separator>.elementor-divider__svg:first-of-type{flex-grow:0;flex-shrink:100}.elementor-widget-divider--element-align-start .elementor-divider-separator:before{content:none}.elementor-widget-divider--element-align-start .elementor-divider__element{margin-inline-start:0}.elementor-widget-divider--element-align-end .elementor-divider .elementor-divider-separator>.elementor-divider__svg:last-of-type{flex-grow:0;flex-shrink:100}.elementor-widget-divider--element-align-end .elementor-divider-separator:after{content:none}.elementor-widget-divider--element-align-end .elementor-divider__element{margin-inline-end:0}.elementor-widget-divider:not(.elementor-widget-divider--view-line_text):not(.elementor-widget-divider--view-line_icon) .elementor-divider-separator{border-block-start:var(--divider-border-width) var(--divider-border-style) var(--divider-color)}.elementor-widget-divider--separator-type-pattern{--divider-border-style:none}.elementor-widget-divider--separator-type-pattern.elementor-widget-divider--view-line .elementor-divider-separator,.elementor-widget-divider--separator-type-pattern:not(.elementor-widget-divider--view-line) .elementor-divider-separator:after,.elementor-widget-divider--separator-type-pattern:not(.elementor-widget-divider--view-line) .elementor-divider-separator:before,.elementor-widget-divider--separator-type-pattern:not([class*=elementor-widget-divider--view]) .elementor-divider-separator{width:100%;min-height:var(--divider-pattern-height);-webkit-mask-size:var(--divider-pattern-size) 100%;mask-size:var(--divider-pattern-size) 100%;-webkit-mask-repeat:var(--divider-pattern-repeat);mask-repeat:var(--divider-pattern-repeat);background-color:var(--divider-color);-webkit-mask-image:var(--divider-pattern-url);mask-image:var(--divider-pattern-url)}.elementor-widget-divider--no-spacing{--divider-pattern-size:auto}.elementor-widget-divider--bg-round{--divider-pattern-repeat:round}.rtl .elementor-widget-divider .elementor-divider__text{direction:rtl}.e-con-inner>.elementor-widget-divider,.e-con>.elementor-widget-divider{width:var(--container-widget-width,100%);--flex-grow:var(--container-widget-flex-grow)}<\/style>\t\t<div class=\"elementor-divider\">\n\t\t\t<span class=\"elementor-divider-separator\">\n\t\t\t\t\t\t<\/span>\n\t\t<\/div>\n\t\t\t\t<\/div>\n\t\t\t\t<\/div>\n\t\t\t\t\t<\/div>\n\t\t<\/div>\n\t\t\t\t\t<\/div>\n\t\t<\/section>\n\t\t\t\t<section class=\"elementor-section elementor-top-section elementor-element elementor-element-26bdde2 elementor-section-boxed elementor-section-height-default elementor-section-height-default\" data-id=\"26bdde2\" data-element_type=\"section\">\n\t\t\t\t\t\t<div class=\"elementor-container elementor-column-gap-default\">\n\t\t\t\t\t<div class=\"elementor-column elementor-col-25 elementor-top-column elementor-element elementor-element-e7ad196\" data-id=\"e7ad196\" data-element_type=\"column\">\n\t\t\t<div class=\"elementor-widget-wrap elementor-element-populated\">\n\t\t\t\t\t\t<div class=\"elementor-element elementor-element-c3a20ed elementor-view-default elementor-widget elementor-widget-icon\" data-id=\"c3a20ed\" data-element_type=\"widget\" data-widget_type=\"icon.default\">\n\t\t\t\t<div class=\"elementor-widget-container\">\n\t\t\t\t\t<div class=\"elementor-icon-wrapper\">\n\t\t\t<a class=\"elementor-icon elementor-animation-pop\" href=\"http:\/\/patternhof.de\">\n\t\t\t<i aria-hidden=\"true\" class=\"fas fa-home\"><\/i>\t\t\t<\/a>\n\t\t<\/div>\n\t\t\t\t<\/div>\n\t\t\t\t<\/div>\n\t\t\t\t\t<\/div>\n\t\t<\/div>\n\t\t\t\t<div class=\"elementor-column elementor-col-25 elementor-top-column elementor-element elementor-element-f924ac7\" data-id=\"f924ac7\" data-element_type=\"column\">\n\t\t\t<div class=\"elementor-widget-wrap\">\n\t\t\t\t\t\t\t<\/div>\n\t\t<\/div>\n\t\t\t\t<div class=\"elementor-column elementor-col-25 elementor-top-column elementor-element elementor-element-0246c83\" data-id=\"0246c83\" data-element_type=\"column\">\n\t\t\t<div class=\"elementor-widget-wrap\">\n\t\t\t\t\t\t\t<\/div>\n\t\t<\/div>\n\t\t\t\t<div class=\"elementor-column elementor-col-25 elementor-top-column elementor-element elementor-element-6078073\" data-id=\"6078073\" data-element_type=\"column\">\n\t\t\t<div class=\"elementor-widget-wrap\">\n\t\t\t\t\t\t\t<\/div>\n\t\t<\/div>\n\t\t\t\t\t<\/div>\n\t\t<\/section>\n\t\t\t\t<\/div>\n\t\t","protected":false},"excerpt":{"rendered":"<p>\u00dcber die Arbeit der Schulsanit\u00e4ter Der Schulsanit\u00e4tsdienst der Realschule existiert seit dem Schuljahr 2008\/2009. In der AG engagieren sich Sch\u00fcler der Klassen 9 und 10, die in einem 8-st\u00fcndigen Kurs [&hellip;]<\/p>\n","protected":false},"author":6,"featured_media":0,"parent":0,"menu_order":0,"comment_status":"closed","ping_status":"closed","template":"","meta":{"_eb_attr":"","footnotes":""},"class_list":["post-10857","page","type-page","status-publish","hentry"],"yoast_head":"<!-- This site is optimized with the Yoast SEO plugin v27.5 - https:\/\/yoast.com\/product\/yoast-seo-wordpress\/ -->\n<title>Schulsanit\u00e4tsdienst | RSP<\/title>\n<meta name=\"robots\" content=\"index, follow, max-snippet:-1, max-image-preview:large, max-video-preview:-1\" \/>\n<link rel=\"canonical\" href=\"https:\/\/patternhof.de\/?page_id=10857\" \/>\n<meta property=\"og:locale\" content=\"de_DE\" \/>\n<meta property=\"og:type\" content=\"article\" \/>\n<meta property=\"og:title\" content=\"Schulsanit\u00e4tsdienst | RSP\" \/>\n<meta property=\"og:description\" content=\"\u00dcber die Arbeit der Schulsanit\u00e4ter Der Schulsanit\u00e4tsdienst der Realschule existiert seit dem Schuljahr 2008\/2009. In der AG engagieren sich Sch\u00fcler der Klassen 9 und 10, die in einem 8-st\u00fcndigen Kurs [&hellip;]\" \/>\n<meta property=\"og:url\" content=\"https:\/\/patternhof.de\/?page_id=10857\" \/>\n<meta property=\"og:site_name\" content=\"RSP\" \/>\n<meta property=\"article:modified_time\" content=\"2024-09-10T18:47:35+00:00\" \/>\n<meta property=\"og:image\" content=\"http:\/\/patternhof.de\/wp-content\/uploads\/2024\/09\/SANI-logo-transparent-png-300x300.png\" \/>\n<meta name=\"twitter:card\" content=\"summary_large_image\" \/>\n<meta name=\"twitter:label1\" content=\"Gesch\u00e4tzte Lesezeit\" \/>\n\t<meta name=\"twitter:data1\" content=\"2\u00a0Minuten\" \/>\n<script type=\"application\/ld+json\" class=\"yoast-schema-graph\">{\"@context\":\"https:\\\/\\\/schema.org\",\"@graph\":[{\"@type\":\"WebPage\",\"@id\":\"https:\\\/\\\/patternhof.de\\\/?page_id=10857\",\"url\":\"https:\\\/\\\/patternhof.de\\\/?page_id=10857\",\"name\":\"Schulsanit\u00e4tsdienst | RSP\",\"isPartOf\":{\"@id\":\"https:\\\/\\\/patternhof.de\\\/#website\"},\"primaryImageOfPage\":{\"@id\":\"https:\\\/\\\/patternhof.de\\\/?page_id=10857#primaryimage\"},\"image\":{\"@id\":\"https:\\\/\\\/patternhof.de\\\/?page_id=10857#primaryimage\"},\"thumbnailUrl\":\"http:\\\/\\\/patternhof.de\\\/wp-content\\\/uploads\\\/2024\\\/09\\\/SANI-logo-transparent-png-300x300.png\",\"datePublished\":\"2012-03-10T13:03:38+00:00\",\"dateModified\":\"2024-09-10T18:47:35+00:00\",\"breadcrumb\":{\"@id\":\"https:\\\/\\\/patternhof.de\\\/?page_id=10857#breadcrumb\"},\"inLanguage\":\"de\",\"potentialAction\":[{\"@type\":\"ReadAction\",\"target\":[\"https:\\\/\\\/patternhof.de\\\/?page_id=10857\"]}]},{\"@type\":\"ImageObject\",\"inLanguage\":\"de\",\"@id\":\"https:\\\/\\\/patternhof.de\\\/?page_id=10857#primaryimage\",\"url\":\"https:\\\/\\\/i0.wp.com\\\/patternhof.de\\\/wp-content\\\/uploads\\\/2024\\\/09\\\/SANI-logo-transparent-png.png?fit=3999%2C3999&ssl=1\",\"contentUrl\":\"https:\\\/\\\/i0.wp.com\\\/patternhof.de\\\/wp-content\\\/uploads\\\/2024\\\/09\\\/SANI-logo-transparent-png.png?fit=3999%2C3999&ssl=1\",\"width\":3999,\"height\":3999},{\"@type\":\"BreadcrumbList\",\"@id\":\"https:\\\/\\\/patternhof.de\\\/?page_id=10857#breadcrumb\",\"itemListElement\":[{\"@type\":\"ListItem\",\"position\":1,\"name\":\"Startseite\",\"item\":\"https:\\\/\\\/patternhof.de\\\/\"},{\"@type\":\"ListItem\",\"position\":2,\"name\":\"Schulsanit\u00e4tsdienst\"}]},{\"@type\":\"WebSite\",\"@id\":\"https:\\\/\\\/patternhof.de\\\/#website\",\"url\":\"https:\\\/\\\/patternhof.de\\\/\",\"name\":\"RSP\",\"description\":\"Realschule Patternhof\",\"publisher\":{\"@id\":\"https:\\\/\\\/patternhof.de\\\/#organization\"},\"potentialAction\":[{\"@type\":\"SearchAction\",\"target\":{\"@type\":\"EntryPoint\",\"urlTemplate\":\"https:\\\/\\\/patternhof.de\\\/?s={search_term_string}\"},\"query-input\":{\"@type\":\"PropertyValueSpecification\",\"valueRequired\":true,\"valueName\":\"search_term_string\"}}],\"inLanguage\":\"de\"},{\"@type\":\"Organization\",\"@id\":\"https:\\\/\\\/patternhof.de\\\/#organization\",\"name\":\"RSP\",\"url\":\"https:\\\/\\\/patternhof.de\\\/\",\"logo\":{\"@type\":\"ImageObject\",\"inLanguage\":\"de\",\"@id\":\"https:\\\/\\\/patternhof.de\\\/#\\\/schema\\\/logo\\\/image\\\/\",\"url\":\"https:\\\/\\\/i0.wp.com\\\/patternhof.de\\\/wp-content\\\/uploads\\\/2024\\\/11\\\/cropped-462d7d81-a052-4d12-af5f-728c2558fd5b.png?fit=1975%2C890&ssl=1\",\"contentUrl\":\"https:\\\/\\\/i0.wp.com\\\/patternhof.de\\\/wp-content\\\/uploads\\\/2024\\\/11\\\/cropped-462d7d81-a052-4d12-af5f-728c2558fd5b.png?fit=1975%2C890&ssl=1\",\"width\":1975,\"height\":890,\"caption\":\"RSP\"},\"image\":{\"@id\":\"https:\\\/\\\/patternhof.de\\\/#\\\/schema\\\/logo\\\/image\\\/\"}}]}<\/script>\n<!-- \/ Yoast SEO plugin. -->","yoast_head_json":{"title":"Schulsanit\u00e4tsdienst | RSP","robots":{"index":"index","follow":"follow","max-snippet":"max-snippet:-1","max-image-preview":"max-image-preview:large","max-video-preview":"max-video-preview:-1"},"canonical":"https:\/\/patternhof.de\/?page_id=10857","og_locale":"de_DE","og_type":"article","og_title":"Schulsanit\u00e4tsdienst | RSP","og_description":"\u00dcber die Arbeit der Schulsanit\u00e4ter Der Schulsanit\u00e4tsdienst der Realschule existiert seit dem Schuljahr 2008\/2009. In der AG engagieren sich Sch\u00fcler der Klassen 9 und 10, die in einem 8-st\u00fcndigen Kurs [&hellip;]","og_url":"https:\/\/patternhof.de\/?page_id=10857","og_site_name":"RSP","article_modified_time":"2024-09-10T18:47:35+00:00","og_image":[{"url":"http:\/\/patternhof.de\/wp-content\/uploads\/2024\/09\/SANI-logo-transparent-png-300x300.png","type":"","width":"","height":""}],"twitter_card":"summary_large_image","twitter_misc":{"Gesch\u00e4tzte Lesezeit":"2\u00a0Minuten"},"schema":{"@context":"https:\/\/schema.org","@graph":[{"@type":"WebPage","@id":"https:\/\/patternhof.de\/?page_id=10857","url":"https:\/\/patternhof.de\/?page_id=10857","name":"Schulsanit\u00e4tsdienst | RSP","isPartOf":{"@id":"https:\/\/patternhof.de\/#website"},"primaryImageOfPage":{"@id":"https:\/\/patternhof.de\/?page_id=10857#primaryimage"},"image":{"@id":"https:\/\/patternhof.de\/?page_id=10857#primaryimage"},"thumbnailUrl":"http:\/\/patternhof.de\/wp-content\/uploads\/2024\/09\/SANI-logo-transparent-png-300x300.png","datePublished":"2012-03-10T13:03:38+00:00","dateModified":"2024-09-10T18:47:35+00:00","breadcrumb":{"@id":"https:\/\/patternhof.de\/?page_id=10857#breadcrumb"},"inLanguage":"de","potentialAction":[{"@type":"ReadAction","target":["https:\/\/patternhof.de\/?page_id=10857"]}]},{"@type":"ImageObject","inLanguage":"de","@id":"https:\/\/patternhof.de\/?page_id=10857#primaryimage","url":"https:\/\/i0.wp.com\/patternhof.de\/wp-content\/uploads\/2024\/09\/SANI-logo-transparent-png.png?fit=3999%2C3999&ssl=1","contentUrl":"https:\/\/i0.wp.com\/patternhof.de\/wp-content\/uploads\/2024\/09\/SANI-logo-transparent-png.png?fit=3999%2C3999&ssl=1","width":3999,"height":3999},{"@type":"BreadcrumbList","@id":"https:\/\/patternhof.de\/?page_id=10857#breadcrumb","itemListElement":[{"@type":"ListItem","position":1,"name":"Startseite","item":"https:\/\/patternhof.de\/"},{"@type":"ListItem","position":2,"name":"Schulsanit\u00e4tsdienst"}]},{"@type":"WebSite","@id":"https:\/\/patternhof.de\/#website","url":"https:\/\/patternhof.de\/","name":"RSP","description":"Realschule Patternhof","publisher":{"@id":"https:\/\/patternhof.de\/#organization"},"potentialAction":[{"@type":"SearchAction","target":{"@type":"EntryPoint","urlTemplate":"https:\/\/patternhof.de\/?s={search_term_string}"},"query-input":{"@type":"PropertyValueSpecification","valueRequired":true,"valueName":"search_term_string"}}],"inLanguage":"de"},{"@type":"Organization","@id":"https:\/\/patternhof.de\/#organization","name":"RSP","url":"https:\/\/patternhof.de\/","logo":{"@type":"ImageObject","inLanguage":"de","@id":"https:\/\/patternhof.de\/#\/schema\/logo\/image\/","url":"https:\/\/i0.wp.com\/patternhof.de\/wp-content\/uploads\/2024\/11\/cropped-462d7d81-a052-4d12-af5f-728c2558fd5b.png?fit=1975%2C890&ssl=1","contentUrl":"https:\/\/i0.wp.com\/patternhof.de\/wp-content\/uploads\/2024\/11\/cropped-462d7d81-a052-4d12-af5f-728c2558fd5b.png?fit=1975%2C890&ssl=1","width":1975,"height":890,"caption":"RSP"},"image":{"@id":"https:\/\/patternhof.de\/#\/schema\/logo\/image\/"}}]}},"jetpack_sharing_enabled":true,"_links":{"self":[{"href":"https:\/\/patternhof.de\/index.php?rest_route=\/wp\/v2\/pages\/10857","targetHints":{"allow":["GET"]}}],"collection":[{"href":"https:\/\/patternhof.de\/index.php?rest_route=\/wp\/v2\/pages"}],"about":[{"href":"https:\/\/patternhof.de\/index.php?rest_route=\/wp\/v2\/types\/page"}],"author":[{"embeddable":true,"href":"https:\/\/patternhof.de\/index.php?rest_route=\/wp\/v2\/users\/6"}],"replies":[{"embeddable":true,"href":"https:\/\/patternhof.de\/index.php?rest_route=%2Fwp%2Fv2%2Fcomments&post=10857"}],"version-history":[{"count":7,"href":"https:\/\/patternhof.de\/index.php?rest_route=\/wp\/v2\/pages\/10857\/revisions"}],"predecessor-version":[{"id":10869,"href":"https:\/\/patternhof.de\/index.php?rest_route=\/wp\/v2\/pages\/10857\/revisions\/10869"}],"wp:attachment":[{"href":"https:\/\/patternhof.de\/index.php?rest_route=%2Fwp%2Fv2%2Fmedia&parent=10857"}],"curies":[{"name":"wp","href":"https:\/\/api.w.org\/{rel}","templated":true}]}}